{"id":1391,"date":"2018-09-26T17:20:17","date_gmt":"2018-09-26T17:20:17","guid":{"rendered":"https:\/\/www.gruetzi.es\/quien\/"},"modified":"2019-12-17T12:58:09","modified_gmt":"2019-12-17T12:58:09","slug":"agencia-publicitat-web-seo-dissenyadors-grafics-barcelona-qui","status":"publish","type":"page","link":"https:\/\/www.gruetzi.es\/ca\/agencia-publicitat-web-seo-dissenyadors-grafics-barcelona-qui\/","title":{"rendered":"QUI"},"content":{"rendered":"<div class=\"wpb-content-wrapper\">[vc_row full_width=&#8221;stretch_row_content_no_spaces&#8221; content_placement=&#8221;middle&#8221; el_class=&#8221;whow&#8221;][vc_column][vc_row_inner el_class=&#8221;container&#8221;][vc_column_inner][vc_empty_space el_class=&#8221;visible-xs-block&#8221;][vc_column_text el_class=&#8221;line_18 lletra_gran font_italic&#8221;]<\/p>\n<p class=\"titular\" style=\"text-align: center;\">Gruetzi \u00b7 A Barcelona, ag\u00e8ncia de publicitat, disseny gr\u00e0fic i desenvolupament web.<br \/>\nPer\u00f2 en algun pa\u00eds no gaire\u00a0lluny\u00e0, \u201cgruetzi\u201d significa \u201chola\u201d.<\/p>\n<p style=\"text-align: center;\">A Gruetzi iniciem la comunicaci\u00f3 amb aquest p\u00fablic que un dia portar\u00e0<br \/>\nuna alegria al departament de m\u00e0rqueting per complir els seus objectius, arribar\u00e0<br \/>\na l&#8217;orella del director o directora general, que no podr\u00e0 dissimular el somriure<br \/>\nde satisfacci\u00f3 pel treball ben fet del seu equip.<br \/>\nAlg\u00fa informar\u00e0 de la not\u00edcia a Gruetzi i aix\u00ed, aquest dia, tots serem una mica m\u00e9s feli\u00e7os.<\/p>\n<p style=\"text-align: center;\">Treballem PER A les marques, AMB els nostres clients. Som l&#8217;ag\u00e8ncia de<br \/>\npublicitat amb tot i sense ximpleries. Perqu\u00e8 sabem que l&#8217;objectiu final<br \/>\ndels nostres clients \u00e9s: VENDRE.<\/p>\n<p style=\"text-align: center;\">I com aconseguim aquest gran objectiu?<br \/>\nA trav\u00e9s de la gesti\u00f3 i comprensi\u00f3 de la marca en el seu conjunt, de la<br \/>\nseva ess\u00e8ncia i personalitat. Perqu\u00e8 avui, m\u00e9s que mai, les marques estableixen<br \/>\ncontacte directe amb el seu p\u00fablic i el seu p\u00fablic amb elles. Per aix\u00f2, compten<br \/>\namb ments creatives sempre en marxa.<\/p>\n<p style=\"text-align: center;\">Per unes empreses m\u00e9s felices.<\/p>\n<p>[\/vc_column_text][vc_column_text]<\/p>\n<div class=\"rota6 font_italic font_50 font_black\" style=\"text-align: center;\"><em>GRUETZI!<\/em><\/div>\n<div class=\"rota6 font_italic\" style=\"text-align: center;\">The happiest advertising agency in the world<\/div>\n<p>[\/vc_column_text][vc_empty_space height=&#8221;82px&#8221;][\/vc_column_inner][\/vc_row_inner][\/vc_column][\/vc_row]<\/p><\/div>\n","protected":false},"excerpt":{"rendered":"<p>[vc_row full_width=&#8221;stretch_row_content_no_spaces&#8221; content_placement=&#8221;middle&#8221; el_class=&#8221;whow&#8221;][vc_column][vc_row_inner el_class=&#8221;container&#8221;][vc_column_inner][vc_empty_space el_class=&#8221;visible-xs-block&#8221;][vc_column_text el_class=&#8221;line_18 lletra_gran font_italic&#8221;] Gruetzi \u00b7 A Barcelona, ag\u00e8ncia de publicitat, disseny gr\u00e0fic i desenvolupament web. Per\u00f2 en algun pa\u00eds no gaire\u00a0lluny\u00e0, \u201cgruetzi\u201d significa \u201chola\u201d. A Gruetzi iniciem la comunicaci\u00f3 amb aquest p\u00fablic que un dia portar\u00e0 una alegria al departament de m\u00e0rqueting per complir els seus objectius, arribar\u00e0 a &#8230; <br \/><a class=\"read-more\" href=\"https:\/\/www.gruetzi.es\/ca\/agencia-publicitat-web-seo-dissenyadors-grafics-barcelona-qui\/\">Read More<\/a><\/p>\n","protected":false},"author":1,"featured_media":0,"parent":0,"menu_order":0,"comment_status":"closed","ping_status":"closed","template":"","meta":{"_acf_changed":false,"inline_featured_image":false,"_monsterinsights_skip_tracking":false,"_monsterinsights_sitenote_active":false,"_monsterinsights_sitenote_note":"","_monsterinsights_sitenote_category":0,"footnotes":""},"class_list":["post-1391","page","type-page","status-publish","hentry"],"acf":[],"yoast_head":"<!-- This site is optimized with the Yoast SEO plugin v27.4 - https:\/\/yoast.com\/product\/yoast-seo-wordpress\/ -->\n<title>QUI - Gruetzi, agencia creativa de publicidad, desarrollo web, seo\/sem, dise\u00f1o gr\u00e1fico en Barcelona<\/title>\n<meta name=\"description\" content=\"Ag\u00e8ncia creativa de publicitat, desenvolupament web, seo \/ sem i disseny gr\u00e0fic a Barcelona. Amb un clar objectiu envers els nostres clients: Vendre +.\" \/>\n<meta name=\"robots\" content=\"index, follow, max-snippet:-1, max-image-preview:large, max-video-preview:-1\" \/>\n<link rel=\"canonical\" href=\"https:\/\/www.gruetzi.es\/ca\/agencia-publicitat-web-seo-dissenyadors-grafics-barcelona-qui\/\" \/>\n<meta property=\"og:locale\" content=\"ca_ES\" \/>\n<meta property=\"og:type\" content=\"article\" \/>\n<meta property=\"og:title\" content=\"QUI - Gruetzi, agencia creativa de publicidad, desarrollo web, seo\/sem, dise\u00f1o gr\u00e1fico en Barcelona\" \/>\n<meta property=\"og:description\" content=\"Ag\u00e8ncia creativa de publicitat, desenvolupament web, seo \/ sem i disseny gr\u00e0fic a Barcelona. Amb un clar objectiu envers els nostres clients: Vendre +.\" \/>\n<meta property=\"og:url\" content=\"https:\/\/www.gruetzi.es\/ca\/agencia-publicitat-web-seo-dissenyadors-grafics-barcelona-qui\/\" \/>\n<meta property=\"og:site_name\" content=\"Gruetzi, agencia creativa de publicidad, desarrollo web, seo\/sem, dise\u00f1o gr\u00e1fico en Barcelona\" \/>\n<meta property=\"article:modified_time\" content=\"2019-12-17T12:58:09+00:00\" \/>\n<meta name=\"twitter:card\" content=\"summary_large_image\" \/>\n<meta name=\"twitter:label1\" content=\"Temps estimat de lectura\" \/>\n\t<meta name=\"twitter:data1\" content=\"1 minut\" \/>\n<!-- \/ Yoast SEO plugin. -->","yoast_head_json":{"title":"QUI - Gruetzi, agencia creativa de publicidad, desarrollo web, seo\/sem, dise\u00f1o gr\u00e1fico en Barcelona","description":"Ag\u00e8ncia creativa de publicitat, desenvolupament web, seo \/ sem i disseny gr\u00e0fic a Barcelona. Amb un clar objectiu envers els nostres clients: Vendre +.","robots":{"index":"index","follow":"follow","max-snippet":"max-snippet:-1","max-image-preview":"max-image-preview:large","max-video-preview":"max-video-preview:-1"},"canonical":"https:\/\/www.gruetzi.es\/ca\/agencia-publicitat-web-seo-dissenyadors-grafics-barcelona-qui\/","og_locale":"ca_ES","og_type":"article","og_title":"QUI - Gruetzi, agencia creativa de publicidad, desarrollo web, seo\/sem, dise\u00f1o gr\u00e1fico en Barcelona","og_description":"Ag\u00e8ncia creativa de publicitat, desenvolupament web, seo \/ sem i disseny gr\u00e0fic a Barcelona. Amb un clar objectiu envers els nostres clients: Vendre +.","og_url":"https:\/\/www.gruetzi.es\/ca\/agencia-publicitat-web-seo-dissenyadors-grafics-barcelona-qui\/","og_site_name":"Gruetzi, agencia creativa de publicidad, desarrollo web, seo\/sem, dise\u00f1o gr\u00e1fico en Barcelona","article_modified_time":"2019-12-17T12:58:09+00:00","twitter_card":"summary_large_image","twitter_misc":{"Temps estimat de lectura":"1 minut"},"schema":{"@context":"https:\/\/schema.org","@graph":[{"@type":"WebPage","@id":"https:\/\/www.gruetzi.es\/ca\/agencia-publicitat-web-seo-dissenyadors-grafics-barcelona-qui\/","url":"https:\/\/www.gruetzi.es\/ca\/agencia-publicitat-web-seo-dissenyadors-grafics-barcelona-qui\/","name":"QUI - Gruetzi, agencia creativa de publicidad, desarrollo web, seo\/sem, dise\u00f1o gr\u00e1fico en Barcelona","isPartOf":{"@id":"https:\/\/www.gruetzi.es\/#website"},"datePublished":"2018-09-26T17:20:17+00:00","dateModified":"2019-12-17T12:58:09+00:00","description":"Ag\u00e8ncia creativa de publicitat, desenvolupament web, seo \/ sem i disseny gr\u00e0fic a Barcelona. Amb un clar objectiu envers els nostres clients: Vendre +.","breadcrumb":{"@id":"https:\/\/www.gruetzi.es\/ca\/agencia-publicitat-web-seo-dissenyadors-grafics-barcelona-qui\/#breadcrumb"},"inLanguage":"ca","potentialAction":[{"@type":"ReadAction","target":["https:\/\/www.gruetzi.es\/ca\/agencia-publicitat-web-seo-dissenyadors-grafics-barcelona-qui\/"]}]},{"@type":"BreadcrumbList","@id":"https:\/\/www.gruetzi.es\/ca\/agencia-publicitat-web-seo-dissenyadors-grafics-barcelona-qui\/#breadcrumb","itemListElement":[{"@type":"ListItem","position":1,"name":"Portada","item":"https:\/\/www.gruetzi.es\/ca\/"},{"@type":"ListItem","position":2,"name":"QUI"}]},{"@type":"WebSite","@id":"https:\/\/www.gruetzi.es\/#website","url":"https:\/\/www.gruetzi.es\/","name":"Gruetzi, agencia creativa de publicidad, desarrollo web, seo\/sem, dise\u00f1o gr\u00e1fico en Barcelona","description":"Gruetzi, agencia creativa de publicidad, desarrollo web, seo\/sem, dise\u00f1o gr\u00e1fico en Barcelona","potentialAction":[{"@type":"SearchAction","target":{"@type":"EntryPoint","urlTemplate":"https:\/\/www.gruetzi.es\/?s={search_term_string}"},"query-input":{"@type":"PropertyValueSpecification","valueRequired":true,"valueName":"search_term_string"}}],"inLanguage":"ca"}]}},"_links":{"self":[{"href":"https:\/\/www.gruetzi.es\/ca\/wp-json\/wp\/v2\/pages\/1391","targetHints":{"allow":["GET"]}}],"collection":[{"href":"https:\/\/www.gruetzi.es\/ca\/wp-json\/wp\/v2\/pages"}],"about":[{"href":"https:\/\/www.gruetzi.es\/ca\/wp-json\/wp\/v2\/types\/page"}],"author":[{"embeddable":true,"href":"https:\/\/www.gruetzi.es\/ca\/wp-json\/wp\/v2\/users\/1"}],"replies":[{"embeddable":true,"href":"https:\/\/www.gruetzi.es\/ca\/wp-json\/wp\/v2\/comments?post=1391"}],"version-history":[{"count":1,"href":"https:\/\/www.gruetzi.es\/ca\/wp-json\/wp\/v2\/pages\/1391\/revisions"}],"predecessor-version":[{"id":1689,"href":"https:\/\/www.gruetzi.es\/ca\/wp-json\/wp\/v2\/pages\/1391\/revisions\/1689"}],"wp:attachment":[{"href":"https:\/\/www.gruetzi.es\/ca\/wp-json\/wp\/v2\/media?parent=1391"}],"curies":[{"name":"wp","href":"https:\/\/api.w.org\/{rel}","templated":true}]}}