{"id":1395,"date":"2018-09-26T17:21:24","date_gmt":"2018-09-26T17:21:24","guid":{"rendered":"https:\/\/www.gruetzi.es\/que\/"},"modified":"2019-12-16T15:51:43","modified_gmt":"2019-12-16T15:51:43","slug":"agencia-publicitat-web-seo-dissenyadors-grafics-barcelona-que","status":"publish","type":"page","link":"https:\/\/www.gruetzi.es\/ca\/agencia-publicitat-web-seo-dissenyadors-grafics-barcelona-que\/","title":{"rendered":"QU\u00c8"},"content":{"rendered":"<div class=\"wpb-content-wrapper\">[vc_row full_width=&#8221;stretch_row_content_no_spaces&#8221; content_placement=&#8221;middle&#8221; el_class=&#8221;whow&#8221;][vc_column][vc_row_inner el_class=&#8221;container&#8221;][vc_column_inner][vc_empty_space el_class=&#8221;visible-xs-block&#8221;][vc_column_text el_class=&#8221;line_18 lletra_gran&#8221; css=&#8221;.vc_custom_1564056138136{margin-bottom: 0px !important;padding-bottom: 0px !important;}&#8221;]<\/p>\n<p style=\"text-align: center;\">A Gruetzi t&#8217;oferim aquests serveis:<\/p>\n<p>[\/vc_column_text][\/vc_column_inner][\/vc_row_inner][\/vc_column][\/vc_row][vc_row css=&#8221;.vc_custom_1569249521904{padding-bottom: 50px !important;}&#8221;][vc_column width=&#8221;1\/6&#8243;][vc_single_image image=&#8221;408&#8243; img_size=&#8221;40&#215;40&#8243; alignment=&#8221;right&#8221;][\/vc_column][vc_column width=&#8221;5\/6&#8243;][vc_column_text css=&#8221;.vc_custom_1569249367471{margin-bottom: 55px !important;}&#8221;]<\/p>\n<h3 class=\"font_primary font_black margin_top_0 margin_bottom_20\">Publicitat + PLV<\/h3>\n<p>Especialistes a convertir 0,6237 m\u00b2 d&#8217;espai i 30\u201d de temps en la felicitat de les marques.<br \/>\nNo fem m\u00e0gia, ni miracles, sin\u00f3 100% creativitat per respondre als seus objectius.[\/vc_column_text][vc_row_inner][vc_column_inner width=&#8221;1\/3&#8243;][vc_column_text]<\/p>\n<ul class=\"serveis\">\n<li><strong>Anuncis per a premsa<\/strong><\/li>\n<li><strong>Falques de r\u00e0dio<\/strong><\/li>\n<\/ul>\n<p>[\/vc_column_text][\/vc_column_inner][vc_column_inner width=&#8221;1\/3&#8243;][vc_column_text]<\/p>\n<ul class=\"serveis\">\n<li><strong>Spots de televisi\u00f3<\/strong><\/li>\n<li><strong>Publicitat exterior<\/strong><\/li>\n<\/ul>\n<p>[\/vc_column_text][\/vc_column_inner][vc_column_inner width=&#8221;1\/3&#8243;][vc_column_text]<\/p>\n<ul class=\"serveis\">\n<li><strong>Expositors i displays<br \/>\n<\/strong><\/li>\n<li><strong>Fullets i cat\u00e0legs<\/strong><\/li>\n<\/ul>\n<p>[\/vc_column_text][\/vc_column_inner][\/vc_row_inner][\/vc_column][\/vc_row][vc_row css=&#8221;.vc_custom_1569249514758{padding-bottom: 50px !important;}&#8221;][vc_column width=&#8221;1\/6&#8243;][vc_single_image image=&#8221;1267&#8243; img_size=&#8221;40&#215;40&#8243; alignment=&#8221;right&#8221;][\/vc_column][vc_column width=&#8221;5\/6&#8243;][vc_column_text]<\/p>\n<h3 class=\"font_primary font_black margin_top_0 margin_bottom_20\">Identitat<\/h3>\n<p>Experts en la gesti\u00f3 de marques.<br \/>\nLes creem, els hi donem nom, les vestim, les acaronem, les canviem, les girem, les mirem i, sobretot, sobretot, les estimem.[\/vc_column_text][vc_row_inner][vc_column_inner width=&#8221;1\/3&#8243;][vc_column_text]<\/p>\n<ul class=\"serveis\">\n<li><strong>Naming<\/strong><\/li>\n<li><strong>Manual d&#8217;identitat corporativa<br \/>\n<\/strong><\/li>\n<\/ul>\n<p>[\/vc_column_text][\/vc_column_inner][vc_column_inner width=&#8221;1\/3&#8243;][vc_column_text]<\/p>\n<ul class=\"serveis\">\n<li><strong>Presentacions multim\u00e8dia<\/strong><\/li>\n<li><strong>Packaging<\/strong><\/li>\n<\/ul>\n<p>[\/vc_column_text][\/vc_column_inner][vc_column_inner width=&#8221;1\/3&#8243;][\/vc_column_inner][\/vc_row_inner][\/vc_column][\/vc_row][vc_row css=&#8221;.vc_custom_1547312981992{padding-bottom: 50px !important;}&#8221;][vc_column width=&#8221;1\/6&#8243;][vc_single_image image=&#8221;1269&#8243; img_size=&#8221;40&#215;40&#8243; alignment=&#8221;right&#8221;][\/vc_column][vc_column width=&#8221;5\/6&#8243;][vc_column_text]<\/p>\n<h3 class=\"font_primary font_black margin_top_0 margin_bottom_20\">Online<\/h3>\n<p>Xarxers de vocaci\u00f3.<br \/>\nTreballem la pres\u00e8ncia de les marques a la xarxa perqu\u00e8 se sentin com a peixos a l&#8217;aigua i siguin visibles per tots els navegants.[\/vc_column_text][vc_row_inner][vc_column_inner width=&#8221;1\/3&#8243;][vc_column_text]<\/p>\n<ul class=\"serveis\">\n<li><strong>P\u00e0gines web, disseny, programaci\u00f3<\/strong><\/li>\n<li><strong>Redacci\u00f3 de contingut<\/strong><\/li>\n<\/ul>\n<p>[\/vc_column_text][\/vc_column_inner][vc_column_inner width=&#8221;1\/3&#8243;][vc_column_text]<\/p>\n<ul class=\"serveis\">\n<li><strong>Xarxes socials<\/strong><\/li>\n<li><strong>E-mailings<\/strong><\/li>\n<\/ul>\n<p>[\/vc_column_text][\/vc_column_inner][vc_column_inner width=&#8221;1\/3&#8243;][vc_column_text]<\/p>\n<ul class=\"serveis\">\n<li><strong>Botigues online<\/strong><\/li>\n<\/ul>\n<p>[\/vc_column_text][\/vc_column_inner][\/vc_row_inner][\/vc_column][\/vc_row][vc_row css=&#8221;.vc_custom_1573830737825{padding-bottom: 150px !important;}&#8221;][vc_column width=&#8221;1\/6&#8243;][vc_single_image image=&#8221;1271&#8243; img_size=&#8221;40&#215;40&#8243; alignment=&#8221;right&#8221;][\/vc_column][vc_column width=&#8221;5\/6&#8243;][vc_column_text css=&#8221;.vc_custom_1569249386752{margin-bottom: 55px !important;}&#8221;]<\/p>\n<h3 class=\"font_primary font_black margin_top_0 margin_bottom_20\">SEO \/ SEM<\/h3>\n<p>Escaladors professionals en cercadors.<br \/>\nTreballem per a que les p\u00e0gines web siguin visibles a internet, obtinguin les primeres posicions i aconsegueixin un nombre alt de visites.[\/vc_column_text][vc_row_inner][vc_column_inner width=&#8221;1\/3&#8243;][vc_column_text]<\/p>\n<ul class=\"serveis\">\n<li><strong>Posicionament natural en cercadors<br \/>\n<\/strong><\/li>\n<\/ul>\n<p>[\/vc_column_text][\/vc_column_inner][vc_column_inner width=&#8221;1\/3&#8243;][vc_column_text]<\/p>\n<ul class=\"serveis\">\n<li><strong>Publicitat en cercadors (estrat\u00e8gia, planificaci\u00f3, <\/strong><strong>creativitat, disseny, <\/strong><strong>gesti\u00f3 i seguiment)<br \/>\n<\/strong><\/li>\n<\/ul>\n<p>[\/vc_column_text][\/vc_column_inner][vc_column_inner width=&#8221;1\/3&#8243;][\/vc_column_inner][\/vc_row_inner][\/vc_column][\/vc_row]<\/p><\/div>\n","protected":false},"excerpt":{"rendered":"<p>[vc_row full_width=&#8221;stretch_row_content_no_spaces&#8221; content_placement=&#8221;middle&#8221; el_class=&#8221;whow&#8221;][vc_column][vc_row_inner el_class=&#8221;container&#8221;][vc_column_inner][vc_empty_space el_class=&#8221;visible-xs-block&#8221;][vc_column_text el_class=&#8221;line_18 lletra_gran&#8221; css=&#8221;.vc_custom_1564056138136{margin-bottom: 0px !important;padding-bottom: 0px !important;}&#8221;] A Gruetzi t&#8217;oferim aquests serveis: [\/vc_column_text][\/vc_column_inner][\/vc_row_inner][\/vc_column][\/vc_row][vc_row css=&#8221;.vc_custom_1569249521904{padding-bottom: 50px !important;}&#8221;][vc_column width=&#8221;1\/6&#8243;][vc_single_image image=&#8221;408&#8243; img_size=&#8221;40&#215;40&#8243; alignment=&#8221;right&#8221;][\/vc_column][vc_column width=&#8221;5\/6&#8243;][vc_column_text css=&#8221;.vc_custom_1569249367471{margin-bottom: 55px !important;}&#8221;] Publicitat + PLV Especialistes a convertir 0,6237 m\u00b2 d&#8217;espai i 30\u201d de temps en la felicitat de les marques. No fem m\u00e0gia, ni miracles, sin\u00f3 &#8230; <br \/><a class=\"read-more\" href=\"https:\/\/www.gruetzi.es\/ca\/agencia-publicitat-web-seo-dissenyadors-grafics-barcelona-que\/\">Read More<\/a><\/p>\n","protected":false},"author":1,"featured_media":0,"parent":0,"menu_order":0,"comment_status":"closed","ping_status":"closed","template":"","meta":{"_acf_changed":false,"inline_featured_image":false,"_monsterinsights_skip_tracking":false,"_monsterinsights_sitenote_active":false,"_monsterinsights_sitenote_note":"","_monsterinsights_sitenote_category":0,"footnotes":""},"class_list":["post-1395","page","type-page","status-publish","hentry"],"acf":[],"yoast_head":"<!-- This site is optimized with the Yoast SEO plugin v27.5 - https:\/\/yoast.com\/product\/yoast-seo-wordpress\/ -->\n<title>QU\u00c8 - Gruetzi, agencia creativa de publicidad, desarrollo web, seo\/sem, dise\u00f1o gr\u00e1fico en Barcelona<\/title>\n<meta name=\"description\" content=\"Creativitat publicit\u00e0ria, desenvolupament de p\u00e0gines web, SEO (posicionament natural en cercadors) i SEM, m\u00e0rqueting en l\u00ednia, disseny gr\u00e0fic...\" \/>\n<meta name=\"robots\" content=\"index, follow, max-snippet:-1, max-image-preview:large, max-video-preview:-1\" \/>\n<link rel=\"canonical\" href=\"https:\/\/www.gruetzi.es\/ca\/agencia-publicitat-web-seo-dissenyadors-grafics-barcelona-que\/\" \/>\n<meta property=\"og:locale\" content=\"ca_ES\" \/>\n<meta property=\"og:type\" content=\"article\" \/>\n<meta property=\"og:title\" content=\"QU\u00c8 - Gruetzi, agencia creativa de publicidad, desarrollo web, seo\/sem, dise\u00f1o gr\u00e1fico en Barcelona\" \/>\n<meta property=\"og:description\" content=\"Creativitat publicit\u00e0ria, desenvolupament de p\u00e0gines web, SEO (posicionament natural en cercadors) i SEM, m\u00e0rqueting en l\u00ednia, disseny gr\u00e0fic...\" \/>\n<meta property=\"og:url\" content=\"https:\/\/www.gruetzi.es\/ca\/agencia-publicitat-web-seo-dissenyadors-grafics-barcelona-que\/\" \/>\n<meta property=\"og:site_name\" content=\"Gruetzi, agencia creativa de publicidad, desarrollo web, seo\/sem, dise\u00f1o gr\u00e1fico en Barcelona\" \/>\n<meta property=\"article:modified_time\" content=\"2019-12-16T15:51:43+00:00\" \/>\n<meta name=\"twitter:card\" content=\"summary_large_image\" \/>\n<meta name=\"twitter:label1\" content=\"Temps estimat de lectura\" \/>\n\t<meta name=\"twitter:data1\" content=\"3 minuts\" \/>\n<!-- \/ Yoast SEO plugin. -->","yoast_head_json":{"title":"QU\u00c8 - Gruetzi, agencia creativa de publicidad, desarrollo web, seo\/sem, dise\u00f1o gr\u00e1fico en Barcelona","description":"Creativitat publicit\u00e0ria, desenvolupament de p\u00e0gines web, SEO (posicionament natural en cercadors) i SEM, m\u00e0rqueting en l\u00ednia, disseny gr\u00e0fic...","robots":{"index":"index","follow":"follow","max-snippet":"max-snippet:-1","max-image-preview":"max-image-preview:large","max-video-preview":"max-video-preview:-1"},"canonical":"https:\/\/www.gruetzi.es\/ca\/agencia-publicitat-web-seo-dissenyadors-grafics-barcelona-que\/","og_locale":"ca_ES","og_type":"article","og_title":"QU\u00c8 - Gruetzi, agencia creativa de publicidad, desarrollo web, seo\/sem, dise\u00f1o gr\u00e1fico en Barcelona","og_description":"Creativitat publicit\u00e0ria, desenvolupament de p\u00e0gines web, SEO (posicionament natural en cercadors) i SEM, m\u00e0rqueting en l\u00ednia, disseny gr\u00e0fic...","og_url":"https:\/\/www.gruetzi.es\/ca\/agencia-publicitat-web-seo-dissenyadors-grafics-barcelona-que\/","og_site_name":"Gruetzi, agencia creativa de publicidad, desarrollo web, seo\/sem, dise\u00f1o gr\u00e1fico en Barcelona","article_modified_time":"2019-12-16T15:51:43+00:00","twitter_card":"summary_large_image","twitter_misc":{"Temps estimat de lectura":"3 minuts"},"schema":{"@context":"https:\/\/schema.org","@graph":[{"@type":"WebPage","@id":"https:\/\/www.gruetzi.es\/ca\/agencia-publicitat-web-seo-dissenyadors-grafics-barcelona-que\/","url":"https:\/\/www.gruetzi.es\/ca\/agencia-publicitat-web-seo-dissenyadors-grafics-barcelona-que\/","name":"QU\u00c8 - Gruetzi, agencia creativa de publicidad, desarrollo web, seo\/sem, dise\u00f1o gr\u00e1fico en Barcelona","isPartOf":{"@id":"https:\/\/www.gruetzi.es\/#website"},"datePublished":"2018-09-26T17:21:24+00:00","dateModified":"2019-12-16T15:51:43+00:00","description":"Creativitat publicit\u00e0ria, desenvolupament de p\u00e0gines web, SEO (posicionament natural en cercadors) i SEM, m\u00e0rqueting en l\u00ednia, disseny gr\u00e0fic...","breadcrumb":{"@id":"https:\/\/www.gruetzi.es\/ca\/agencia-publicitat-web-seo-dissenyadors-grafics-barcelona-que\/#breadcrumb"},"inLanguage":"ca","potentialAction":[{"@type":"ReadAction","target":["https:\/\/www.gruetzi.es\/ca\/agencia-publicitat-web-seo-dissenyadors-grafics-barcelona-que\/"]}]},{"@type":"BreadcrumbList","@id":"https:\/\/www.gruetzi.es\/ca\/agencia-publicitat-web-seo-dissenyadors-grafics-barcelona-que\/#breadcrumb","itemListElement":[{"@type":"ListItem","position":1,"name":"Portada","item":"https:\/\/www.gruetzi.es\/ca\/"},{"@type":"ListItem","position":2,"name":"QU\u00c8"}]},{"@type":"WebSite","@id":"https:\/\/www.gruetzi.es\/#website","url":"https:\/\/www.gruetzi.es\/","name":"Gruetzi, agencia creativa de publicidad, desarrollo web, seo\/sem, dise\u00f1o gr\u00e1fico en Barcelona","description":"Gruetzi, agencia creativa de publicidad, desarrollo web, seo\/sem, dise\u00f1o gr\u00e1fico en Barcelona","potentialAction":[{"@type":"SearchAction","target":{"@type":"EntryPoint","urlTemplate":"https:\/\/www.gruetzi.es\/?s={search_term_string}"},"query-input":{"@type":"PropertyValueSpecification","valueRequired":true,"valueName":"search_term_string"}}],"inLanguage":"ca"}]}},"_links":{"self":[{"href":"https:\/\/www.gruetzi.es\/ca\/wp-json\/wp\/v2\/pages\/1395","targetHints":{"allow":["GET"]}}],"collection":[{"href":"https:\/\/www.gruetzi.es\/ca\/wp-json\/wp\/v2\/pages"}],"about":[{"href":"https:\/\/www.gruetzi.es\/ca\/wp-json\/wp\/v2\/types\/page"}],"author":[{"embeddable":true,"href":"https:\/\/www.gruetzi.es\/ca\/wp-json\/wp\/v2\/users\/1"}],"replies":[{"embeddable":true,"href":"https:\/\/www.gruetzi.es\/ca\/wp-json\/wp\/v2\/comments?post=1395"}],"version-history":[{"count":1,"href":"https:\/\/www.gruetzi.es\/ca\/wp-json\/wp\/v2\/pages\/1395\/revisions"}],"predecessor-version":[{"id":1546,"href":"https:\/\/www.gruetzi.es\/ca\/wp-json\/wp\/v2\/pages\/1395\/revisions\/1546"}],"wp:attachment":[{"href":"https:\/\/www.gruetzi.es\/ca\/wp-json\/wp\/v2\/media?parent=1395"}],"curies":[{"name":"wp","href":"https:\/\/api.w.org\/{rel}","templated":true}]}}