{"id":1397,"date":"2018-09-26T17:20:45","date_gmt":"2018-09-26T17:20:45","guid":{"rendered":"https:\/\/www.gruetzi.es\/enviar-cv\/"},"modified":"2019-12-17T12:41:04","modified_gmt":"2019-12-17T12:41:04","slug":"agencia-publicitat-web-seo-dissenyadors-grafics-barcelona-enviar-cv","status":"publish","type":"page","link":"https:\/\/www.gruetzi.es\/ca\/agencia-publicitat-web-seo-dissenyadors-grafics-barcelona-enviar-cv\/","title":{"rendered":"Enviar CV"},"content":{"rendered":"<div class=\"wpb-content-wrapper\">[vc_row content_placement=&#8221;middle&#8221; el_class=&#8221;container10&#8243;][vc_column][vc_row_inner css=&#8221;.vc_custom_1571153580973{padding-top: 50px !important;}&#8221;][vc_column_inner][vc_column_text]<\/p>\n<h2 style=\"text-align: center;\">Envia&#8217;ns el teu <i>CV<\/i><\/h2>\n<p style=\"text-align: center;\">Si vols treballar amb nosaltres pots adjuntar-nos el teu curr\u00edculum en format .pdf<br \/>\ni en cas de trobar-nos en un proc\u00e9s de selecci\u00f3, ens posarem en contacte amb tu.<\/p>\n<p>[\/vc_column_text][\/vc_column_inner][\/vc_row_inner][vc_row_inner][vc_column_inner width=&#8221;1\/6&#8243;][\/vc_column_inner][vc_column_inner width=&#8221;2\/3&#8243;][vc_column_text]<\/p>\n<div class=\"wpcf7 no-js\" id=\"wpcf7-f1496-o1\" lang=\"es-ES\" dir=\"ltr\" data-wpcf7-id=\"1496\">\n<div class=\"screen-reader-response\">\n<p role=\"status\" aria-live=\"polite\" aria-atomic=\"true\">\n<ul><\/ul>\n<\/div>\n<form action=\"\/ca\/wp-json\/wp\/v2\/pages\/1397#wpcf7-f1496-o1\" method=\"post\" class=\"wpcf7-form init\" aria-label=\"Formulario de contacto\" enctype=\"multipart\/form-data\" novalidate=\"novalidate\" data-status=\"init\">\n<fieldset class=\"hidden-fields-container\"><input type=\"hidden\" name=\"_wpcf7\" value=\"1496\" \/><input type=\"hidden\" name=\"_wpcf7_version\" value=\"6.1.5\" \/><input type=\"hidden\" name=\"_wpcf7_locale\" value=\"es_ES\" \/><input type=\"hidden\" name=\"_wpcf7_unit_tag\" value=\"wpcf7-f1496-o1\" \/><input type=\"hidden\" name=\"_wpcf7_container_post\" value=\"0\" \/><input type=\"hidden\" name=\"_wpcf7_posted_data_hash\" value=\"\" \/><input type=\"hidden\" name=\"_wpcf7_recaptcha_response\" value=\"\" \/><br \/>\n<\/fieldset>\n<div class=\"row\">\n<div class=\"col-sm-6\">\n<p><label><span class=\"wpcf7-form-control-wrap\" data-name=\"your-name\"><input size=\"40\" maxlength=\"400\" class=\"wpcf7-form-control wpcf7-text wpcf7-validates-as-required\" aria-required=\"true\" aria-invalid=\"false\" placeholder=\"Nom i cognoms*\" value=\"\" type=\"text\" name=\"your-name\" \/><\/span> <\/label><br \/>\n<label><span class=\"wpcf7-form-control-wrap\" data-name=\"your-email\"><input size=\"40\" maxlength=\"400\" class=\"wpcf7-form-control wpcf7-email wpcf7-validates-as-required wpcf7-text wpcf7-validates-as-email\" aria-required=\"true\" aria-invalid=\"false\" placeholder=\"Email*\" value=\"\" type=\"email\" name=\"your-email\" \/><\/span> <\/label><br \/>\n<label><span class=\"wpcf7-form-control-wrap\" data-name=\"curriculum\"><input size=\"40\" class=\"wpcf7-form-control wpcf7-file\" accept=\"audio\/*,video\/*,image\/*\" aria-invalid=\"false\" type=\"file\" name=\"curriculum\" \/><\/span> <\/label>\n\t\t<\/p>\n<\/p><\/div>\n<div class=\"col-sm-6\">\n<p><label><span class=\"wpcf7-form-control-wrap\" data-name=\"your-message\"><textarea cols=\"40\" rows=\"10\" maxlength=\"2000\" class=\"wpcf7-form-control wpcf7-textarea\" aria-invalid=\"false\" placeholder=\"Missatge*\" name=\"your-message\"><\/textarea><\/span> <\/label><br \/>\n<span class=\"wpcf7-form-control-wrap\" data-name=\"acceptance-256\"><span class=\"wpcf7-form-control wpcf7-acceptance\"><span class=\"wpcf7-list-item\"><label><input type=\"checkbox\" name=\"acceptance-256\" value=\"1\" aria-invalid=\"false\" \/><span class=\"wpcf7-list-item-label\">He llegit y accepto la <a href=\"\/ca\/politica-de-privacitat\/\" target=\"_blank\">pol\u00edtica de privacitat i l'av\u00eds legal<\/a><\/span><\/label><\/span><\/span><\/span>\n\t\t<\/p>\n<\/p><\/div>\n<\/div>\n<p>&nbsp;\n<\/p>\n<p>&nbsp;\n<\/p>\n<div class=\"text-center\">\n<p><input class=\"wpcf7-form-control wpcf7-submit has-spinner\" id=\"submit\" type=\"submit\" value=\"Enviar CV\" \/>\n\t<\/p>\n<\/div>\n<div class=\"wpcf7-response-output\" aria-hidden=\"true\"><\/div>\n<\/form>\n<\/div>\n<p>[\/vc_column_text][\/vc_column_inner][vc_column_inner width=&#8221;1\/6&#8243;][\/vc_column_inner][\/vc_row_inner][vc_row_inner el_id=&#8221;submitrow&#8221;][vc_column_inner][\/vc_column_inner][\/vc_row_inner][vc_row_inner][vc_column_inner el_class=&#8221;social&#8221;][vc_empty_space height=&#8221;40px&#8221;][vc_column_text]<\/p>\n<p style=\"text-align: center;\"><strong>SOCIAL<\/strong><\/p>\n<div style=\"text-align: center;\"><i class=\"fa fa-facebook\"><\/i><br \/>\n<i class=\"fa fa-twitter\"><\/i><br \/>\n<i class=\"fa fa-pinterest\"><\/i><\/div>\n<p>[\/vc_column_text][\/vc_column_inner][\/vc_row_inner][\/vc_column][\/vc_row]<\/p><\/div>\n","protected":false},"excerpt":{"rendered":"<p>[vc_row content_placement=&#8221;middle&#8221; el_class=&#8221;container10&#8243;][vc_column][vc_row_inner css=&#8221;.vc_custom_1571153580973{padding-top: 50px !important;}&#8221;][vc_column_inner][vc_column_text] Envia&#8217;ns el teu CV Si vols treballar amb nosaltres pots adjuntar-nos el teu curr\u00edculum en format .pdf i en cas de trobar-nos en un proc\u00e9s de selecci\u00f3, ens posarem en contacte amb tu. [\/vc_column_text][\/vc_column_inner][\/vc_row_inner][vc_row_inner][vc_column_inner width=&#8221;1\/6&#8243;][\/vc_column_inner][vc_column_inner width=&#8221;2\/3&#8243;][vc_column_text][\/vc_column_text][\/vc_column_inner][vc_column_inner width=&#8221;1\/6&#8243;][\/vc_column_inner][\/vc_row_inner][vc_row_inner el_id=&#8221;submitrow&#8221;][vc_column_inner][\/vc_column_inner][\/vc_row_inner][vc_row_inner][vc_column_inner el_class=&#8221;social&#8221;][vc_empty_space height=&#8221;40px&#8221;][vc_column_text] SOCIAL [\/vc_column_text][\/vc_column_inner][\/vc_row_inner][\/vc_column][\/vc_row]<\/p>\n","protected":false},"author":1,"featured_media":0,"parent":0,"menu_order":0,"comment_status":"closed","ping_status":"closed","template":"page-curriculum.php","meta":{"_acf_changed":false,"inline_featured_image":false,"_monsterinsights_skip_tracking":false,"_monsterinsights_sitenote_active":false,"_monsterinsights_sitenote_note":"","_monsterinsights_sitenote_category":0,"footnotes":""},"class_list":["post-1397","page","type-page","status-publish","hentry"],"acf":[],"yoast_head":"<!-- This site is optimized with the Yoast SEO plugin v27.4 - https:\/\/yoast.com\/product\/yoast-seo-wordpress\/ -->\n<title>Enviar CV - Gruetzi, agencia creativa de publicidad, desarrollo web, seo\/sem, dise\u00f1o gr\u00e1fico en Barcelona<\/title>\n<meta name=\"description\" content=\"Si vols treballar amb l&#039;ag\u00e8ncia de publicitat Gruetzi, en el desenvolupament de campanyes publicit\u00e0ries, p\u00e0gines web o disseny gr\u00e0fic, en envia&#039;ns el teu CV aqu\u00ed.\" \/>\n<meta name=\"robots\" content=\"index, follow, max-snippet:-1, max-image-preview:large, max-video-preview:-1\" \/>\n<link rel=\"canonical\" href=\"https:\/\/www.gruetzi.es\/ca\/agencia-publicitat-web-seo-dissenyadors-grafics-barcelona-enviar-cv\/\" \/>\n<meta property=\"og:locale\" content=\"ca_ES\" \/>\n<meta property=\"og:type\" content=\"article\" \/>\n<meta property=\"og:title\" content=\"Enviar CV - Gruetzi, agencia creativa de publicidad, desarrollo web, seo\/sem, dise\u00f1o gr\u00e1fico en Barcelona\" \/>\n<meta property=\"og:description\" content=\"Si vols treballar amb l&#039;ag\u00e8ncia de publicitat Gruetzi, en el desenvolupament de campanyes publicit\u00e0ries, p\u00e0gines web o disseny gr\u00e0fic, en envia&#039;ns el teu CV aqu\u00ed.\" \/>\n<meta property=\"og:url\" content=\"https:\/\/www.gruetzi.es\/ca\/agencia-publicitat-web-seo-dissenyadors-grafics-barcelona-enviar-cv\/\" \/>\n<meta property=\"og:site_name\" content=\"Gruetzi, agencia creativa de publicidad, desarrollo web, seo\/sem, dise\u00f1o gr\u00e1fico en Barcelona\" \/>\n<meta property=\"article:modified_time\" content=\"2019-12-17T12:41:04+00:00\" \/>\n<meta name=\"twitter:card\" content=\"summary_large_image\" \/>\n<meta name=\"twitter:label1\" content=\"Temps estimat de lectura\" \/>\n\t<meta name=\"twitter:data1\" content=\"1 minut\" \/>\n<!-- \/ Yoast SEO plugin. -->","yoast_head_json":{"title":"Enviar CV - Gruetzi, agencia creativa de publicidad, desarrollo web, seo\/sem, dise\u00f1o gr\u00e1fico en Barcelona","description":"Si vols treballar amb l'ag\u00e8ncia de publicitat Gruetzi, en el desenvolupament de campanyes publicit\u00e0ries, p\u00e0gines web o disseny gr\u00e0fic, en envia'ns el teu CV aqu\u00ed.","robots":{"index":"index","follow":"follow","max-snippet":"max-snippet:-1","max-image-preview":"max-image-preview:large","max-video-preview":"max-video-preview:-1"},"canonical":"https:\/\/www.gruetzi.es\/ca\/agencia-publicitat-web-seo-dissenyadors-grafics-barcelona-enviar-cv\/","og_locale":"ca_ES","og_type":"article","og_title":"Enviar CV - Gruetzi, agencia creativa de publicidad, desarrollo web, seo\/sem, dise\u00f1o gr\u00e1fico en Barcelona","og_description":"Si vols treballar amb l'ag\u00e8ncia de publicitat Gruetzi, en el desenvolupament de campanyes publicit\u00e0ries, p\u00e0gines web o disseny gr\u00e0fic, en envia'ns el teu CV aqu\u00ed.","og_url":"https:\/\/www.gruetzi.es\/ca\/agencia-publicitat-web-seo-dissenyadors-grafics-barcelona-enviar-cv\/","og_site_name":"Gruetzi, agencia creativa de publicidad, desarrollo web, seo\/sem, dise\u00f1o gr\u00e1fico en Barcelona","article_modified_time":"2019-12-17T12:41:04+00:00","twitter_card":"summary_large_image","twitter_misc":{"Temps estimat de lectura":"1 minut"},"schema":{"@context":"https:\/\/schema.org","@graph":[{"@type":"WebPage","@id":"https:\/\/www.gruetzi.es\/ca\/agencia-publicitat-web-seo-dissenyadors-grafics-barcelona-enviar-cv\/","url":"https:\/\/www.gruetzi.es\/ca\/agencia-publicitat-web-seo-dissenyadors-grafics-barcelona-enviar-cv\/","name":"Enviar CV - Gruetzi, agencia creativa de publicidad, desarrollo web, seo\/sem, dise\u00f1o gr\u00e1fico en Barcelona","isPartOf":{"@id":"https:\/\/www.gruetzi.es\/#website"},"datePublished":"2018-09-26T17:20:45+00:00","dateModified":"2019-12-17T12:41:04+00:00","description":"Si vols treballar amb l'ag\u00e8ncia de publicitat Gruetzi, en el desenvolupament de campanyes publicit\u00e0ries, p\u00e0gines web o disseny gr\u00e0fic, en envia'ns el teu CV aqu\u00ed.","breadcrumb":{"@id":"https:\/\/www.gruetzi.es\/ca\/agencia-publicitat-web-seo-dissenyadors-grafics-barcelona-enviar-cv\/#breadcrumb"},"inLanguage":"ca","potentialAction":[{"@type":"ReadAction","target":["https:\/\/www.gruetzi.es\/ca\/agencia-publicitat-web-seo-dissenyadors-grafics-barcelona-enviar-cv\/"]}]},{"@type":"BreadcrumbList","@id":"https:\/\/www.gruetzi.es\/ca\/agencia-publicitat-web-seo-dissenyadors-grafics-barcelona-enviar-cv\/#breadcrumb","itemListElement":[{"@type":"ListItem","position":1,"name":"Portada","item":"https:\/\/www.gruetzi.es\/ca\/"},{"@type":"ListItem","position":2,"name":"Enviar CV"}]},{"@type":"WebSite","@id":"https:\/\/www.gruetzi.es\/#website","url":"https:\/\/www.gruetzi.es\/","name":"Gruetzi, agencia creativa de publicidad, desarrollo web, seo\/sem, dise\u00f1o gr\u00e1fico en Barcelona","description":"Gruetzi, agencia creativa de publicidad, desarrollo web, seo\/sem, dise\u00f1o gr\u00e1fico en Barcelona","potentialAction":[{"@type":"SearchAction","target":{"@type":"EntryPoint","urlTemplate":"https:\/\/www.gruetzi.es\/?s={search_term_string}"},"query-input":{"@type":"PropertyValueSpecification","valueRequired":true,"valueName":"search_term_string"}}],"inLanguage":"ca"}]}},"_links":{"self":[{"href":"https:\/\/www.gruetzi.es\/ca\/wp-json\/wp\/v2\/pages\/1397","targetHints":{"allow":["GET"]}}],"collection":[{"href":"https:\/\/www.gruetzi.es\/ca\/wp-json\/wp\/v2\/pages"}],"about":[{"href":"https:\/\/www.gruetzi.es\/ca\/wp-json\/wp\/v2\/types\/page"}],"author":[{"embeddable":true,"href":"https:\/\/www.gruetzi.es\/ca\/wp-json\/wp\/v2\/users\/1"}],"replies":[{"embeddable":true,"href":"https:\/\/www.gruetzi.es\/ca\/wp-json\/wp\/v2\/comments?post=1397"}],"version-history":[{"count":4,"href":"https:\/\/www.gruetzi.es\/ca\/wp-json\/wp\/v2\/pages\/1397\/revisions"}],"predecessor-version":[{"id":1518,"href":"https:\/\/www.gruetzi.es\/ca\/wp-json\/wp\/v2\/pages\/1397\/revisions\/1518"}],"wp:attachment":[{"href":"https:\/\/www.gruetzi.es\/ca\/wp-json\/wp\/v2\/media?parent=1397"}],"curies":[{"name":"wp","href":"https:\/\/api.w.org\/{rel}","templated":true}]}}