{"id":1400,"date":"2018-09-26T17:20:54","date_gmt":"2018-09-26T17:20:54","guid":{"rendered":"https:\/\/www.gruetzi.es\/contacto\/"},"modified":"2019-12-17T12:30:55","modified_gmt":"2019-12-17T12:30:55","slug":"agencia-publicitat-web-seo-dissenyadors-grafics-barcelona-contacte","status":"publish","type":"page","link":"https:\/\/www.gruetzi.es\/ca\/agencia-publicitat-web-seo-dissenyadors-grafics-barcelona-contacte\/","title":{"rendered":"Contacte"},"content":{"rendered":"<div class=\"wpb-content-wrapper\">[vc_row content_placement=&#8221;middle&#8221; el_class=&#8221;container10&#8243;][vc_column][vc_row_inner el_class=&#8221;container10&#8243; css=&#8221;.vc_custom_1567671882799{padding-top: 0px !important;padding-bottom: 40px !important;}&#8221;][vc_column_inner][vc_column_text]<\/p>\n<h2 style=\"text-align: center; margin-top: 0;\">Si vols una marca <i>feli\u00e7<\/i><\/h2>\n<p style=\"text-align: center;\">emplena aquest formulari i ens posarem en contacte amb vosaltres,<br \/>\no truca&#8217;ns al <a href=\"tel:+34933689109\" target=\"_blank\" rel=\"noopener noreferrer\">933 689 109<\/a>.<\/p>\n<p>[\/vc_column_text][\/vc_column_inner][\/vc_row_inner][vc_row_inner css=&#8221;.vc_custom_1567674259773{padding-bottom: 40px !important;}&#8221;][vc_column_inner][vc_column_text]<\/p>\n<div class=\"wpcf7 no-js\" id=\"wpcf7-f1490-o1\" lang=\"es-ES\" dir=\"ltr\" data-wpcf7-id=\"1490\">\n<div class=\"screen-reader-response\">\n<p role=\"status\" aria-live=\"polite\" aria-atomic=\"true\">\n<ul><\/ul>\n<\/div>\n<form action=\"\/ca\/wp-json\/wp\/v2\/pages\/1400#wpcf7-f1490-o1\" method=\"post\" class=\"wpcf7-form init\" aria-label=\"Formulario de contacto\" novalidate=\"novalidate\" data-status=\"init\">\n<fieldset class=\"hidden-fields-container\"><input type=\"hidden\" name=\"_wpcf7\" value=\"1490\" \/><input type=\"hidden\" name=\"_wpcf7_version\" value=\"6.1.5\" \/><input type=\"hidden\" name=\"_wpcf7_locale\" value=\"es_ES\" \/><input type=\"hidden\" name=\"_wpcf7_unit_tag\" value=\"wpcf7-f1490-o1\" \/><input type=\"hidden\" name=\"_wpcf7_container_post\" value=\"0\" \/><input type=\"hidden\" name=\"_wpcf7_posted_data_hash\" value=\"\" \/><input type=\"hidden\" name=\"_wpcf7_recaptcha_response\" value=\"\" \/><br \/>\n<\/fieldset>\n<div class=\"row\">\n<div class=\"col-sm-6\">\n<p><label><span class=\"wpcf7-form-control-wrap\" data-name=\"your-name\"><input size=\"40\" maxlength=\"400\" class=\"wpcf7-form-control wpcf7-text wpcf7-validates-as-required\" aria-required=\"true\" aria-invalid=\"false\" placeholder=\"Nom i cognoms*\" value=\"\" type=\"text\" name=\"your-name\" \/><\/span> <\/label>\n\t\t<\/p>\n<\/p><\/div>\n<div class=\"col-sm-6\">\n<p><label><span class=\"wpcf7-form-control-wrap\" data-name=\"your-email\"><input size=\"40\" maxlength=\"400\" class=\"wpcf7-form-control wpcf7-email wpcf7-validates-as-required wpcf7-text wpcf7-validates-as-email\" aria-required=\"true\" aria-invalid=\"false\" placeholder=\"Email*\" value=\"\" type=\"email\" name=\"your-email\" \/><\/span> <\/label>\n\t\t<\/p>\n<\/p><\/div>\n<\/div>\n<div class=\"row\">\n<div class=\"col-sm-12\">\n<p><label><span class=\"wpcf7-form-control-wrap\" data-name=\"your-message\"><textarea cols=\"40\" rows=\"10\" maxlength=\"2000\" class=\"wpcf7-form-control wpcf7-textarea\" aria-invalid=\"false\" placeholder=\"Missatge*\" name=\"your-message\"><\/textarea><\/span> <\/label>\n\t\t<\/p>\n<\/p><\/div>\n<\/div>\n<div class=\"row\">\n<div class=\"col-sm-6\">\n<p><span class=\"wpcf7-form-control-wrap\" data-name=\"acceptance-256\"><span class=\"wpcf7-form-control wpcf7-acceptance\"><span class=\"wpcf7-list-item\"><label><input type=\"checkbox\" name=\"acceptance-256\" value=\"1\" aria-invalid=\"false\" \/><span class=\"wpcf7-list-item-label\">He llegit y accepto la <a href=\"\/ca\/politica-de-privacitat\/\" target=\"_blank\">pol\u00edtica de privacitat i l'av\u00eds legal<\/a><\/span><\/label><\/span><\/span><\/span>\n\t\t<\/p>\n<\/p><\/div>\n<div class=\"col-sm-6 text-right small\">\n<p>Tots els camps marcats amb (*) son obligatoris.\n\t\t<\/p>\n<\/p><\/div>\n<\/div>\n<p>&nbsp;\n<\/p>\n<div class=\"row\">\n<div class=\"col-sm-12 text-center\">\n<p><input class=\"wpcf7-form-control wpcf7-submit has-spinner\" id=\"submit\" type=\"submit\" value=\"Enviar\" \/>\n\t\t<\/p>\n<\/p><\/div>\n<\/div>\n<div class=\"wpcf7-response-output\" aria-hidden=\"true\"><\/div>\n<\/form>\n<\/div>\n<p>[\/vc_column_text][\/vc_column_inner][\/vc_row_inner][vc_row_inner el_id=&#8221;submitrow&#8221;][vc_column_inner][\/vc_column_inner][\/vc_row_inner][\/vc_column][\/vc_row][vc_row full_width=&#8221;stretch_row_content_no_spaces&#8221; css=&#8221;.vc_custom_1567673021686{margin: 0px !important;padding: 0px !important;}&#8221;][vc_column][vc_gmaps link=&#8221;#E-8_JTNDaWZyYW1lJTIwc3JjJTNEJTIyaHR0cHMlM0ElMkYlMkZ3d3cuZ29vZ2xlLmNvbSUyRm1hcHMlMkZlbWJlZCUzRnBiJTNEJTIxMW0xOCUyMTFtMTIlMjExbTMlMjExZDI5OTIuNzAyNjQ5NTM3ODk2NCUyMTJkMi4xMzU1Nzk4NTEzMDA3MjUlMjEzZDQxLjQwMjI2MzUwMjkzMzI1JTIxMm0zJTIxMWYwJTIxMmYwJTIxM2YwJTIxM20yJTIxMWkxMDI0JTIxMmk3NjglMjE0ZjEzLjElMjEzbTMlMjExbTIlMjExczB4MTJhNDk4MGNkOWM2YzZiZCUyNTNBMHg0NzE0YTM5NTU1ZDgzNTg4JTIxMnNSb25kYSUyNTIwZGVsJTI1MjBHZW5lcmFsJTI1MjBNaXRyZSUyNTJDJTI1MjAxMjYlMjUyQyUyNTIwMDgwMjElMjUyMEJhcmNlbG9uYSUyMTVlMCUyMTNtMiUyMTFzY2ElMjEyc2VzJTIxNHYxNTY3NjcyODQ5MTk0JTIxNW0yJTIxMXNjYSUyMTJzZXMlMjIlMjB3aWR0aCUzRCUyMjEwMCUyNSUyMiUyMGhlaWdodCUzRCUyMjQ1MCUyMiUyMGZyYW1lYm9yZGVyJTNEJTIyMCUyMiUyMHN0eWxlJTNEJTIyYm9yZGVyJTNBMCUzQiUyMiUyMGFsbG93ZnVsbHNjcmVlbiUzRCUyMiUyMiUzRSUzQyUyRmlmcmFtZSUzRQ==&#8221; css=&#8221;.vc_custom_1567673046011{margin: 0px !important;padding: 0px !important;}&#8221;][\/vc_column][\/vc_row]<\/p><\/div>\n","protected":false},"excerpt":{"rendered":"<p>[vc_row content_placement=&#8221;middle&#8221; el_class=&#8221;container10&#8243;][vc_column][vc_row_inner el_class=&#8221;container10&#8243; css=&#8221;.vc_custom_1567671882799{padding-top: 0px !important;padding-bottom: 40px !important;}&#8221;][vc_column_inner][vc_column_text] Si vols una marca feli\u00e7 emplena aquest formulari i ens posarem en contacte amb vosaltres, o truca&#8217;ns al 933 689 109. [\/vc_column_text][\/vc_column_inner][\/vc_row_inner][vc_row_inner css=&#8221;.vc_custom_1567674259773{padding-bottom: 40px !important;}&#8221;][vc_column_inner][vc_column_text][\/vc_column_text][\/vc_column_inner][\/vc_row_inner][vc_row_inner el_id=&#8221;submitrow&#8221;][vc_column_inner][\/vc_column_inner][\/vc_row_inner][\/vc_column][\/vc_row][vc_row full_width=&#8221;stretch_row_content_no_spaces&#8221; css=&#8221;.vc_custom_1567673021686{margin: 0px !important;padding: 0px !important;}&#8221;][vc_column][vc_gmaps link=&#8221;#E-8_JTNDaWZyYW1lJTIwc3JjJTNEJTIyaHR0cHMlM0ElMkYlMkZ3d3cuZ29vZ2xlLmNvbSUyRm1hcHMlMkZlbWJlZCUzRnBiJTNEJTIxMW0xOCUyMTFtMTIlMjExbTMlMjExZDI5OTIuNzAyNjQ5NTM3ODk2NCUyMTJkMi4xMzU1Nzk4NTEzMDA3MjUlMjEzZDQxLjQwMjI2MzUwMjkzMzI1JTIxMm0zJTIxMWYwJTIxMmYwJTIxM2YwJTIxM20yJTIxMWkxMDI0JTIxMmk3NjglMjE0ZjEzLjElMjEzbTMlMjExbTIlMjExczB4MTJhNDk4MGNkOWM2YzZiZCUyNTNBMHg0NzE0YTM5NTU1ZDgzNTg4JTIxMnNSb25kYSUyNTIwZGVsJTI1MjBHZW5lcmFsJTI1MjBNaXRyZSUyNTJDJTI1MjAxMjYlMjUyQyUyNTIwMDgwMjElMjUyMEJhcmNlbG9uYSUyMTVlMCUyMTNtMiUyMTFzY2ElMjEyc2VzJTIxNHYxNTY3NjcyODQ5MTk0JTIxNW0yJTIxMXNjYSUyMTJzZXMlMjIlMjB3aWR0aCUzRCUyMjEwMCUyNSUyMiUyMGhlaWdodCUzRCUyMjQ1MCUyMiUyMGZyYW1lYm9yZGVyJTNEJTIyMCUyMiUyMHN0eWxlJTNEJTIyYm9yZGVyJTNBMCUzQiUyMiUyMGFsbG93ZnVsbHNjcmVlbiUzRCUyMiUyMiUzRSUzQyUyRmlmcmFtZSUzRQ==&#8221; css=&#8221;.vc_custom_1567673046011{margin: 0px !important;padding: 0px !important;}&#8221;][\/vc_column][\/vc_row]<\/p>\n","protected":false},"author":1,"featured_media":0,"parent":0,"menu_order":0,"comment_status":"closed","ping_status":"closed","template":"page-contacto.php","meta":{"_acf_changed":false,"inline_featured_image":false,"_monsterinsights_skip_tracking":false,"_monsterinsights_sitenote_active":false,"_monsterinsights_sitenote_note":"","_monsterinsights_sitenote_category":0,"footnotes":""},"class_list":["post-1400","page","type-page","status-publish","hentry"],"acf":[],"yoast_head":"<!-- This site is optimized with the Yoast SEO plugin v27.5 - https:\/\/yoast.com\/product\/yoast-seo-wordpress\/ -->\n<title>Contacte - Gruetzi, agencia creativa de publicidad, desarrollo web, seo\/sem, dise\u00f1o gr\u00e1fico en Barcelona<\/title>\n<meta name=\"description\" content=\"Contacta amb Gruetzi, ag\u00e8ncia de publicitat, desenvolupament web, seo \/ sem i disseny gr\u00e0fic a Barcelona. Al servei de les marques.\" \/>\n<meta name=\"robots\" content=\"index, follow, max-snippet:-1, max-image-preview:large, max-video-preview:-1\" \/>\n<link rel=\"canonical\" href=\"https:\/\/www.gruetzi.es\/ca\/agencia-publicitat-web-seo-dissenyadors-grafics-barcelona-contacte\/\" \/>\n<meta property=\"og:locale\" content=\"ca_ES\" \/>\n<meta property=\"og:type\" content=\"article\" \/>\n<meta property=\"og:title\" content=\"Contacte - Gruetzi, agencia creativa de publicidad, desarrollo web, seo\/sem, dise\u00f1o gr\u00e1fico en Barcelona\" \/>\n<meta property=\"og:description\" content=\"Contacta amb Gruetzi, ag\u00e8ncia de publicitat, desenvolupament web, seo \/ sem i disseny gr\u00e0fic a Barcelona. Al servei de les marques.\" \/>\n<meta property=\"og:url\" content=\"https:\/\/www.gruetzi.es\/ca\/agencia-publicitat-web-seo-dissenyadors-grafics-barcelona-contacte\/\" \/>\n<meta property=\"og:site_name\" content=\"Gruetzi, agencia creativa de publicidad, desarrollo web, seo\/sem, dise\u00f1o gr\u00e1fico en Barcelona\" \/>\n<meta property=\"article:modified_time\" content=\"2019-12-17T12:30:55+00:00\" \/>\n<meta name=\"twitter:card\" content=\"summary_large_image\" \/>\n<meta name=\"twitter:label1\" content=\"Temps estimat de lectura\" \/>\n\t<meta name=\"twitter:data1\" content=\"1 minut\" \/>\n<!-- \/ Yoast SEO plugin. -->","yoast_head_json":{"title":"Contacte - Gruetzi, agencia creativa de publicidad, desarrollo web, seo\/sem, dise\u00f1o gr\u00e1fico en Barcelona","description":"Contacta amb Gruetzi, ag\u00e8ncia de publicitat, desenvolupament web, seo \/ sem i disseny gr\u00e0fic a Barcelona. Al servei de les marques.","robots":{"index":"index","follow":"follow","max-snippet":"max-snippet:-1","max-image-preview":"max-image-preview:large","max-video-preview":"max-video-preview:-1"},"canonical":"https:\/\/www.gruetzi.es\/ca\/agencia-publicitat-web-seo-dissenyadors-grafics-barcelona-contacte\/","og_locale":"ca_ES","og_type":"article","og_title":"Contacte - Gruetzi, agencia creativa de publicidad, desarrollo web, seo\/sem, dise\u00f1o gr\u00e1fico en Barcelona","og_description":"Contacta amb Gruetzi, ag\u00e8ncia de publicitat, desenvolupament web, seo \/ sem i disseny gr\u00e0fic a Barcelona. Al servei de les marques.","og_url":"https:\/\/www.gruetzi.es\/ca\/agencia-publicitat-web-seo-dissenyadors-grafics-barcelona-contacte\/","og_site_name":"Gruetzi, agencia creativa de publicidad, desarrollo web, seo\/sem, dise\u00f1o gr\u00e1fico en Barcelona","article_modified_time":"2019-12-17T12:30:55+00:00","twitter_card":"summary_large_image","twitter_misc":{"Temps estimat de lectura":"1 minut"},"schema":{"@context":"https:\/\/schema.org","@graph":[{"@type":"WebPage","@id":"https:\/\/www.gruetzi.es\/ca\/agencia-publicitat-web-seo-dissenyadors-grafics-barcelona-contacte\/","url":"https:\/\/www.gruetzi.es\/ca\/agencia-publicitat-web-seo-dissenyadors-grafics-barcelona-contacte\/","name":"Contacte - Gruetzi, agencia creativa de publicidad, desarrollo web, seo\/sem, dise\u00f1o gr\u00e1fico en Barcelona","isPartOf":{"@id":"https:\/\/www.gruetzi.es\/#website"},"datePublished":"2018-09-26T17:20:54+00:00","dateModified":"2019-12-17T12:30:55+00:00","description":"Contacta amb Gruetzi, ag\u00e8ncia de publicitat, desenvolupament web, seo \/ sem i disseny gr\u00e0fic a Barcelona. Al servei de les marques.","breadcrumb":{"@id":"https:\/\/www.gruetzi.es\/ca\/agencia-publicitat-web-seo-dissenyadors-grafics-barcelona-contacte\/#breadcrumb"},"inLanguage":"ca","potentialAction":[{"@type":"ReadAction","target":["https:\/\/www.gruetzi.es\/ca\/agencia-publicitat-web-seo-dissenyadors-grafics-barcelona-contacte\/"]}]},{"@type":"BreadcrumbList","@id":"https:\/\/www.gruetzi.es\/ca\/agencia-publicitat-web-seo-dissenyadors-grafics-barcelona-contacte\/#breadcrumb","itemListElement":[{"@type":"ListItem","position":1,"name":"Portada","item":"https:\/\/www.gruetzi.es\/ca\/"},{"@type":"ListItem","position":2,"name":"Contacte"}]},{"@type":"WebSite","@id":"https:\/\/www.gruetzi.es\/#website","url":"https:\/\/www.gruetzi.es\/","name":"Gruetzi, agencia creativa de publicidad, desarrollo web, seo\/sem, dise\u00f1o gr\u00e1fico en Barcelona","description":"Gruetzi, agencia creativa de publicidad, desarrollo web, seo\/sem, dise\u00f1o gr\u00e1fico en Barcelona","potentialAction":[{"@type":"SearchAction","target":{"@type":"EntryPoint","urlTemplate":"https:\/\/www.gruetzi.es\/?s={search_term_string}"},"query-input":{"@type":"PropertyValueSpecification","valueRequired":true,"valueName":"search_term_string"}}],"inLanguage":"ca"}]}},"_links":{"self":[{"href":"https:\/\/www.gruetzi.es\/ca\/wp-json\/wp\/v2\/pages\/1400","targetHints":{"allow":["GET"]}}],"collection":[{"href":"https:\/\/www.gruetzi.es\/ca\/wp-json\/wp\/v2\/pages"}],"about":[{"href":"https:\/\/www.gruetzi.es\/ca\/wp-json\/wp\/v2\/types\/page"}],"author":[{"embeddable":true,"href":"https:\/\/www.gruetzi.es\/ca\/wp-json\/wp\/v2\/users\/1"}],"replies":[{"embeddable":true,"href":"https:\/\/www.gruetzi.es\/ca\/wp-json\/wp\/v2\/comments?post=1400"}],"version-history":[{"count":4,"href":"https:\/\/www.gruetzi.es\/ca\/wp-json\/wp\/v2\/pages\/1400\/revisions"}],"predecessor-version":[{"id":1544,"href":"https:\/\/www.gruetzi.es\/ca\/wp-json\/wp\/v2\/pages\/1400\/revisions\/1544"}],"wp:attachment":[{"href":"https:\/\/www.gruetzi.es\/ca\/wp-json\/wp\/v2\/media?parent=1400"}],"curies":[{"name":"wp","href":"https:\/\/api.w.org\/{rel}","templated":true}]}}