{"id":1403,"date":"2018-09-20T04:40:51","date_gmt":"2018-09-20T04:40:51","guid":{"rendered":"https:\/\/www.gruetzi.es\/pagina-ejemplo\/"},"modified":"2023-06-13T07:36:44","modified_gmt":"2023-06-13T07:36:44","slug":"pagina-ejemplo","status":"publish","type":"page","link":"https:\/\/www.gruetzi.es\/ca\/","title":{"rendered":"Intro"},"content":{"rendered":"<div class=\"wpb-content-wrapper\">[vc_row full_width=&#8221;stretch_row_content&#8221; content_placement=&#8221;middle&#8221; el_class=&#8221;primer-bloc&#8221;][vc_column][vc_column_text]<\/p>\n<p style=\"text-align: center;\">A Barcelona, ag\u00e8ncia creativa de publicitat, disseny gr\u00e0fic i desenvolupament web.<br \/>\nPer\u00f2 en algun pa\u00eds no gaire lluny\u00e0, &#8220;gruetzi&#8221; significa &#8220;hola&#8221;.<br \/>\nI \u00e9s aix\u00ed com comencem a comunicar. Per aix\u00f2 et diem: <span class=\"gruetzi\">Gruetzi!<\/span>[\/vc_column_text][vc_btn title=&#8221;Ven m\u00e9s!&#8221; color=&#8221;inverse&#8221; align=&#8221;center&#8221; link=&#8221;url:https%3A%2F%2Fwww.gruetzi.es%2Fca%2Fagencia-publicitat-web-seo-dissenyadors-grafics-barcelona-que%2F|title:QU%C3%88||&#8221;][\/vc_column][\/vc_row][vc_row full_width=&#8221;stretch_row_content_no_spaces&#8221; el_class=&#8221;segon-bloc&#8221;][vc_column][vc_column_text css=&#8221;.vc_custom_1573830604821{margin-bottom: 55px !important;}&#8221;]<\/p>\n<h2 style=\"text-align: center;\"><strong><em>Les especialitats de <span style=\"color: #c01535;\">Gruetzi<\/span><\/em><\/strong><\/h2>\n<p>[\/vc_column_text][vc_row_inner el_class=&#8221;container&#8221; css=&#8221;.vc_custom_1563381611163{margin-bottom: 0px !important;padding-bottom: 0px !important;}&#8221;][vc_column_inner width=&#8221;1\/4&#8243;][vc_single_image image=&#8221;1300&#8243; img_size=&#8221;full&#8221; alignment=&#8221;center&#8221; el_class=&#8221;one&#8221;][vc_column_text]<\/p>\n<h3 style=\"text-align: center;\"><strong>Publicitat + PLV<\/strong><\/h3>\n<p style=\"text-align: center;\">Especialistes a convertir 0,6237 m\u00b2 d&#8217;espai i 30&#8243; de temps en la felicitat de les marques.<br \/>\nNo fem m\u00e0gia, ni miracles, sin\u00f3 100% creativitat per respondre als seus objectius.[\/vc_column_text][\/vc_column_inner][vc_column_inner width=&#8221;1\/4&#8243;][vc_single_image image=&#8221;1304&#8243; img_size=&#8221;full&#8221; alignment=&#8221;center&#8221; el_class=&#8221;two&#8221;][vc_column_text]<\/p>\n<h3 style=\"text-align: center;\"><strong>Identitat<\/strong><\/h3>\n<p style=\"text-align: center;\">Experts en la gesti\u00f3 de marques.<br \/>\nLes creem, els hi donem nom, les vestim, les acaronem, les canviem, les girem, les mirem i, sobretot, sobretot, les estimem.[\/vc_column_text][\/vc_column_inner][vc_column_inner width=&#8221;1\/4&#8243;][vc_single_image image=&#8221;1308&#8243; img_size=&#8221;full&#8221; alignment=&#8221;center&#8221; el_class=&#8221;three&#8221;][vc_column_text]<\/p>\n<h3 style=\"text-align: center;\"><strong>Online<\/strong><\/h3>\n<p style=\"text-align: center;\">Xarxers de vocaci\u00f3.<br \/>\nTreballem la pres\u00e8ncia de les marques a la xarxa perqu\u00e8 se sentin com a peixos a l&#8217;aigua i siguin visibles per a tots els navegants.<\/p>\n<p>[\/vc_column_text][\/vc_column_inner][vc_column_inner width=&#8221;1\/4&#8243;][vc_single_image image=&#8221;1312&#8243; img_size=&#8221;full&#8221; alignment=&#8221;center&#8221; el_class=&#8221;four&#8221;][vc_column_text]<\/p>\n<h3 style=\"text-align: center;\"><strong>SEO \/ SEM<\/strong><\/h3>\n<p style=\"text-align: center;\">Som l&#8217;ag\u00e8ncia l\u00edder en posicionament natural a cercadors (SEO) i experts en SEM.<\/p>\n<p>[\/vc_column_text][\/vc_column_inner][\/vc_row_inner][vc_btn title=&#8221;Fes una ullada!&#8221; color=&#8221;inverse&#8221; align=&#8221;center&#8221; link=&#8221;url:https%3A%2F%2Fwww.gruetzi.es%2Fca%2Fagencia-publicitat-web-seo-dissenyadors-grafics-barcelona-que%2F|title:QU%C3%88||&#8221; css=&#8221;.vc_custom_1591006404334{margin-top: 20px !important;}&#8221;][\/vc_column][\/vc_row][vc_row full_width=&#8221;stretch_row_content_no_spaces&#8221; el_class=&#8221;tercer-bloc&#8221;][vc_column][vc_column_text css=&#8221;.vc_custom_1573830640362{margin-bottom: 55px !important;}&#8221;]<\/p>\n<h2 style=\"text-align: center;\"><strong><em>Els <span style=\"color: #c01535;\">&#8220;works&#8221;<\/span> m\u00e9s recents<\/em><\/strong><\/h2>\n<p>[\/vc_column_text][vc_row_inner el_class=&#8221;container&#8221;][vc_column_inner][vc_column_text]<\/p>\n<div class='works'>\n<div class='row'>\n<div class=\"col-md-4 col-sm-4 col-xs-12 post0 un_work_intro\"><a href=\"https:\/\/www.gruetzi.es\/ca\/gruetzi-works\/dissenyadors-logotips-barcelona-eme-abokatuak\/\" title=\"Eme Abokatuak\" class=\"work\"><\/p>\n<div><img loading=\"lazy\" decoding=\"async\" width=\"430\" height=\"430\" src=\"https:\/\/www.gruetzi.es\/wp-content\/uploads\/2022\/06\/disenadores-graficos-guipuzcoa-bilbao-barcelona-logotipo-identidad-corporativa-abogadas-eme-abokatuak-gruetzi.jpg\" class=\"img-responsive wp-post-image\" alt=\"Dise\u00f1adores gr\u00e1ficos en Barcelona, Gipuzcoa, Bilbao. Eme Abokatuak, abogadas\" srcset=\"https:\/\/www.gruetzi.es\/wp-content\/uploads\/2022\/06\/disenadores-graficos-guipuzcoa-bilbao-barcelona-logotipo-identidad-corporativa-abogadas-eme-abokatuak-gruetzi.jpg 430w, https:\/\/www.gruetzi.es\/wp-content\/uploads\/2022\/06\/disenadores-graficos-guipuzcoa-bilbao-barcelona-logotipo-identidad-corporativa-abogadas-eme-abokatuak-gruetzi-300x300.jpg 300w, https:\/\/www.gruetzi.es\/wp-content\/uploads\/2022\/06\/disenadores-graficos-guipuzcoa-bilbao-barcelona-logotipo-identidad-corporativa-abogadas-eme-abokatuak-gruetzi-150x150.jpg 150w\" sizes=\"auto, (max-width: 430px) 100vw, 430px\" \/><\/div>\n<div class=\"descripcio_projecte\">\n<div class=\"categoria_descripcio_projecte\"><img decoding=\"async\" src=\"https:\/\/www.gruetzi.es\/wp-content\/uploads\/2018\/11\/huella.png\" class=\"icona_categoria_work\"><\/div>\n<h3>Eme Abokatuak<br \/><span class=\"subtitol\">Identitat corporativa<\/span><\/h3>\n<\/div>\n<p><\/a><\/div>\n<div class=\"col-md-4 col-sm-4 col-xs-12 post1 un_work_intro\"><a href=\"https:\/\/www.gruetzi.es\/ca\/gruetzi-works\/dissenyadors-grafics-barcelona-logotip-thesavros-in-caelo\/\" title=\"Thesavros in caelo\" class=\"work\"><\/p>\n<div><img loading=\"lazy\" decoding=\"async\" width=\"431\" height=\"431\" src=\"https:\/\/www.gruetzi.es\/wp-content\/uploads\/2020\/03\/estudi-disseny-grafic-barcelona-dissenyador-logotip-thesavros-in-caelo.jpg\" class=\"img-responsive wp-post-image\" alt=\"Dissenyadors gr\u00e0fics a Barcelona. Disseny del logotip Thesavros in caelo. Ag\u00e8ncia Gruetzi\" srcset=\"https:\/\/www.gruetzi.es\/wp-content\/uploads\/2020\/03\/estudi-disseny-grafic-barcelona-dissenyador-logotip-thesavros-in-caelo.jpg 431w, https:\/\/www.gruetzi.es\/wp-content\/uploads\/2020\/03\/estudi-disseny-grafic-barcelona-dissenyador-logotip-thesavros-in-caelo-300x300.jpg 300w, https:\/\/www.gruetzi.es\/wp-content\/uploads\/2020\/03\/estudi-disseny-grafic-barcelona-dissenyador-logotip-thesavros-in-caelo-150x150.jpg 150w\" sizes=\"auto, (max-width: 431px) 100vw, 431px\" \/><\/div>\n<div class=\"descripcio_projecte\">\n<div class=\"categoria_descripcio_projecte\"><img decoding=\"async\" src=\"https:\/\/www.gruetzi.es\/wp-content\/uploads\/2018\/11\/huella.png\" class=\"icona_categoria_work\"><\/div>\n<h3>Thesavros in caelo<br \/><span class=\"subtitol\">Logotip<\/span><\/h3>\n<\/div>\n<p><\/a><\/div>\n<div class=\"col-md-4 col-sm-4 col-xs-12 post2 un_work_intro\"><a href=\"https:\/\/www.gruetzi.es\/ca\/gruetzi-works\/dissenyadors-web-barcelona-saban-dermatologia\/\" title=\"Saban Dermatolog\u00eda\" class=\"work\"><\/p>\n<div><img loading=\"lazy\" decoding=\"async\" width=\"431\" height=\"431\" src=\"https:\/\/www.gruetzi.es\/wp-content\/uploads\/2021\/09\/dissenyadors-web-barcelona-wordpress-gruetzi-saban-dermatologia-home.jpg\" class=\"img-responsive wp-post-image\" alt=\"\" srcset=\"https:\/\/www.gruetzi.es\/wp-content\/uploads\/2021\/09\/dissenyadors-web-barcelona-wordpress-gruetzi-saban-dermatologia-home.jpg 431w, https:\/\/www.gruetzi.es\/wp-content\/uploads\/2021\/09\/dissenyadors-web-barcelona-wordpress-gruetzi-saban-dermatologia-home-300x300.jpg 300w, https:\/\/www.gruetzi.es\/wp-content\/uploads\/2021\/09\/dissenyadors-web-barcelona-wordpress-gruetzi-saban-dermatologia-home-150x150.jpg 150w\" sizes=\"auto, (max-width: 431px) 100vw, 431px\" \/><\/div>\n<div class=\"descripcio_projecte\">\n<div class=\"categoria_descripcio_projecte\"><img decoding=\"async\" src=\"https:\/\/www.gruetzi.es\/wp-content\/uploads\/2019\/07\/online_ico.png\" class=\"icona_categoria_work\"><img decoding=\"async\" src=\"https:\/\/www.gruetzi.es\/wp-content\/uploads\/2019\/07\/seo_sem_ico.png\" class=\"icona_categoria_work\"><\/div>\n<h3>Saban Dermatolog\u00eda<br \/><span class=\"subtitol\">P\u00e0gina web<\/span><\/h3>\n<\/div>\n<p><\/a><\/div>\n<\/div>\n<\/div>\n<p>[\/vc_column_text][\/vc_column_inner][\/vc_row_inner][vc_btn title=&#8221;Veure&#8217;ls tots&#8221; color=&#8221;inverse&#8221; align=&#8221;center&#8221; link=&#8221;url:%2Fca%2Fgruetzi-works&#8221;][\/vc_column][\/vc_row][vc_row el_class=&#8221;cuart-bloc&#8221;][vc_column][vc_empty_space height=&#8221;72px&#8221;][vc_column_text css=&#8221;.vc_custom_1562592192396{margin-bottom: 50px !important;}&#8221;]<\/p>\n<h2 style=\"text-align: center;\"><strong><em>Alguns dels nostres\u00a0<span style=\"color: #c01535;\">&#8220;friends&#8221; \u00a0 <i class=\"fa fa-heart\"><\/i><\/span><\/em><\/strong><\/h2>\n<p>[\/vc_column_text][vc_row_inner el_class=&#8221;container&#8221;][vc_column_inner][vc_column_text]<\/p>\n<div class='friends-grid'>\n<div class='row'>\n<div class=\"col-md-2 col-sm-3 col-xs-6 vcenter post0\"><img loading=\"lazy\" decoding=\"async\" width=\"224\" height=\"143\" src=\"https:\/\/www.gruetzi.es\/wp-content\/uploads\/2018\/12\/acid_off.png\" class=\"img-responsive wp-post-image\" alt=\"\" \/><\/div>\n<div class=\"col-md-2 col-sm-3 col-xs-6 vcenter post1\"><img loading=\"lazy\" decoding=\"async\" width=\"224\" height=\"143\" src=\"https:\/\/www.gruetzi.es\/wp-content\/uploads\/2019\/06\/fresnos_off.png\" class=\"img-responsive wp-post-image\" alt=\"\" \/><\/div>\n<div class=\"col-md-2 col-sm-3 col-xs-6 vcenter post2\"><img loading=\"lazy\" decoding=\"async\" width=\"224\" height=\"143\" src=\"https:\/\/www.gruetzi.es\/wp-content\/uploads\/2019\/06\/espaciomed_off.png\" class=\"img-responsive wp-post-image\" alt=\"\" \/><\/div>\n<div class=\"col-md-2 col-sm-3 col-xs-6 vcenter post3\"><img loading=\"lazy\" decoding=\"async\" width=\"224\" height=\"143\" src=\"https:\/\/www.gruetzi.es\/wp-content\/uploads\/2018\/12\/manusa_off.png\" class=\"img-responsive wp-post-image\" alt=\"\" \/><\/div>\n<div class=\"col-md-2 col-sm-3 col-xs-6 vcenter post4\"><img loading=\"lazy\" decoding=\"async\" width=\"224\" height=\"143\" src=\"https:\/\/www.gruetzi.es\/wp-content\/uploads\/2019\/06\/funbricks_off.png\" class=\"img-responsive wp-post-image\" alt=\"\" \/><\/div>\n<div class=\"col-md-2 col-sm-3 col-xs-6 vcenter post5\"><img loading=\"lazy\" decoding=\"async\" width=\"224\" height=\"143\" src=\"https:\/\/www.gruetzi.es\/wp-content\/uploads\/2019\/06\/penguin_off.png\" class=\"img-responsive wp-post-image\" alt=\"\" \/><\/div>\n<\/div>\n<\/div>\n<p>[\/vc_column_text][\/vc_column_inner][\/vc_row_inner][vc_btn title=&#8221;Friends&#8221; color=&#8221;inverse&#8221; align=&#8221;center&#8221; link=&#8221;url:https%3A%2F%2Fwww.gruetzi.es%2Fca%2Fagencia-publicidad-diseno-web-seo-sem-diseno-grafico-barcelona-friends%2F|title:Friends||&#8221; css=&#8221;.vc_custom_1591092473550{margin-top: 20px !important;}&#8221;][vc_empty_space height=&#8221;50px&#8221;][\/vc_column][\/vc_row]<\/p><\/div>\n","protected":false},"excerpt":{"rendered":"<p>[vc_row full_width=&#8221;stretch_row_content&#8221; content_placement=&#8221;middle&#8221; el_class=&#8221;primer-bloc&#8221;][vc_column][vc_column_text] A Barcelona, ag\u00e8ncia creativa de publicitat, disseny gr\u00e0fic i desenvolupament web. Per\u00f2 en algun pa\u00eds no gaire lluny\u00e0, &#8220;gruetzi&#8221; significa &#8220;hola&#8221;. I \u00e9s aix\u00ed com comencem a comunicar. Per aix\u00f2 et diem: Gruetzi![\/vc_column_text][vc_btn title=&#8221;Ven m\u00e9s!&#8221; color=&#8221;inverse&#8221; align=&#8221;center&#8221; link=&#8221;url:https%3A%2F%2Fwww.gruetzi.es%2Fca%2Fagencia-publicitat-web-seo-dissenyadors-grafics-barcelona-que%2F|title:QU%C3%88||&#8221;][\/vc_column][\/vc_row][vc_row full_width=&#8221;stretch_row_content_no_spaces&#8221; el_class=&#8221;segon-bloc&#8221;][vc_column][vc_column_text css=&#8221;.vc_custom_1573830604821{margin-bottom: 55px !important;}&#8221;] Les especialitats de Gruetzi [\/vc_column_text][vc_row_inner el_class=&#8221;container&#8221; css=&#8221;.vc_custom_1563381611163{margin-bottom: 0px &#8230; <br \/><a class=\"read-more\" href=\"https:\/\/www.gruetzi.es\/ca\/\">Read More<\/a><\/p>\n","protected":false},"author":1,"featured_media":0,"parent":0,"menu_order":0,"comment_status":"closed","ping_status":"open","template":"","meta":{"_acf_changed":false,"inline_featured_image":false,"_monsterinsights_skip_tracking":false,"_monsterinsights_sitenote_active":false,"_monsterinsights_sitenote_note":"","_monsterinsights_sitenote_category":0,"footnotes":""},"class_list":["post-1403","page","type-page","status-publish","hentry"],"acf":[],"yoast_head":"<!-- This site is optimized with the Yoast SEO plugin v27.4 - https:\/\/yoast.com\/product\/yoast-seo-wordpress\/ -->\n<title>Intro - Gruetzi, agencia creativa de publicidad, desarrollo web, seo\/sem, dise\u00f1o gr\u00e1fico en Barcelona<\/title>\n<meta name=\"description\" content=\"A Barcelona, ag\u00e8ncia creativa de publicitat, disseny gr\u00e0fic i desenvolupament web. Per\u00f2 en algun pa\u00eds no gaire lluny\u00e0, &quot;gruetzi&quot; significa &quot;hola&quot;.\" \/>\n<meta name=\"robots\" content=\"index, follow, max-snippet:-1, max-image-preview:large, max-video-preview:-1\" \/>\n<link rel=\"canonical\" href=\"https:\/\/www.gruetzi.es\/ca\/\" \/>\n<meta property=\"og:locale\" content=\"ca_ES\" \/>\n<meta property=\"og:type\" content=\"article\" \/>\n<meta property=\"og:title\" content=\"Intro - Gruetzi, agencia creativa de publicidad, desarrollo web, seo\/sem, dise\u00f1o gr\u00e1fico en Barcelona\" \/>\n<meta property=\"og:description\" content=\"A Barcelona, ag\u00e8ncia creativa de publicitat, disseny gr\u00e0fic i desenvolupament web. Per\u00f2 en algun pa\u00eds no gaire lluny\u00e0, &quot;gruetzi&quot; significa &quot;hola&quot;.\" \/>\n<meta property=\"og:url\" content=\"https:\/\/www.gruetzi.es\/ca\/\" \/>\n<meta property=\"og:site_name\" content=\"Gruetzi, agencia creativa de publicidad, desarrollo web, seo\/sem, dise\u00f1o gr\u00e1fico en Barcelona\" \/>\n<meta property=\"article:modified_time\" content=\"2023-06-13T07:36:44+00:00\" \/>\n<meta name=\"twitter:card\" content=\"summary_large_image\" \/>\n<meta name=\"twitter:label1\" content=\"Temps estimat de lectura\" \/>\n\t<meta name=\"twitter:data1\" content=\"2 minuts\" \/>\n<!-- \/ Yoast SEO plugin. -->","yoast_head_json":{"title":"Intro - Gruetzi, agencia creativa de publicidad, desarrollo web, seo\/sem, dise\u00f1o gr\u00e1fico en Barcelona","description":"A Barcelona, ag\u00e8ncia creativa de publicitat, disseny gr\u00e0fic i desenvolupament web. Per\u00f2 en algun pa\u00eds no gaire lluny\u00e0, \"gruetzi\" significa \"hola\".","robots":{"index":"index","follow":"follow","max-snippet":"max-snippet:-1","max-image-preview":"max-image-preview:large","max-video-preview":"max-video-preview:-1"},"canonical":"https:\/\/www.gruetzi.es\/ca\/","og_locale":"ca_ES","og_type":"article","og_title":"Intro - Gruetzi, agencia creativa de publicidad, desarrollo web, seo\/sem, dise\u00f1o gr\u00e1fico en Barcelona","og_description":"A Barcelona, ag\u00e8ncia creativa de publicitat, disseny gr\u00e0fic i desenvolupament web. Per\u00f2 en algun pa\u00eds no gaire lluny\u00e0, \"gruetzi\" significa \"hola\".","og_url":"https:\/\/www.gruetzi.es\/ca\/","og_site_name":"Gruetzi, agencia creativa de publicidad, desarrollo web, seo\/sem, dise\u00f1o gr\u00e1fico en Barcelona","article_modified_time":"2023-06-13T07:36:44+00:00","twitter_card":"summary_large_image","twitter_misc":{"Temps estimat de lectura":"2 minuts"},"schema":{"@context":"https:\/\/schema.org","@graph":[{"@type":"WebPage","@id":"https:\/\/www.gruetzi.es\/ca\/","url":"https:\/\/www.gruetzi.es\/ca\/","name":"Intro - Gruetzi, agencia creativa de publicidad, desarrollo web, seo\/sem, dise\u00f1o gr\u00e1fico en Barcelona","isPartOf":{"@id":"https:\/\/www.gruetzi.es\/#website"},"datePublished":"2018-09-20T04:40:51+00:00","dateModified":"2023-06-13T07:36:44+00:00","description":"A Barcelona, ag\u00e8ncia creativa de publicitat, disseny gr\u00e0fic i desenvolupament web. Per\u00f2 en algun pa\u00eds no gaire lluny\u00e0, \"gruetzi\" significa \"hola\".","breadcrumb":{"@id":"https:\/\/www.gruetzi.es\/ca\/#breadcrumb"},"inLanguage":"ca","potentialAction":[{"@type":"ReadAction","target":["https:\/\/www.gruetzi.es\/ca\/"]}]},{"@type":"BreadcrumbList","@id":"https:\/\/www.gruetzi.es\/ca\/#breadcrumb","itemListElement":[{"@type":"ListItem","position":1,"name":"Portada","item":"https:\/\/www.gruetzi.es\/ca\/"},{"@type":"ListItem","position":2,"name":"Intro"}]},{"@type":"WebSite","@id":"https:\/\/www.gruetzi.es\/#website","url":"https:\/\/www.gruetzi.es\/","name":"Gruetzi, agencia creativa de publicidad, desarrollo web, seo\/sem, dise\u00f1o gr\u00e1fico en Barcelona","description":"Gruetzi, agencia creativa de publicidad, desarrollo web, seo\/sem, dise\u00f1o gr\u00e1fico en Barcelona","potentialAction":[{"@type":"SearchAction","target":{"@type":"EntryPoint","urlTemplate":"https:\/\/www.gruetzi.es\/?s={search_term_string}"},"query-input":{"@type":"PropertyValueSpecification","valueRequired":true,"valueName":"search_term_string"}}],"inLanguage":"ca"}]}},"_links":{"self":[{"href":"https:\/\/www.gruetzi.es\/ca\/wp-json\/wp\/v2\/pages\/1403","targetHints":{"allow":["GET"]}}],"collection":[{"href":"https:\/\/www.gruetzi.es\/ca\/wp-json\/wp\/v2\/pages"}],"about":[{"href":"https:\/\/www.gruetzi.es\/ca\/wp-json\/wp\/v2\/types\/page"}],"author":[{"embeddable":true,"href":"https:\/\/www.gruetzi.es\/ca\/wp-json\/wp\/v2\/users\/1"}],"replies":[{"embeddable":true,"href":"https:\/\/www.gruetzi.es\/ca\/wp-json\/wp\/v2\/comments?post=1403"}],"version-history":[{"count":9,"href":"https:\/\/www.gruetzi.es\/ca\/wp-json\/wp\/v2\/pages\/1403\/revisions"}],"predecessor-version":[{"id":1406,"href":"https:\/\/www.gruetzi.es\/ca\/wp-json\/wp\/v2\/pages\/1403\/revisions\/1406"}],"wp:attachment":[{"href":"https:\/\/www.gruetzi.es\/ca\/wp-json\/wp\/v2\/media?parent=1403"}],"curies":[{"name":"wp","href":"https:\/\/api.w.org\/{rel}","templated":true}]}}