{"id":1491,"date":"2018-09-20T04:40:51","date_gmt":"2018-09-20T04:40:51","guid":{"rendered":"https:\/\/www.gruetzi.es\/politica-privacidad\/"},"modified":"2019-09-24T09:23:39","modified_gmt":"2019-09-24T09:23:39","slug":"politica-de-privacitat","status":"publish","type":"page","link":"https:\/\/www.gruetzi.es\/ca\/politica-de-privacitat\/","title":{"rendered":"Pol\u00edtica de privacitat"},"content":{"rendered":"<p>De conformidad a lo que establece el Reglamento Europeo de Protecci\u00f3n de Datos (Reglamento UE 2016\/679) se informa al usuario que los datos personales facilitados, ser\u00e1n tratados por Gruetzi, SL, el Responsable, en base a su consentimiento y para dar respuesta a su solicitud y el env\u00edo de informaci\u00f3n de su inter\u00e9s.<\/p>\n<p>Sus datos personales ser\u00e1n conservados mientras se mantenga la finalidad para la que son tratados o hasta el momento en que se solicite la supresi\u00f3n y de conformidad a lo previsto por la legislaci\u00f3n vigente. Los datos no ser\u00e1n cedidos a terceros ni est\u00e1 prevista la transferencia internacional de datos.<\/p>\n<p>Puede ejercer los derechos de acceso, rectificaci\u00f3n, supresi\u00f3n, limitaci\u00f3n, portabilidad y oposici\u00f3n dirigiendo un escrito a Gruetzi, SL, Ronda General Mitre, 126, 6, 08021 de Barcelona o por e-mail a info@gruetzi.es Tambi\u00e9n puede ejercitar la tutela de tus derechos ante la Agencia Espa\u00f1ola de Protecci\u00f3n de Datos.<\/p>\n<h3>Ley aplicable y jurisdicci\u00f3n<\/h3>\n<p>Para la resoluci\u00f3n de todas las controversias o cuestiones relacionadas con el presente sitio web o de las actividades en \u00e9l desarrolladas, ser\u00e1 de aplicaci\u00f3n la legislaci\u00f3n espa\u00f1ola, a la que se someten expresamente las partes, siendo competentes para la resoluci\u00f3n de todos los conflictos derivados o relacionados con su uso los Juzgados y Tribunales de la ciudad de Barcelona.<\/p>\n","protected":false},"excerpt":{"rendered":"<p>De conformidad a lo que establece el Reglamento Europeo de Protecci\u00f3n de Datos (Reglamento UE 2016\/679) se informa al usuario que los datos personales facilitados, ser\u00e1n tratados por Gruetzi, SL, el Responsable, en base a su consentimiento y para dar respuesta a su solicitud y el env\u00edo de informaci\u00f3n de su inter\u00e9s. Sus datos personales &#8230; <br \/><a class=\"read-more\" href=\"https:\/\/www.gruetzi.es\/ca\/politica-de-privacitat\/\">Read More<\/a><\/p>\n","protected":false},"author":1,"featured_media":0,"parent":0,"menu_order":0,"comment_status":"closed","ping_status":"open","template":"","meta":{"_acf_changed":false,"inline_featured_image":false,"_monsterinsights_skip_tracking":false,"_monsterinsights_sitenote_active":false,"_monsterinsights_sitenote_note":"","_monsterinsights_sitenote_category":0,"footnotes":""},"class_list":["post-1491","page","type-page","status-publish","hentry"],"acf":[],"yoast_head":"<!-- This site is optimized with the Yoast SEO plugin v27.4 - https:\/\/yoast.com\/product\/yoast-seo-wordpress\/ -->\n<title>Pol\u00edtica de privacitat - Gruetzi, agencia creativa de publicidad, desarrollo web, seo\/sem, dise\u00f1o gr\u00e1fico en Barcelona<\/title>\n<meta name=\"robots\" content=\"index, follow, max-snippet:-1, max-image-preview:large, max-video-preview:-1\" \/>\n<link rel=\"canonical\" href=\"https:\/\/www.gruetzi.es\/ca\/politica-de-privacitat\/\" \/>\n<meta property=\"og:locale\" content=\"ca_ES\" \/>\n<meta property=\"og:type\" content=\"article\" \/>\n<meta property=\"og:title\" content=\"Pol\u00edtica de privacitat - Gruetzi, agencia creativa de publicidad, desarrollo web, seo\/sem, dise\u00f1o gr\u00e1fico en Barcelona\" \/>\n<meta property=\"og:description\" content=\"De conformidad a lo que establece el Reglamento Europeo de Protecci\u00f3n de Datos (Reglamento UE 2016\/679) se informa al usuario que los datos personales facilitados, ser\u00e1n tratados por Gruetzi, SL, el Responsable, en base a su consentimiento y para dar respuesta a su solicitud y el env\u00edo de informaci\u00f3n de su inter\u00e9s. Sus datos personales ... Read More\" \/>\n<meta property=\"og:url\" content=\"https:\/\/www.gruetzi.es\/ca\/politica-de-privacitat\/\" \/>\n<meta property=\"og:site_name\" content=\"Gruetzi, agencia creativa de publicidad, desarrollo web, seo\/sem, dise\u00f1o gr\u00e1fico en Barcelona\" \/>\n<meta property=\"article:modified_time\" content=\"2019-09-24T09:23:39+00:00\" \/>\n<meta name=\"twitter:card\" content=\"summary_large_image\" \/>\n<meta name=\"twitter:label1\" content=\"Temps estimat de lectura\" \/>\n\t<meta name=\"twitter:data1\" content=\"1 minut\" \/>\n<!-- \/ Yoast SEO plugin. -->","yoast_head_json":{"title":"Pol\u00edtica de privacitat - Gruetzi, agencia creativa de publicidad, desarrollo web, seo\/sem, dise\u00f1o gr\u00e1fico en Barcelona","robots":{"index":"index","follow":"follow","max-snippet":"max-snippet:-1","max-image-preview":"max-image-preview:large","max-video-preview":"max-video-preview:-1"},"canonical":"https:\/\/www.gruetzi.es\/ca\/politica-de-privacitat\/","og_locale":"ca_ES","og_type":"article","og_title":"Pol\u00edtica de privacitat - Gruetzi, agencia creativa de publicidad, desarrollo web, seo\/sem, dise\u00f1o gr\u00e1fico en Barcelona","og_description":"De conformidad a lo que establece el Reglamento Europeo de Protecci\u00f3n de Datos (Reglamento UE 2016\/679) se informa al usuario que los datos personales facilitados, ser\u00e1n tratados por Gruetzi, SL, el Responsable, en base a su consentimiento y para dar respuesta a su solicitud y el env\u00edo de informaci\u00f3n de su inter\u00e9s. Sus datos personales ... Read More","og_url":"https:\/\/www.gruetzi.es\/ca\/politica-de-privacitat\/","og_site_name":"Gruetzi, agencia creativa de publicidad, desarrollo web, seo\/sem, dise\u00f1o gr\u00e1fico en Barcelona","article_modified_time":"2019-09-24T09:23:39+00:00","twitter_card":"summary_large_image","twitter_misc":{"Temps estimat de lectura":"1 minut"},"schema":{"@context":"https:\/\/schema.org","@graph":[{"@type":"WebPage","@id":"https:\/\/www.gruetzi.es\/ca\/politica-de-privacitat\/","url":"https:\/\/www.gruetzi.es\/ca\/politica-de-privacitat\/","name":"Pol\u00edtica de privacitat - Gruetzi, agencia creativa de publicidad, desarrollo web, seo\/sem, dise\u00f1o gr\u00e1fico en Barcelona","isPartOf":{"@id":"https:\/\/www.gruetzi.es\/#website"},"datePublished":"2018-09-20T04:40:51+00:00","dateModified":"2019-09-24T09:23:39+00:00","breadcrumb":{"@id":"https:\/\/www.gruetzi.es\/ca\/politica-de-privacitat\/#breadcrumb"},"inLanguage":"ca","potentialAction":[{"@type":"ReadAction","target":["https:\/\/www.gruetzi.es\/ca\/politica-de-privacitat\/"]}]},{"@type":"BreadcrumbList","@id":"https:\/\/www.gruetzi.es\/ca\/politica-de-privacitat\/#breadcrumb","itemListElement":[{"@type":"ListItem","position":1,"name":"Portada","item":"https:\/\/www.gruetzi.es\/ca\/"},{"@type":"ListItem","position":2,"name":"Pol\u00edtica de privacitat"}]},{"@type":"WebSite","@id":"https:\/\/www.gruetzi.es\/#website","url":"https:\/\/www.gruetzi.es\/","name":"Gruetzi, agencia creativa de publicidad, desarrollo web, seo\/sem, dise\u00f1o gr\u00e1fico en Barcelona","description":"Gruetzi, agencia creativa de publicidad, desarrollo web, seo\/sem, dise\u00f1o gr\u00e1fico en Barcelona","potentialAction":[{"@type":"SearchAction","target":{"@type":"EntryPoint","urlTemplate":"https:\/\/www.gruetzi.es\/?s={search_term_string}"},"query-input":{"@type":"PropertyValueSpecification","valueRequired":true,"valueName":"search_term_string"}}],"inLanguage":"ca"}]}},"_links":{"self":[{"href":"https:\/\/www.gruetzi.es\/ca\/wp-json\/wp\/v2\/pages\/1491","targetHints":{"allow":["GET"]}}],"collection":[{"href":"https:\/\/www.gruetzi.es\/ca\/wp-json\/wp\/v2\/pages"}],"about":[{"href":"https:\/\/www.gruetzi.es\/ca\/wp-json\/wp\/v2\/types\/page"}],"author":[{"embeddable":true,"href":"https:\/\/www.gruetzi.es\/ca\/wp-json\/wp\/v2\/users\/1"}],"replies":[{"embeddable":true,"href":"https:\/\/www.gruetzi.es\/ca\/wp-json\/wp\/v2\/comments?post=1491"}],"version-history":[{"count":1,"href":"https:\/\/www.gruetzi.es\/ca\/wp-json\/wp\/v2\/pages\/1491\/revisions"}],"predecessor-version":[{"id":1493,"href":"https:\/\/www.gruetzi.es\/ca\/wp-json\/wp\/v2\/pages\/1491\/revisions\/1493"}],"wp:attachment":[{"href":"https:\/\/www.gruetzi.es\/ca\/wp-json\/wp\/v2\/media?parent=1491"}],"curies":[{"name":"wp","href":"https:\/\/api.w.org\/{rel}","templated":true}]}}