{"id":1492,"date":"2019-07-19T10:31:51","date_gmt":"2019-07-19T10:31:51","guid":{"rendered":"https:\/\/www.gruetzi.es\/aviso-legal\/"},"modified":"2019-09-24T09:24:54","modified_gmt":"2019-09-24T09:24:54","slug":"avis-legal","status":"publish","type":"page","link":"https:\/\/www.gruetzi.es\/ca\/avis-legal\/","title":{"rendered":"Av\u00eds legal"},"content":{"rendered":"<h3>Identificaci\u00f3n<\/h3>\n<p>El dominio\u00a0www.gruetzi.es\u00a0pertenece a GRUETZI, SL, con CIF B64632557, titular de este sitio web. El titular pone a disposici\u00f3n de los usuarios el presente AVISO LEGAL y da cumplimiento a las disposiciones la Ley 34\/2002, de Servicios de la Sociedad de la Informaci\u00f3n y del Comercio Electr\u00f3nico.<br \/>\nPropiedad Intelectual\u2028Gruetzi, SL es titular en exclusiva los contenidos del sitio web www. gruetzi.es: textos, gr\u00e1ficos, im\u00e1genes, logotipos, archivos de software, colores, estructura, selecci\u00f3n, ordenaci\u00f3n y presentaci\u00f3n de contenidos, programa de ordenador para la su creaci\u00f3n y su funcionamiento; y est\u00e1 totalmente prohibida la reproducci\u00f3n total y \/ o parcial, explotaci\u00f3n, distribuci\u00f3n, comercializaci\u00f3n, comunicaci\u00f3n p\u00fablica y almacenaje de esta p\u00e1gina y de cualquier otro material y \/ o elemento que la integre protegido por la Ley de Propiedad Intelectual , sin obtener el consentimiento previo de la Titular.<\/p>\n<h3>Condiciones generales de uso<\/h3>\n<p>El usuario del sitio web acepta plenamente y sin reservas las disposiciones incluidas en este Aviso Legal, en la versi\u00f3n publicada por el titular en el momento en que el usuario acceda al sitio web.<br \/>\nLa p\u00e1gina web puede ser visitada libremente y el usuario se compromete a utilizar sus contenidos y servicios de conformidad con la ley y el presente Aviso Legal. A tal efecto, el usuario se abstendr\u00e1 de utilizar el sitio web web con fines o efectos il\u00edcitos, prohibidos y lesivos de los derechos e intereses de terceros.<\/p>\n<h3>Limitaci\u00f3n de responsabilidad<\/h3>\n<p>El titular no se responsabiliza de los errores u omisiones, de los contenidos de la Web u otros contenidos, a los que se pueda acceder a trav\u00e9s de la misma, ni de los da\u00f1os derivados de la utilizaci\u00f3n de la Web, ni por cualquier actuaci\u00f3n realizada sobre la base de la informaci\u00f3n que en ella se facilita.<\/p>\n<p>El titular no garantiza la ausencia de virus u otros elementos lesivos, que pudieran causar da\u00f1os o alteraciones en el sistema inform\u00e1tico, en los documentos electr\u00f3nicos o en los ficheros del usuario del sitio web; tampoco es responde de los da\u00f1os y perjuicios, que tales elementos pudieran ocasionar al usuario o terceros.<\/p>\n<p>Este sitio web tiene car\u00e1cter informativo y su contenido podr\u00e1 ser modificado, ampliado o suprimido en cualquier momento, sin previo aviso. El titular se reserva el derecho de actualizar los contenidos de la p\u00e1gina web y eliminarlos, as\u00ed como de limitar e impedir el acceso a los mismos, ya sea temporal o definitivamente, sin previa notificaci\u00f3n.<\/p>\n","protected":false},"excerpt":{"rendered":"<p>Identificaci\u00f3n El dominio\u00a0www.gruetzi.es\u00a0pertenece a GRUETZI, SL, con CIF B64632557, titular de este sitio web. El titular pone a disposici\u00f3n de los usuarios el presente AVISO LEGAL y da cumplimiento a las disposiciones la Ley 34\/2002, de Servicios de la Sociedad de la Informaci\u00f3n y del Comercio Electr\u00f3nico. Propiedad Intelectual\u2028Gruetzi, SL es titular en exclusiva los &#8230; <br \/><a class=\"read-more\" href=\"https:\/\/www.gruetzi.es\/ca\/avis-legal\/\">Read More<\/a><\/p>\n","protected":false},"author":1,"featured_media":0,"parent":0,"menu_order":0,"comment_status":"closed","ping_status":"closed","template":"","meta":{"_acf_changed":false,"inline_featured_image":false,"_monsterinsights_skip_tracking":false,"_monsterinsights_sitenote_active":false,"_monsterinsights_sitenote_note":"","_monsterinsights_sitenote_category":0,"footnotes":""},"class_list":["post-1492","page","type-page","status-publish","hentry"],"acf":[],"yoast_head":"<!-- This site is optimized with the Yoast SEO plugin v27.5 - https:\/\/yoast.com\/product\/yoast-seo-wordpress\/ -->\n<title>Av\u00eds legal - Gruetzi, agencia creativa de publicidad, desarrollo web, seo\/sem, dise\u00f1o gr\u00e1fico en Barcelona<\/title>\n<meta name=\"robots\" content=\"index, follow, max-snippet:-1, max-image-preview:large, max-video-preview:-1\" \/>\n<link rel=\"canonical\" href=\"https:\/\/www.gruetzi.es\/ca\/avis-legal\/\" \/>\n<meta property=\"og:locale\" content=\"ca_ES\" \/>\n<meta property=\"og:type\" content=\"article\" \/>\n<meta property=\"og:title\" content=\"Av\u00eds legal - Gruetzi, agencia creativa de publicidad, desarrollo web, seo\/sem, dise\u00f1o gr\u00e1fico en Barcelona\" \/>\n<meta property=\"og:description\" content=\"Identificaci\u00f3n El dominio\u00a0www.gruetzi.es\u00a0pertenece a GRUETZI, SL, con CIF B64632557, titular de este sitio web. El titular pone a disposici\u00f3n de los usuarios el presente AVISO LEGAL y da cumplimiento a las disposiciones la Ley 34\/2002, de Servicios de la Sociedad de la Informaci\u00f3n y del Comercio Electr\u00f3nico. Propiedad Intelectual\u2028Gruetzi, SL es titular en exclusiva los ... Read More\" \/>\n<meta property=\"og:url\" content=\"https:\/\/www.gruetzi.es\/ca\/avis-legal\/\" \/>\n<meta property=\"og:site_name\" content=\"Gruetzi, agencia creativa de publicidad, desarrollo web, seo\/sem, dise\u00f1o gr\u00e1fico en Barcelona\" \/>\n<meta property=\"article:modified_time\" content=\"2019-09-24T09:24:54+00:00\" \/>\n<meta name=\"twitter:card\" content=\"summary_large_image\" \/>\n<meta name=\"twitter:label1\" content=\"Temps estimat de lectura\" \/>\n\t<meta name=\"twitter:data1\" content=\"2 minuts\" \/>\n<!-- \/ Yoast SEO plugin. -->","yoast_head_json":{"title":"Av\u00eds legal - Gruetzi, agencia creativa de publicidad, desarrollo web, seo\/sem, dise\u00f1o gr\u00e1fico en Barcelona","robots":{"index":"index","follow":"follow","max-snippet":"max-snippet:-1","max-image-preview":"max-image-preview:large","max-video-preview":"max-video-preview:-1"},"canonical":"https:\/\/www.gruetzi.es\/ca\/avis-legal\/","og_locale":"ca_ES","og_type":"article","og_title":"Av\u00eds legal - Gruetzi, agencia creativa de publicidad, desarrollo web, seo\/sem, dise\u00f1o gr\u00e1fico en Barcelona","og_description":"Identificaci\u00f3n El dominio\u00a0www.gruetzi.es\u00a0pertenece a GRUETZI, SL, con CIF B64632557, titular de este sitio web. El titular pone a disposici\u00f3n de los usuarios el presente AVISO LEGAL y da cumplimiento a las disposiciones la Ley 34\/2002, de Servicios de la Sociedad de la Informaci\u00f3n y del Comercio Electr\u00f3nico. Propiedad Intelectual\u2028Gruetzi, SL es titular en exclusiva los ... Read More","og_url":"https:\/\/www.gruetzi.es\/ca\/avis-legal\/","og_site_name":"Gruetzi, agencia creativa de publicidad, desarrollo web, seo\/sem, dise\u00f1o gr\u00e1fico en Barcelona","article_modified_time":"2019-09-24T09:24:54+00:00","twitter_card":"summary_large_image","twitter_misc":{"Temps estimat de lectura":"2 minuts"},"schema":{"@context":"https:\/\/schema.org","@graph":[{"@type":"WebPage","@id":"https:\/\/www.gruetzi.es\/ca\/avis-legal\/","url":"https:\/\/www.gruetzi.es\/ca\/avis-legal\/","name":"Av\u00eds legal - Gruetzi, agencia creativa de publicidad, desarrollo web, seo\/sem, dise\u00f1o gr\u00e1fico en Barcelona","isPartOf":{"@id":"https:\/\/www.gruetzi.es\/#website"},"datePublished":"2019-07-19T10:31:51+00:00","dateModified":"2019-09-24T09:24:54+00:00","breadcrumb":{"@id":"https:\/\/www.gruetzi.es\/ca\/avis-legal\/#breadcrumb"},"inLanguage":"ca","potentialAction":[{"@type":"ReadAction","target":["https:\/\/www.gruetzi.es\/ca\/avis-legal\/"]}]},{"@type":"BreadcrumbList","@id":"https:\/\/www.gruetzi.es\/ca\/avis-legal\/#breadcrumb","itemListElement":[{"@type":"ListItem","position":1,"name":"Portada","item":"https:\/\/www.gruetzi.es\/ca\/"},{"@type":"ListItem","position":2,"name":"Av\u00eds legal"}]},{"@type":"WebSite","@id":"https:\/\/www.gruetzi.es\/#website","url":"https:\/\/www.gruetzi.es\/","name":"Gruetzi, agencia creativa de publicidad, desarrollo web, seo\/sem, dise\u00f1o gr\u00e1fico en Barcelona","description":"Gruetzi, agencia creativa de publicidad, desarrollo web, seo\/sem, dise\u00f1o gr\u00e1fico en Barcelona","potentialAction":[{"@type":"SearchAction","target":{"@type":"EntryPoint","urlTemplate":"https:\/\/www.gruetzi.es\/?s={search_term_string}"},"query-input":{"@type":"PropertyValueSpecification","valueRequired":true,"valueName":"search_term_string"}}],"inLanguage":"ca"}]}},"_links":{"self":[{"href":"https:\/\/www.gruetzi.es\/ca\/wp-json\/wp\/v2\/pages\/1492","targetHints":{"allow":["GET"]}}],"collection":[{"href":"https:\/\/www.gruetzi.es\/ca\/wp-json\/wp\/v2\/pages"}],"about":[{"href":"https:\/\/www.gruetzi.es\/ca\/wp-json\/wp\/v2\/types\/page"}],"author":[{"embeddable":true,"href":"https:\/\/www.gruetzi.es\/ca\/wp-json\/wp\/v2\/users\/1"}],"replies":[{"embeddable":true,"href":"https:\/\/www.gruetzi.es\/ca\/wp-json\/wp\/v2\/comments?post=1492"}],"version-history":[{"count":2,"href":"https:\/\/www.gruetzi.es\/ca\/wp-json\/wp\/v2\/pages\/1492\/revisions"}],"predecessor-version":[{"id":1495,"href":"https:\/\/www.gruetzi.es\/ca\/wp-json\/wp\/v2\/pages\/1492\/revisions\/1495"}],"wp:attachment":[{"href":"https:\/\/www.gruetzi.es\/ca\/wp-json\/wp\/v2\/media?parent=1492"}],"curies":[{"name":"wp","href":"https:\/\/api.w.org\/{rel}","templated":true}]}}