{"id":147,"date":"2015-04-24T11:24:03","date_gmt":"2015-04-24T10:24:03","guid":{"rendered":"http:\/\/www.gruetzi.es\/muestraabogados\/?page_id=147"},"modified":"2021-10-11T08:54:38","modified_gmt":"2021-10-11T06:54:38","slug":"aviso-legal","status":"publish","type":"page","link":"https:\/\/www.gruetzi.es\/muestraabogados\/aviso-legal\/","title":{"rendered":"AVISO LEGAL"},"content":{"rendered":"<p class=\"p1\"><b>AVISO LEGAL<\/b><\/p>\n<p class=\"p2\">En cumplimiento de la Ley 34\/2002 de Servicios de la Sociedad de la Informaci\u00f3n y de Comercio Electr\u00f3nico de Espa\u00f1a, le informamos que esta p\u00e1gina Web es propiedad de <b>Gruetzi, SL<\/b>, en adelante <b>Gruetzi<\/b>, con domicilio en V\u00eda Augusta, 9, entlo. 1\u00aa A \u00b7 08006 Barcelona (Espa\u00f1a), con C.I.F. n\u00ba B-64632557 e inscrita\u00a0 en el Registro Mercantil de Barcelona con los siguientes datos: Tomo: 39850, Folio 11, Hoja B 353828, Inscripci\u00f3n 1.<\/p>\n<p>Para cualquier consulta o propuesta, cont\u00e1ctenos a trav\u00e9s del formulario de\u00a0<a href=\"http:\/\/www.gruetzi.es\/contacto-agencia-publicidad-barcelona-dise%C3%B1o_grafico-dise%C3%B1o_web.html\"><span class=\"s1\">contacto<\/span><\/a>, o tel\u00e9fono +34 93 368 91 09.<\/p>\n<p>Esta p\u00e1gina Web se rige por la normativa exclusivamente aplicable en Espa\u00f1a,\u00a0 quedando sometida a ella, tanto nacionales como extranjeros que utilicen esta Web.<\/p>\n<p>El acceso a nuestra p\u00e1gina Web por parte del USUARIO es gratuito y est\u00e1 condicionado\u00a0 a la previa lectura y aceptaci\u00f3n integra, expresa y sin reservas de las presentes <b>CONDICIONES GENERALES DE USO<\/b> vigentes en el momento del acceso, que rogamos lea detenidamente. El USUARIO en el momento que utiliza nuestro portal, sus contenidos o servicios, <b>acepta y se somete expresamente a las condiciones generales de uso del mismo<\/b>. Si el usuario no estuviere de acuerdo con las presentes condiciones de uso, deber\u00e1 abstenerse de utilizar este portal y operar por medio del mismo.<\/p>\n<p>En cualquier momento podremos modificar la presentaci\u00f3n y configuraci\u00f3n de nuestra Web,\u00a0 ampliar o reducir servicios, e incluso suprimirla de la Red, as\u00ed como los servicios y contenidos prestados, todo ello de forma unilateral y sin previo aviso.<\/p>\n<p class=\"p2\"><b>\u00a0<\/b><\/p>\n<p class=\"p2\"><b>A. PROPIEDAD INTELECTUAL<\/b><\/p>\n<p class=\"p2\">Todos los contenidos, textos, im\u00e1genes, y c\u00f3digos fuente son propiedad de <b>Gruetzi<\/b>o de terceros que a los que se han adquirido sus derechos de explotaci\u00f3n, y est\u00e1n protegidos por los derechos de Propiedad Intelectual e Industrial.<\/p>\n<p class=\"p2\">El usuario \u00fanicamente tiene derecho a un uso privado de los mismos, sin \u00e1nimo de lucro, y necesita autorizaci\u00f3n expresa de <b>Gruetzi<\/b> y\/o el titular de los derechos para modificarlos, reproducirlos, explotarlos, distribuirlos o cualquier derecho perteneciente a su titular.<\/p>\n<p class=\"p2\">El establecimiento de enlaces a nuestro portal no confiere ning\u00fan derecho sobre el mismo, y se autoriza exclusivamente a permitir el acceso a nuestra web, quedando prohibida en otras p\u00e1ginas la reproducci\u00f3n total o parcial de las im\u00e1genes y contenidos de nuestro portal. Asimismo, el simple hecho de establecer un enlace a nuestra p\u00e1gina web no da derecho a otorgarse la categor\u00eda de colaborador o socio de<b>Gruetzi<\/b>.<\/p>\n<p>Est\u00e1 absolutamente prohibida la imitaci\u00f3n ya sea total o parcial de nuestro portal.<\/p>\n<p class=\"p2\"><b>\u00a0<\/b><\/p>\n<p class=\"p2\"><b>B. CONDICIONES DE ACCESO<\/b><\/p>\n<p class=\"p2\">El acceso a nuestra p\u00e1gina Web es gratuito y no exige previa suscripci\u00f3n o registro. No obstante, <b>Gruetzi<\/b> se reserva el derecho de ofrecer servicios que requieran el registro previo del usuario. En todo caso, estos servicios quedar\u00e1n debidamente identificados en la Web, con f\u00e1ciles indicaciones para su registro.<\/p>\n<p class=\"p2\">El usuario debe acceder a nuestra p\u00e1gina Web conforme a la buena fe, las normas de orden p\u00fablico, a las presentes Condiciones Generales de uso. El acceso a nuestro sitio Web se realiza bajo la propia y exclusiva responsabilidad del usuario, que responder\u00e1 en todo caso de los da\u00f1os y perjuicios que pueda causar a terceros o a nosotros mismos.<\/p>\n<p>El usuario tiene expresamente prohibido la utilizaci\u00f3n y obtenci\u00f3n de los servicios y contenidos ofrecidos en la presente p\u00e1gina web, por procedimientos distintos a los estipulados en las presentes condiciones de uso, y en su caso en las condiciones particulares que regulen la adquisici\u00f3n de determinados servicios.<\/p>\n<p>Teniendo en cuenta la imposibilidad de control respecto a\u00a0 la informaci\u00f3n, contenidos y servicios que contengan otras websites a los que se pueda acceder a trav\u00e9s de los enlaces que nuestra p\u00e1gina web pone a su disposici\u00f3n, le comunicamos que<b>Gruetzi<\/b>, queda eximida de cualquier responsabilidad por los da\u00f1os y perjuicios de toda clase que pudiesen derivar por la utilizaci\u00f3n de esas p\u00e1ginas web ajenas a nuestra empresa por parte del usuario.<\/p>\n<p><b>Gruetzi<\/b> se reserva el derecho de ejercitar las acciones legales oportunas contra aquellos USUARIOS que vulneren las presentes condiciones generales de uso, aceptando el USUARIO que la no iniciaci\u00f3n de estas acciones no constituye una renuncia formal a los mismas, permaneciendo \u00e9stas vigentes hasta los plazos de prescripci\u00f3n de las infracciones.<\/p>\n<p class=\"p2\"><b>\u00a0<\/b><\/p>\n<p class=\"p2\"><b>C. PROTECCI\u00d3N DE DATOS PERSONALES<\/b><\/p>\n<p>La confidencialidad, el secreto profesional y la seguridad son valores primordiales de<b>Gruetzi<\/b>, que asume el compromiso de garantizar la privacidad del usuario o visitante en todo momento, y en todas las interacciones con aquel. <b>Gruetzi<\/b> asume tambi\u00e9n el compromiso de no recabar informaci\u00f3n innecesaria sobre el Usuario. Asimismo, nos comprometemos a tratar con extrema diligencia la informaci\u00f3n personal que el Usuario pueda facilitar a trav\u00e9s de nuestra web<\/p>\n<p>De conformidad con la Ley Org\u00e1nica 15\/1999 de Protecci\u00f3n de Datos de Car\u00e1cter Personal (LOPD), y Real Decreto 1720\/2007 de desarrollo de la LOPD, le informamos que la utilizaci\u00f3n de determinados servicios en nuestra p\u00e1gina web requiere que nos facilite determinados datos personales a trav\u00e9s de formularios de registro o mediante el env\u00edo de mensajes de correo electr\u00f3nico, y que \u00e9stos ser\u00e1n objeto de tratamiento e incorporados a los ficheros de <b>Gruetzi<\/b>, titular y responsable del mismo. El env\u00edo referido de los datos personales constituye el consentimiento expreso al tratamiento de los mismos, si bien de car\u00e1cter revocable y sin efectos retroactivos.<\/p>\n<p>Asimismo le informamos que todos nuestros ficheros se encuentran legalmente inscritos en el Registro General de Datos Personales de la Agencia Espa\u00f1ola de Protecci\u00f3n de Datos, as\u00ed como que para salvaguardar la seguridad de sus datos personales se aplicar\u00e1n las medidas de seguridad t\u00e9cnicas y organizativas exigidas en el Real Decreto 1720\/2007 que regula el reglamento de medidas de seguridad de los ficheros que contengan datos de car\u00e1cter personal.<\/p>\n<p class=\"p2\"><b>\u00a0<\/b><\/p>\n<p class=\"p2\"><b>Uso de sus datos personales<\/b><\/p>\n<p>Los datos que le solicitamos son los adecuados, pertinentes y estrictamente necesarios para la finalidad por la que se recogen, y <b>en ning\u00fan caso est\u00e1 obligado a facilit\u00e1rnoslos<\/b>. Asimismo, nos certifica que todos los datos que nos facilita son ciertos, veraces y pertinentes para la finalidad por la que se los solicitamos.<\/p>\n<p>Nuestra p\u00e1gina Web, recoge sus datos personales mediante la recepci\u00f3n de diversos formularios y a trav\u00e9s del correo electr\u00f3nico d\u00f3nde puede solicitarnos cualquier tipo de informaci\u00f3n, aclaraci\u00f3n o duda, e incluso remitirnos su curr\u00edculum vitae. El env\u00edo de los mismos implica su autorizaci\u00f3n a incorporarlos a nuestros ficheros correspondientes, si <b>Gruetzi<\/b> lo considera conveniente,\u00a0 y \u00e9stos estar\u00e1n regulados por las presentes pol\u00edticas de privacidad. Sus datos ser\u00e1n incorporados a nuestros ficheros de tratamiento de datos.<\/p>\n<p><b>Gruetzi<\/b> se reserva el derecho de decidir la incorporaci\u00f3n o no de sus datos personales a sus ficheros.<\/p>\n<p class=\"p2\"><b>Derechos de acceso, rectificaci\u00f3n, cancelaci\u00f3n de sus datos personales<\/b><\/p>\n<p class=\"p2\">En cualquier momento puede oponerse a nuestros env\u00edos comerciales, as\u00ed como ejercer sus derechos de acceso, rectificaci\u00f3n y cancelaci\u00f3n en los t\u00e9rminos establecidos legalmente, pudiendo en la direcci\u00f3n y datos indicados en el inicio del presente Aviso Legal, aport\u00e1ndonos copia de su D.N.I.<\/p>\n<p class=\"p2\"><b>Comunicaciones de datos<\/b><\/p>\n<p class=\"p2\"><b>Gruetzi<\/b> le informa que sus datos son tratados confidencialmente y son utilizados exclusivamente de manera interna y para las finalidades indicadas. Por lo tanto, no cedemos ni comunicamos a ning\u00fan tercero tus datos, excepto en los casos legalmente previstos, o que el USUARIO nos lo autorice expresamente.<\/p>\n<p class=\"p2\"><b>\u00a0<\/b><\/p>\n<p class=\"p2\"><b>Seguridad de sus datos personales<\/b><\/p>\n<p>Con el objetivo de salvaguardar la seguridad de sus datos personales, le informamos que <b>Gruetzi<\/b> ha adoptando todas las medidas de \u00edndole t\u00e9cnica y organizativa necesarias para garantizar la seguridad de los datos personales suministrados de su alteraci\u00f3n, p\u00e9rdida, y tratamientos o accesos no autorizados, tal como exige el Real Decreto 1720\/2007 regula el reglamento de medidas de seguridad de los ficheros que contengan datos de car\u00e1cter personal.<\/p>\n<p class=\"p2\"><b>\u00a0<\/b><\/p>\n<p class=\"p2\"><b>Actualizaci\u00f3n de sus datos<\/b><\/p>\n<p class=\"p2\">Es importante que para que podamos mantener sus datos personales actualizados, nos informe siempre que haya habido alguna modificaci\u00f3n en ellos, en caso contrario, no respondemos de la veracidad de los mismos.<\/p>\n<p>Consideramos que si no cancela sus datos personales expresamente de nuestros ficheros, contin\u00faa\u00a0 interesado en seguir incorporado a los mismos hasta que <b>Gruetzi<\/b>lo considere oportuno y mientras sea adecuado a la finalidad por la que se obtuvieron.<\/p>\n<p><b>Gruetzi<\/b>, no se hace responsable de la pol\u00edtica de privacidad respecto a los datos personales que pueda facilitar a terceros por medio de los enlaces disponibles en nuestra p\u00e1gina web.<\/p>\n<p>Gruetzi puede modificar las presentes pol\u00edticas de privacidad para adaptarlas a las modificaciones que se produzca en nuestra web, as\u00ed como modificaciones legislativas o jurisprudenciales sobre datos personales que vayan apareciendo, por lo que exige su lectura, cada vez que nos facilite sus datos a trav\u00e9s de esta Web.<\/p>\n<p class=\"p2\"><b>\u00a0<\/b><\/p>\n<p class=\"p2\"><b>D. RESPONSABILIDADES<\/b><\/p>\n<p class=\"p2\">Al poner a disposici\u00f3n del usuario esta p\u00e1gina Web queremos ofrecerle toda una serie de contenidos y servicios de calidad, utilizando la m\u00e1xima diligencia en la prestaci\u00f3n de los mismos as\u00ed como en los medios tecnol\u00f3gicos utilizados. No obstante, no responderemos de la presencia de virus y otros elementos que de alg\u00fan modo puedan da\u00f1ar el sistema inform\u00e1tico del usuario.<\/p>\n<p class=\"p2\">El USUARIO tiene prohibido cualquier tipo de acci\u00f3n sobre nuestro portal que origine una excesiva sobrecarga de funcionamiento a nuestros sistemas inform\u00e1ticos, as\u00ed como la introducci\u00f3n de virus, o instalaci\u00f3n de robots, o software que altere el normal funcionamiento de nuestra web, o en definitiva pueda causar da\u00f1os a nuestros sistemas inform\u00e1ticos.<\/p>\n<p class=\"p2\">El usuario asume toda la responsabilidad derivada del uso de nuestra p\u00e1gina web, siendo el \u00fanico responsable de todo efecto directo o indirecto que sobre la p\u00e1gina web se derive, incluyendo, de forma enunciativa y no limitativa, todo resultado econ\u00f3mico, t\u00e9cnico y\/o jur\u00eddico adverso, as\u00ed como la defraudaci\u00f3n de las expectativas generadas por nuestro portal, oblig\u00e1ndose el usuario a mantener indemne a <b>Gruetzi<\/b> por cualesquiera reclamaciones derivadas, directa o indirectamente de tales hechos.<\/p>\n<p><b>Gruetzi<\/b> queda exonerado de responsabilidad por cualquier reclamaci\u00f3n respecto a los derechos de propiedad intelectual de los art\u00edculos e im\u00e1genes publicadas en su portal, as\u00ed como, no garantiza la exactitud, veracidad y vigencia de los contenidos de esta p\u00e1gina web, ya sean propios, de terceros, o enlazables a otras web sites, quedando totalmente exonerada de cualquier responsabilidad derivada del uso de la mismos.<\/p>\n<p><b>Gruetzi<\/b> queda exonerada de cualquier responsabilidad derivada de cualquier reclamaci\u00f3n, incluido el pago de honorarios a abogados,\u00a0 por las\u00a0 demandas y reclamaciones originadas por terceros por el incumplimiento por parte del USUARIO de nuestras condiciones de uso,\u00a0 acceso y pol\u00edtica de privacidad, o cualesquiera otra reclamaci\u00f3n por el incumplimiento de la legislaci\u00f3n vigente.<\/p>\n<p>El USUARIO reconoce que ha entendido toda la informaci\u00f3n respecto a las condiciones de uso de nuestro portal, y reconoce que son suficientes para la exclusi\u00f3n del error en las mismas, y por lo tanto, las acepta integra y expresamente.<\/p>\n<p>El USUARIO es plenamente consciente de que la mera navegaci\u00f3n por la presente p\u00e1gina web, as\u00ed como la utilizaci\u00f3n de sus servicios, implica la aceptaci\u00f3n de las presentes condiciones de uso.<\/p>\n<p>Todo lo referente a\u00a0 nuestra p\u00e1gina web, se rige exclusivamente por las leyes espa\u00f1olas. En el caso de que se produzca cualquier tipo de discrepancia o diferencia entre las partes en relaci\u00f3n con la interpretaci\u00f3n y contenido de la presente p\u00e1gina web, todas las partes se someten, con renuncia expresa a cualquier otro fuero, a los Juzgados y Tribunales de Barcelona.<\/p>\n<p class=\"p2\"><b>E. VIGENCIA DE LAS CONDICIONES GENERALES DE USO<\/b><\/p>\n<p>Las presentes Condiciones Generales de Uso han sido modificadas con fecha 17 de marzo de 2010. En cualquier momento podemos proceder a su modificaci\u00f3n: por favor, compruebe la fecha de emisi\u00f3n en cada ocasi\u00f3n en que se conecte a nuestra p\u00e1gina Web y as\u00ed tendr\u00e1 la certeza de que no se ha producido modificaci\u00f3n alguna que le afecte.<\/p>\n<p class=\"p2\">Para cualquier cuesti\u00f3n respecto a las Condiciones de Uso de nuestra p\u00e1gina web, puede ponerse en contacto con nosotros en los datos arriba indicados.<\/p>\n","protected":false},"excerpt":{"rendered":"<p>AVISO LEGAL En cumplimiento de la Ley 34\/2002 de Servicios de la Sociedad de la Informaci\u00f3n y de Comercio Electr\u00f3nico de Espa\u00f1a, le informamos que esta p\u00e1gina Web es propiedad de Gruetzi, SL, en adelante Gruetzi, con domicilio en V\u00eda Augusta, 9, entlo. 1\u00aa A \u00b7 08006 Barcelona (Espa\u00f1a), con C.I.F. n\u00ba B-64632557 e inscrita\u00a0 en el Registro Mercantil de Barcelona con los siguientes datos: Tomo: 39850, Folio 11, Hoja B 353828, Inscripci\u00f3n 1. Para cualquier consulta o propuesta, cont\u00e1ctenos&hellip; <\/p>\n","protected":false},"author":1,"featured_media":0,"parent":0,"menu_order":0,"comment_status":"closed","ping_status":"open","template":"","meta":{"_monsterinsights_skip_tracking":false,"_monsterinsights_sitenote_active":false,"_monsterinsights_sitenote_note":"","_monsterinsights_sitenote_category":0,"footnotes":""},"class_list":["post-147","page","type-page","status-publish","hentry"],"yoast_head":"<!-- This site is optimized with the Yoast SEO plugin v27.4 - https:\/\/yoast.com\/product\/yoast-seo-wordpress\/ -->\n<title>P\u00e1gina web GRATIS* para abogados (muestra &quot;Aviso Legal&quot;)<\/title>\n<meta name=\"description\" content=\"Esta es la muestra de la plantilla de la web GRATIS* que se adapta a la imagen de cada despacho. *Consulta condiciones seg\u00fan Colegio | www.gruetzi.es\" \/>\n<meta name=\"robots\" content=\"index, follow, max-snippet:-1, max-image-preview:large, max-video-preview:-1\" \/>\n<link rel=\"canonical\" href=\"https:\/\/www.gruetzi.es\/muestraabogados\/aviso-legal\/\" \/>\n<meta property=\"og:locale\" content=\"es_ES\" \/>\n<meta property=\"og:type\" content=\"article\" \/>\n<meta property=\"og:title\" content=\"P\u00e1gina web GRATIS* para abogados (muestra &quot;Aviso Legal&quot;)\" \/>\n<meta property=\"og:description\" content=\"Esta es la muestra de la plantilla de la web GRATIS* que se adapta a la imagen de cada despacho. *Consulta condiciones seg\u00fan Colegio | www.gruetzi.es\" \/>\n<meta property=\"og:url\" content=\"https:\/\/www.gruetzi.es\/muestraabogados\/aviso-legal\/\" \/>\n<meta property=\"og:site_name\" content=\"P\u00e1gina web GRATIS* para abogados colegiados\" \/>\n<meta property=\"article:modified_time\" content=\"2021-10-11T06:54:38+00:00\" \/>\n<meta name=\"twitter:card\" content=\"summary_large_image\" \/>\n<meta name=\"twitter:label1\" content=\"Tiempo de lectura\" \/>\n\t<meta name=\"twitter:data1\" content=\"10 minutos\" \/>\n<script type=\"application\/ld+json\" class=\"yoast-schema-graph\">{\"@context\":\"https:\\\/\\\/schema.org\",\"@graph\":[{\"@type\":\"WebPage\",\"@id\":\"https:\\\/\\\/www.gruetzi.es\\\/muestraabogados\\\/aviso-legal\\\/\",\"url\":\"https:\\\/\\\/www.gruetzi.es\\\/muestraabogados\\\/aviso-legal\\\/\",\"name\":\"P\u00e1gina web GRATIS* para abogados (muestra \\\"Aviso Legal\\\")\",\"isPartOf\":{\"@id\":\"https:\\\/\\\/www.gruetzi.es\\\/muestraabogados\\\/#website\"},\"datePublished\":\"2015-04-24T10:24:03+00:00\",\"dateModified\":\"2021-10-11T06:54:38+00:00\",\"description\":\"Esta es la muestra de la plantilla de la web GRATIS* que se adapta a la imagen de cada despacho. *Consulta condiciones seg\u00fan Colegio | www.gruetzi.es\",\"breadcrumb\":{\"@id\":\"https:\\\/\\\/www.gruetzi.es\\\/muestraabogados\\\/aviso-legal\\\/#breadcrumb\"},\"inLanguage\":\"es\",\"potentialAction\":[{\"@type\":\"ReadAction\",\"target\":[\"https:\\\/\\\/www.gruetzi.es\\\/muestraabogados\\\/aviso-legal\\\/\"]}]},{\"@type\":\"BreadcrumbList\",\"@id\":\"https:\\\/\\\/www.gruetzi.es\\\/muestraabogados\\\/aviso-legal\\\/#breadcrumb\",\"itemListElement\":[{\"@type\":\"ListItem\",\"position\":1,\"name\":\"Portada\",\"item\":\"https:\\\/\\\/www.gruetzi.es\\\/muestraabogados\\\/\"},{\"@type\":\"ListItem\",\"position\":2,\"name\":\"AVISO LEGAL\"}]},{\"@type\":\"WebSite\",\"@id\":\"https:\\\/\\\/www.gruetzi.es\\\/muestraabogados\\\/#website\",\"url\":\"https:\\\/\\\/www.gruetzi.es\\\/muestraabogados\\\/\",\"name\":\"P\u00e1gina web GRATIS* para abogados colegiados\",\"description\":\"Web de muestra para despacho de abogados\",\"potentialAction\":[{\"@type\":\"SearchAction\",\"target\":{\"@type\":\"EntryPoint\",\"urlTemplate\":\"https:\\\/\\\/www.gruetzi.es\\\/muestraabogados\\\/?s={search_term_string}\"},\"query-input\":{\"@type\":\"PropertyValueSpecification\",\"valueRequired\":true,\"valueName\":\"search_term_string\"}}],\"inLanguage\":\"es\"}]}<\/script>\n<!-- \/ Yoast SEO plugin. -->","yoast_head_json":{"title":"P\u00e1gina web GRATIS* para abogados (muestra \"Aviso Legal\")","description":"Esta es la muestra de la plantilla de la web GRATIS* que se adapta a la imagen de cada despacho. *Consulta condiciones seg\u00fan Colegio | www.gruetzi.es","robots":{"index":"index","follow":"follow","max-snippet":"max-snippet:-1","max-image-preview":"max-image-preview:large","max-video-preview":"max-video-preview:-1"},"canonical":"https:\/\/www.gruetzi.es\/muestraabogados\/aviso-legal\/","og_locale":"es_ES","og_type":"article","og_title":"P\u00e1gina web GRATIS* para abogados (muestra \"Aviso Legal\")","og_description":"Esta es la muestra de la plantilla de la web GRATIS* que se adapta a la imagen de cada despacho. *Consulta condiciones seg\u00fan Colegio | www.gruetzi.es","og_url":"https:\/\/www.gruetzi.es\/muestraabogados\/aviso-legal\/","og_site_name":"P\u00e1gina web GRATIS* para abogados colegiados","article_modified_time":"2021-10-11T06:54:38+00:00","twitter_card":"summary_large_image","twitter_misc":{"Tiempo de lectura":"10 minutos"},"schema":{"@context":"https:\/\/schema.org","@graph":[{"@type":"WebPage","@id":"https:\/\/www.gruetzi.es\/muestraabogados\/aviso-legal\/","url":"https:\/\/www.gruetzi.es\/muestraabogados\/aviso-legal\/","name":"P\u00e1gina web GRATIS* para abogados (muestra \"Aviso Legal\")","isPartOf":{"@id":"https:\/\/www.gruetzi.es\/muestraabogados\/#website"},"datePublished":"2015-04-24T10:24:03+00:00","dateModified":"2021-10-11T06:54:38+00:00","description":"Esta es la muestra de la plantilla de la web GRATIS* que se adapta a la imagen de cada despacho. *Consulta condiciones seg\u00fan Colegio | www.gruetzi.es","breadcrumb":{"@id":"https:\/\/www.gruetzi.es\/muestraabogados\/aviso-legal\/#breadcrumb"},"inLanguage":"es","potentialAction":[{"@type":"ReadAction","target":["https:\/\/www.gruetzi.es\/muestraabogados\/aviso-legal\/"]}]},{"@type":"BreadcrumbList","@id":"https:\/\/www.gruetzi.es\/muestraabogados\/aviso-legal\/#breadcrumb","itemListElement":[{"@type":"ListItem","position":1,"name":"Portada","item":"https:\/\/www.gruetzi.es\/muestraabogados\/"},{"@type":"ListItem","position":2,"name":"AVISO LEGAL"}]},{"@type":"WebSite","@id":"https:\/\/www.gruetzi.es\/muestraabogados\/#website","url":"https:\/\/www.gruetzi.es\/muestraabogados\/","name":"P\u00e1gina web GRATIS* para abogados colegiados","description":"Web de muestra para despacho de abogados","potentialAction":[{"@type":"SearchAction","target":{"@type":"EntryPoint","urlTemplate":"https:\/\/www.gruetzi.es\/muestraabogados\/?s={search_term_string}"},"query-input":{"@type":"PropertyValueSpecification","valueRequired":true,"valueName":"search_term_string"}}],"inLanguage":"es"}]}},"_links":{"self":[{"href":"https:\/\/www.gruetzi.es\/muestraabogados\/wp-json\/wp\/v2\/pages\/147","targetHints":{"allow":["GET"]}}],"collection":[{"href":"https:\/\/www.gruetzi.es\/muestraabogados\/wp-json\/wp\/v2\/pages"}],"about":[{"href":"https:\/\/www.gruetzi.es\/muestraabogados\/wp-json\/wp\/v2\/types\/page"}],"author":[{"embeddable":true,"href":"https:\/\/www.gruetzi.es\/muestraabogados\/wp-json\/wp\/v2\/users\/1"}],"replies":[{"embeddable":true,"href":"https:\/\/www.gruetzi.es\/muestraabogados\/wp-json\/wp\/v2\/comments?post=147"}],"version-history":[{"count":4,"href":"https:\/\/www.gruetzi.es\/muestraabogados\/wp-json\/wp\/v2\/pages\/147\/revisions"}],"predecessor-version":[{"id":149,"href":"https:\/\/www.gruetzi.es\/muestraabogados\/wp-json\/wp\/v2\/pages\/147\/revisions\/149"}],"wp:attachment":[{"href":"https:\/\/www.gruetzi.es\/muestraabogados\/wp-json\/wp\/v2\/media?parent=147"}],"curies":[{"name":"wp","href":"https:\/\/api.w.org\/{rel}","templated":true}]}}