{"id":140,"date":"2015-04-21T09:27:32","date_gmt":"2015-04-21T09:27:32","guid":{"rendered":"http:\/\/www.gruetzi.es\/web-low-cost\/?page_id=140"},"modified":"2018-06-26T13:08:56","modified_gmt":"2018-06-26T11:08:56","slug":"lorem-ipsum-ejemplo-pagina-web-low-cost-by-gruetzi","status":"publish","type":"page","link":"https:\/\/www.gruetzi.es\/web-low-cost\/lorem-ipsum-ejemplo-pagina-web-low-cost-by-gruetzi\/","title":{"rendered":"Algo destacado"},"content":{"rendered":"<p><a href=\"http:\/\/www.gruetzi.es\/web-low-cost\/wp-content\/uploads\/2015\/04\/pagina-web-profesional-low-cost-mi-empresa_01.png\"><img loading=\"lazy\" decoding=\"async\" class=\" size-full wp-image-215 alignleft\" src=\"http:\/\/www.gruetzi.es\/web-low-cost\/wp-content\/uploads\/2015\/04\/pagina-web-profesional-low-cost-mi-empresa_01.png\" alt=\"pagina-web-profesional-low-cost-mi-empresa_01\" width=\"474\" height=\"342\" srcset=\"https:\/\/www.gruetzi.es\/web-low-cost\/wp-content\/uploads\/2015\/04\/pagina-web-profesional-low-cost-mi-empresa_01.png 474w, https:\/\/www.gruetzi.es\/web-low-cost\/wp-content\/uploads\/2015\/04\/pagina-web-profesional-low-cost-mi-empresa_01-300x216.png 300w\" sizes=\"auto, (max-width: 474px) 100vw, 474px\" \/><\/a><\/p>\n<p>Aqu\u00ed puedes destacar alguno de los servicios m\u00e9s relevantes de tu negocio o bien alg\u00fan valor diferenciador.<\/p>\n<p><span style=\"border-radius: 2px; text-indent: 20px; width: auto; padding: 0px 4px 0px 0px; text-align: center; font: bold 11px\/20px 'Helvetica Neue',Helvetica,sans-serif; color: #ffffff; background: #bd081c no-repeat scroll 3px 50% \/ 14px 14px; position: absolute; opacity: 1; z-index: 8675309; display: none; cursor: pointer; top: 34px; left: 20px;\"\/span><\/p>\n","protected":false},"excerpt":{"rendered":"<p>Aqu\u00ed puedes destacar alguno de los servicios m\u00e9s relevantes de tu negocio o bien alg\u00fan valor diferenciador.<\/p>\n","protected":false},"author":1,"featured_media":215,"parent":0,"menu_order":0,"comment_status":"closed","ping_status":"open","template":"","meta":{"_monsterinsights_skip_tracking":false,"_monsterinsights_sitenote_active":false,"_monsterinsights_sitenote_note":"","_monsterinsights_sitenote_category":0,"footnotes":""},"class_list":["post-140","page","type-page","status-publish","has-post-thumbnail","hentry"],"yoast_head":"<!-- This site is optimized with the Yoast SEO plugin v27.6 - https:\/\/yoast.com\/product\/yoast-seo-wordpress\/ -->\n<title>Algo destacado - P\u00c1GINA WEB GRATIS*, by Gruetzi - Tu p\u00e1gina web al mejor precio<\/title>\n<meta name=\"robots\" content=\"index, follow, max-snippet:-1, max-image-preview:large, max-video-preview:-1\" \/>\n<link rel=\"canonical\" href=\"https:\/\/www.gruetzi.es\/web-low-cost\/lorem-ipsum-ejemplo-pagina-web-low-cost-by-gruetzi\/\" \/>\n<meta property=\"og:locale\" content=\"es_ES\" \/>\n<meta property=\"og:type\" content=\"article\" \/>\n<meta property=\"og:title\" content=\"Algo destacado - P\u00c1GINA WEB GRATIS*, by Gruetzi - Tu p\u00e1gina web al mejor precio\" \/>\n<meta property=\"og:description\" content=\"Aqu\u00ed puedes destacar alguno de los servicios m\u00e9s relevantes de tu negocio o bien alg\u00fan valor diferenciador.\" \/>\n<meta property=\"og:url\" content=\"https:\/\/www.gruetzi.es\/web-low-cost\/lorem-ipsum-ejemplo-pagina-web-low-cost-by-gruetzi\/\" \/>\n<meta property=\"og:site_name\" content=\"P\u00c1GINA WEB GRATIS*, by Gruetzi - Tu p\u00e1gina web al mejor precio\" \/>\n<meta property=\"article:modified_time\" content=\"2018-06-26T11:08:56+00:00\" \/>\n<meta property=\"og:image\" content=\"https:\/\/www.gruetzi.es\/web-low-cost\/wp-content\/uploads\/2015\/04\/pagina-web-profesional-low-cost-mi-empresa_01.png\" \/>\n\t<meta property=\"og:image:width\" content=\"474\" \/>\n\t<meta property=\"og:image:height\" content=\"342\" \/>\n\t<meta property=\"og:image:type\" content=\"image\/png\" \/>\n<meta name=\"twitter:card\" content=\"summary_large_image\" \/>\n<script type=\"application\/ld+json\" class=\"yoast-schema-graph\">{\"@context\":\"https:\\\/\\\/schema.org\",\"@graph\":[{\"@type\":\"WebPage\",\"@id\":\"https:\\\/\\\/www.gruetzi.es\\\/web-low-cost\\\/lorem-ipsum-ejemplo-pagina-web-low-cost-by-gruetzi\\\/\",\"url\":\"https:\\\/\\\/www.gruetzi.es\\\/web-low-cost\\\/lorem-ipsum-ejemplo-pagina-web-low-cost-by-gruetzi\\\/\",\"name\":\"Algo destacado - P\u00c1GINA WEB GRATIS*, by Gruetzi - Tu p\u00e1gina web al mejor precio\",\"isPartOf\":{\"@id\":\"http:\\\/\\\/www.gruetzi.es\\\/web-low-cost\\\/#website\"},\"primaryImageOfPage\":{\"@id\":\"https:\\\/\\\/www.gruetzi.es\\\/web-low-cost\\\/lorem-ipsum-ejemplo-pagina-web-low-cost-by-gruetzi\\\/#primaryimage\"},\"image\":{\"@id\":\"https:\\\/\\\/www.gruetzi.es\\\/web-low-cost\\\/lorem-ipsum-ejemplo-pagina-web-low-cost-by-gruetzi\\\/#primaryimage\"},\"thumbnailUrl\":\"https:\\\/\\\/www.gruetzi.es\\\/web-low-cost\\\/wp-content\\\/uploads\\\/2015\\\/04\\\/pagina-web-profesional-low-cost-mi-empresa_01.png\",\"datePublished\":\"2015-04-21T09:27:32+00:00\",\"dateModified\":\"2018-06-26T11:08:56+00:00\",\"breadcrumb\":{\"@id\":\"https:\\\/\\\/www.gruetzi.es\\\/web-low-cost\\\/lorem-ipsum-ejemplo-pagina-web-low-cost-by-gruetzi\\\/#breadcrumb\"},\"inLanguage\":\"es\",\"potentialAction\":[{\"@type\":\"ReadAction\",\"target\":[\"https:\\\/\\\/www.gruetzi.es\\\/web-low-cost\\\/lorem-ipsum-ejemplo-pagina-web-low-cost-by-gruetzi\\\/\"]}]},{\"@type\":\"ImageObject\",\"inLanguage\":\"es\",\"@id\":\"https:\\\/\\\/www.gruetzi.es\\\/web-low-cost\\\/lorem-ipsum-ejemplo-pagina-web-low-cost-by-gruetzi\\\/#primaryimage\",\"url\":\"https:\\\/\\\/www.gruetzi.es\\\/web-low-cost\\\/wp-content\\\/uploads\\\/2015\\\/04\\\/pagina-web-profesional-low-cost-mi-empresa_01.png\",\"contentUrl\":\"https:\\\/\\\/www.gruetzi.es\\\/web-low-cost\\\/wp-content\\\/uploads\\\/2015\\\/04\\\/pagina-web-profesional-low-cost-mi-empresa_01.png\",\"width\":474,\"height\":342},{\"@type\":\"BreadcrumbList\",\"@id\":\"https:\\\/\\\/www.gruetzi.es\\\/web-low-cost\\\/lorem-ipsum-ejemplo-pagina-web-low-cost-by-gruetzi\\\/#breadcrumb\",\"itemListElement\":[{\"@type\":\"ListItem\",\"position\":1,\"name\":\"Portada\",\"item\":\"http:\\\/\\\/www.gruetzi.es\\\/web-low-cost\\\/\"},{\"@type\":\"ListItem\",\"position\":2,\"name\":\"Algo destacado\"}]},{\"@type\":\"WebSite\",\"@id\":\"http:\\\/\\\/www.gruetzi.es\\\/web-low-cost\\\/#website\",\"url\":\"http:\\\/\\\/www.gruetzi.es\\\/web-low-cost\\\/\",\"name\":\"P\u00c1GINA WEB GRATIS*, by Gruetzi - Tu p\u00e1gina web al mejor precio\",\"description\":\"La p\u00e1gina web gratis pensada para nuevos negocios, aut\u00f3nomos y pymes con servicio de posicionamiento SEO y mantenimiento web. Una web creada por profesionales.\",\"potentialAction\":[{\"@type\":\"SearchAction\",\"target\":{\"@type\":\"EntryPoint\",\"urlTemplate\":\"http:\\\/\\\/www.gruetzi.es\\\/web-low-cost\\\/?s={search_term_string}\"},\"query-input\":{\"@type\":\"PropertyValueSpecification\",\"valueRequired\":true,\"valueName\":\"search_term_string\"}}],\"inLanguage\":\"es\"}]}<\/script>\n<!-- \/ Yoast SEO plugin. -->","yoast_head_json":{"title":"Algo destacado - P\u00c1GINA WEB GRATIS*, by Gruetzi - Tu p\u00e1gina web al mejor precio","robots":{"index":"index","follow":"follow","max-snippet":"max-snippet:-1","max-image-preview":"max-image-preview:large","max-video-preview":"max-video-preview:-1"},"canonical":"https:\/\/www.gruetzi.es\/web-low-cost\/lorem-ipsum-ejemplo-pagina-web-low-cost-by-gruetzi\/","og_locale":"es_ES","og_type":"article","og_title":"Algo destacado - P\u00c1GINA WEB GRATIS*, by Gruetzi - Tu p\u00e1gina web al mejor precio","og_description":"Aqu\u00ed puedes destacar alguno de los servicios m\u00e9s relevantes de tu negocio o bien alg\u00fan valor diferenciador.","og_url":"https:\/\/www.gruetzi.es\/web-low-cost\/lorem-ipsum-ejemplo-pagina-web-low-cost-by-gruetzi\/","og_site_name":"P\u00c1GINA WEB GRATIS*, by Gruetzi - Tu p\u00e1gina web al mejor precio","article_modified_time":"2018-06-26T11:08:56+00:00","og_image":[{"width":474,"height":342,"url":"https:\/\/www.gruetzi.es\/web-low-cost\/wp-content\/uploads\/2015\/04\/pagina-web-profesional-low-cost-mi-empresa_01.png","type":"image\/png"}],"twitter_card":"summary_large_image","schema":{"@context":"https:\/\/schema.org","@graph":[{"@type":"WebPage","@id":"https:\/\/www.gruetzi.es\/web-low-cost\/lorem-ipsum-ejemplo-pagina-web-low-cost-by-gruetzi\/","url":"https:\/\/www.gruetzi.es\/web-low-cost\/lorem-ipsum-ejemplo-pagina-web-low-cost-by-gruetzi\/","name":"Algo destacado - P\u00c1GINA WEB GRATIS*, by Gruetzi - Tu p\u00e1gina web al mejor precio","isPartOf":{"@id":"http:\/\/www.gruetzi.es\/web-low-cost\/#website"},"primaryImageOfPage":{"@id":"https:\/\/www.gruetzi.es\/web-low-cost\/lorem-ipsum-ejemplo-pagina-web-low-cost-by-gruetzi\/#primaryimage"},"image":{"@id":"https:\/\/www.gruetzi.es\/web-low-cost\/lorem-ipsum-ejemplo-pagina-web-low-cost-by-gruetzi\/#primaryimage"},"thumbnailUrl":"https:\/\/www.gruetzi.es\/web-low-cost\/wp-content\/uploads\/2015\/04\/pagina-web-profesional-low-cost-mi-empresa_01.png","datePublished":"2015-04-21T09:27:32+00:00","dateModified":"2018-06-26T11:08:56+00:00","breadcrumb":{"@id":"https:\/\/www.gruetzi.es\/web-low-cost\/lorem-ipsum-ejemplo-pagina-web-low-cost-by-gruetzi\/#breadcrumb"},"inLanguage":"es","potentialAction":[{"@type":"ReadAction","target":["https:\/\/www.gruetzi.es\/web-low-cost\/lorem-ipsum-ejemplo-pagina-web-low-cost-by-gruetzi\/"]}]},{"@type":"ImageObject","inLanguage":"es","@id":"https:\/\/www.gruetzi.es\/web-low-cost\/lorem-ipsum-ejemplo-pagina-web-low-cost-by-gruetzi\/#primaryimage","url":"https:\/\/www.gruetzi.es\/web-low-cost\/wp-content\/uploads\/2015\/04\/pagina-web-profesional-low-cost-mi-empresa_01.png","contentUrl":"https:\/\/www.gruetzi.es\/web-low-cost\/wp-content\/uploads\/2015\/04\/pagina-web-profesional-low-cost-mi-empresa_01.png","width":474,"height":342},{"@type":"BreadcrumbList","@id":"https:\/\/www.gruetzi.es\/web-low-cost\/lorem-ipsum-ejemplo-pagina-web-low-cost-by-gruetzi\/#breadcrumb","itemListElement":[{"@type":"ListItem","position":1,"name":"Portada","item":"http:\/\/www.gruetzi.es\/web-low-cost\/"},{"@type":"ListItem","position":2,"name":"Algo destacado"}]},{"@type":"WebSite","@id":"http:\/\/www.gruetzi.es\/web-low-cost\/#website","url":"http:\/\/www.gruetzi.es\/web-low-cost\/","name":"P\u00c1GINA WEB GRATIS*, by Gruetzi - Tu p\u00e1gina web al mejor precio","description":"La p\u00e1gina web gratis pensada para nuevos negocios, aut\u00f3nomos y pymes con servicio de posicionamiento SEO y mantenimiento web. Una web creada por profesionales.","potentialAction":[{"@type":"SearchAction","target":{"@type":"EntryPoint","urlTemplate":"http:\/\/www.gruetzi.es\/web-low-cost\/?s={search_term_string}"},"query-input":{"@type":"PropertyValueSpecification","valueRequired":true,"valueName":"search_term_string"}}],"inLanguage":"es"}]}},"_links":{"self":[{"href":"https:\/\/www.gruetzi.es\/web-low-cost\/wp-json\/wp\/v2\/pages\/140","targetHints":{"allow":["GET"]}}],"collection":[{"href":"https:\/\/www.gruetzi.es\/web-low-cost\/wp-json\/wp\/v2\/pages"}],"about":[{"href":"https:\/\/www.gruetzi.es\/web-low-cost\/wp-json\/wp\/v2\/types\/page"}],"author":[{"embeddable":true,"href":"https:\/\/www.gruetzi.es\/web-low-cost\/wp-json\/wp\/v2\/users\/1"}],"replies":[{"embeddable":true,"href":"https:\/\/www.gruetzi.es\/web-low-cost\/wp-json\/wp\/v2\/comments?post=140"}],"version-history":[{"count":8,"href":"https:\/\/www.gruetzi.es\/web-low-cost\/wp-json\/wp\/v2\/pages\/140\/revisions"}],"predecessor-version":[{"id":334,"href":"https:\/\/www.gruetzi.es\/web-low-cost\/wp-json\/wp\/v2\/pages\/140\/revisions\/334"}],"wp:featuredmedia":[{"embeddable":true,"href":"https:\/\/www.gruetzi.es\/web-low-cost\/wp-json\/wp\/v2\/media\/215"}],"wp:attachment":[{"href":"https:\/\/www.gruetzi.es\/web-low-cost\/wp-json\/wp\/v2\/media?parent=140"}],"curies":[{"name":"wp","href":"https:\/\/api.w.org\/{rel}","templated":true}]}}