{"id":146,"date":"2015-04-21T09:32:37","date_gmt":"2015-04-21T09:32:37","guid":{"rendered":"http:\/\/www.gruetzi.es\/web-low-cost\/?page_id=146"},"modified":"2018-06-26T13:10:38","modified_gmt":"2018-06-26T11:10:38","slug":"web-low-cost-seo-mantenimiento-actualizaciones-web","status":"publish","type":"page","link":"https:\/\/www.gruetzi.es\/web-low-cost\/web-low-cost-seo-mantenimiento-actualizaciones-web\/","title":{"rendered":"Algo destacado 3"},"content":{"rendered":"<p><a href=\"http:\/\/www.gruetzi.es\/web-low-cost\/wp-content\/uploads\/2015\/04\/pagina-web-profesional-low-cost-mi-empresa_03.png\"><img loading=\"lazy\" decoding=\"async\" class=\" size-full wp-image-217 alignleft\" src=\"http:\/\/www.gruetzi.es\/web-low-cost\/wp-content\/uploads\/2015\/04\/pagina-web-profesional-low-cost-mi-empresa_03.png\" alt=\"pagina-web-profesional-low-cost-mi-empresa_03\" width=\"474\" height=\"342\" srcset=\"https:\/\/www.gruetzi.es\/web-low-cost\/wp-content\/uploads\/2015\/04\/pagina-web-profesional-low-cost-mi-empresa_03.png 474w, https:\/\/www.gruetzi.es\/web-low-cost\/wp-content\/uploads\/2015\/04\/pagina-web-profesional-low-cost-mi-empresa_03-300x216.png 300w\" sizes=\"auto, (max-width: 474px) 100vw, 474px\" \/><\/a><\/p>\n<p>Aqu\u00ed otro valor o servicio o algo que te interese destacar, como alguna oferta, por ejemplo.<\/p>\n<p>&nbsp;<\/p>\n","protected":false},"excerpt":{"rendered":"<p>Aqu\u00ed otro valor o servicio o algo que te interese destacar, como alguna oferta, por ejemplo. &nbsp;<\/p>\n","protected":false},"author":1,"featured_media":217,"parent":0,"menu_order":0,"comment_status":"closed","ping_status":"open","template":"","meta":{"_monsterinsights_skip_tracking":false,"_monsterinsights_sitenote_active":false,"_monsterinsights_sitenote_note":"","_monsterinsights_sitenote_category":0,"footnotes":""},"class_list":["post-146","page","type-page","status-publish","has-post-thumbnail","hentry"],"yoast_head":"<!-- This site is optimized with the Yoast SEO plugin v27.4 - https:\/\/yoast.com\/product\/yoast-seo-wordpress\/ -->\n<title>Algo destacado 3 - P\u00c1GINA WEB GRATIS*, by Gruetzi - Tu p\u00e1gina web al mejor precio<\/title>\n<meta name=\"robots\" content=\"index, follow, max-snippet:-1, max-image-preview:large, max-video-preview:-1\" \/>\n<link rel=\"canonical\" href=\"http:\/\/www.gruetzi.es\/web-low-cost\/web-low-cost-seo-mantenimiento-actualizaciones-web\/\" \/>\n<meta property=\"og:locale\" content=\"es_ES\" \/>\n<meta property=\"og:type\" content=\"article\" \/>\n<meta property=\"og:title\" content=\"Algo destacado 3 - P\u00c1GINA WEB GRATIS*, by Gruetzi - Tu p\u00e1gina web al mejor precio\" \/>\n<meta property=\"og:description\" content=\"Aqu\u00ed otro valor o servicio o algo que te interese destacar, como alguna oferta, por ejemplo. &nbsp;\" \/>\n<meta property=\"og:url\" content=\"http:\/\/www.gruetzi.es\/web-low-cost\/web-low-cost-seo-mantenimiento-actualizaciones-web\/\" \/>\n<meta property=\"og:site_name\" content=\"P\u00c1GINA WEB GRATIS*, by Gruetzi - Tu p\u00e1gina web al mejor precio\" \/>\n<meta property=\"article:modified_time\" content=\"2018-06-26T11:10:38+00:00\" \/>\n<meta property=\"og:image\" content=\"http:\/\/www.gruetzi.es\/web-low-cost\/wp-content\/uploads\/2015\/04\/pagina-web-profesional-low-cost-mi-empresa_03.png\" \/>\n\t<meta property=\"og:image:width\" content=\"474\" \/>\n\t<meta property=\"og:image:height\" content=\"342\" \/>\n\t<meta property=\"og:image:type\" content=\"image\/png\" \/>\n<meta name=\"twitter:card\" content=\"summary_large_image\" \/>\n<script type=\"application\/ld+json\" class=\"yoast-schema-graph\">{\"@context\":\"https:\\\/\\\/schema.org\",\"@graph\":[{\"@type\":\"WebPage\",\"@id\":\"http:\\\/\\\/www.gruetzi.es\\\/web-low-cost\\\/web-low-cost-seo-mantenimiento-actualizaciones-web\\\/\",\"url\":\"http:\\\/\\\/www.gruetzi.es\\\/web-low-cost\\\/web-low-cost-seo-mantenimiento-actualizaciones-web\\\/\",\"name\":\"Algo destacado 3 - P\u00c1GINA WEB GRATIS*, by Gruetzi - Tu p\u00e1gina web al mejor precio\",\"isPartOf\":{\"@id\":\"http:\\\/\\\/www.gruetzi.es\\\/web-low-cost\\\/#website\"},\"primaryImageOfPage\":{\"@id\":\"http:\\\/\\\/www.gruetzi.es\\\/web-low-cost\\\/web-low-cost-seo-mantenimiento-actualizaciones-web\\\/#primaryimage\"},\"image\":{\"@id\":\"http:\\\/\\\/www.gruetzi.es\\\/web-low-cost\\\/web-low-cost-seo-mantenimiento-actualizaciones-web\\\/#primaryimage\"},\"thumbnailUrl\":\"https:\\\/\\\/www.gruetzi.es\\\/web-low-cost\\\/wp-content\\\/uploads\\\/2015\\\/04\\\/pagina-web-profesional-low-cost-mi-empresa_03.png\",\"datePublished\":\"2015-04-21T09:32:37+00:00\",\"dateModified\":\"2018-06-26T11:10:38+00:00\",\"breadcrumb\":{\"@id\":\"http:\\\/\\\/www.gruetzi.es\\\/web-low-cost\\\/web-low-cost-seo-mantenimiento-actualizaciones-web\\\/#breadcrumb\"},\"inLanguage\":\"es\",\"potentialAction\":[{\"@type\":\"ReadAction\",\"target\":[\"http:\\\/\\\/www.gruetzi.es\\\/web-low-cost\\\/web-low-cost-seo-mantenimiento-actualizaciones-web\\\/\"]}]},{\"@type\":\"ImageObject\",\"inLanguage\":\"es\",\"@id\":\"http:\\\/\\\/www.gruetzi.es\\\/web-low-cost\\\/web-low-cost-seo-mantenimiento-actualizaciones-web\\\/#primaryimage\",\"url\":\"https:\\\/\\\/www.gruetzi.es\\\/web-low-cost\\\/wp-content\\\/uploads\\\/2015\\\/04\\\/pagina-web-profesional-low-cost-mi-empresa_03.png\",\"contentUrl\":\"https:\\\/\\\/www.gruetzi.es\\\/web-low-cost\\\/wp-content\\\/uploads\\\/2015\\\/04\\\/pagina-web-profesional-low-cost-mi-empresa_03.png\",\"width\":474,\"height\":342},{\"@type\":\"BreadcrumbList\",\"@id\":\"http:\\\/\\\/www.gruetzi.es\\\/web-low-cost\\\/web-low-cost-seo-mantenimiento-actualizaciones-web\\\/#breadcrumb\",\"itemListElement\":[{\"@type\":\"ListItem\",\"position\":1,\"name\":\"Portada\",\"item\":\"http:\\\/\\\/www.gruetzi.es\\\/web-low-cost\\\/\"},{\"@type\":\"ListItem\",\"position\":2,\"name\":\"Algo destacado 3\"}]},{\"@type\":\"WebSite\",\"@id\":\"http:\\\/\\\/www.gruetzi.es\\\/web-low-cost\\\/#website\",\"url\":\"http:\\\/\\\/www.gruetzi.es\\\/web-low-cost\\\/\",\"name\":\"P\u00c1GINA WEB GRATIS*, by Gruetzi - Tu p\u00e1gina web al mejor precio\",\"description\":\"La p\u00e1gina web gratis pensada para nuevos negocios, aut\u00f3nomos y pymes con servicio de posicionamiento SEO y mantenimiento web. Una web creada por profesionales.\",\"potentialAction\":[{\"@type\":\"SearchAction\",\"target\":{\"@type\":\"EntryPoint\",\"urlTemplate\":\"http:\\\/\\\/www.gruetzi.es\\\/web-low-cost\\\/?s={search_term_string}\"},\"query-input\":{\"@type\":\"PropertyValueSpecification\",\"valueRequired\":true,\"valueName\":\"search_term_string\"}}],\"inLanguage\":\"es\"}]}<\/script>\n<!-- \/ Yoast SEO plugin. -->","yoast_head_json":{"title":"Algo destacado 3 - P\u00c1GINA WEB GRATIS*, by Gruetzi - Tu p\u00e1gina web al mejor precio","robots":{"index":"index","follow":"follow","max-snippet":"max-snippet:-1","max-image-preview":"max-image-preview:large","max-video-preview":"max-video-preview:-1"},"canonical":"http:\/\/www.gruetzi.es\/web-low-cost\/web-low-cost-seo-mantenimiento-actualizaciones-web\/","og_locale":"es_ES","og_type":"article","og_title":"Algo destacado 3 - P\u00c1GINA WEB GRATIS*, by Gruetzi - Tu p\u00e1gina web al mejor precio","og_description":"Aqu\u00ed otro valor o servicio o algo que te interese destacar, como alguna oferta, por ejemplo. &nbsp;","og_url":"http:\/\/www.gruetzi.es\/web-low-cost\/web-low-cost-seo-mantenimiento-actualizaciones-web\/","og_site_name":"P\u00c1GINA WEB GRATIS*, by Gruetzi - Tu p\u00e1gina web al mejor precio","article_modified_time":"2018-06-26T11:10:38+00:00","og_image":[{"width":474,"height":342,"url":"http:\/\/www.gruetzi.es\/web-low-cost\/wp-content\/uploads\/2015\/04\/pagina-web-profesional-low-cost-mi-empresa_03.png","type":"image\/png"}],"twitter_card":"summary_large_image","schema":{"@context":"https:\/\/schema.org","@graph":[{"@type":"WebPage","@id":"http:\/\/www.gruetzi.es\/web-low-cost\/web-low-cost-seo-mantenimiento-actualizaciones-web\/","url":"http:\/\/www.gruetzi.es\/web-low-cost\/web-low-cost-seo-mantenimiento-actualizaciones-web\/","name":"Algo destacado 3 - P\u00c1GINA WEB GRATIS*, by Gruetzi - Tu p\u00e1gina web al mejor precio","isPartOf":{"@id":"http:\/\/www.gruetzi.es\/web-low-cost\/#website"},"primaryImageOfPage":{"@id":"http:\/\/www.gruetzi.es\/web-low-cost\/web-low-cost-seo-mantenimiento-actualizaciones-web\/#primaryimage"},"image":{"@id":"http:\/\/www.gruetzi.es\/web-low-cost\/web-low-cost-seo-mantenimiento-actualizaciones-web\/#primaryimage"},"thumbnailUrl":"https:\/\/www.gruetzi.es\/web-low-cost\/wp-content\/uploads\/2015\/04\/pagina-web-profesional-low-cost-mi-empresa_03.png","datePublished":"2015-04-21T09:32:37+00:00","dateModified":"2018-06-26T11:10:38+00:00","breadcrumb":{"@id":"http:\/\/www.gruetzi.es\/web-low-cost\/web-low-cost-seo-mantenimiento-actualizaciones-web\/#breadcrumb"},"inLanguage":"es","potentialAction":[{"@type":"ReadAction","target":["http:\/\/www.gruetzi.es\/web-low-cost\/web-low-cost-seo-mantenimiento-actualizaciones-web\/"]}]},{"@type":"ImageObject","inLanguage":"es","@id":"http:\/\/www.gruetzi.es\/web-low-cost\/web-low-cost-seo-mantenimiento-actualizaciones-web\/#primaryimage","url":"https:\/\/www.gruetzi.es\/web-low-cost\/wp-content\/uploads\/2015\/04\/pagina-web-profesional-low-cost-mi-empresa_03.png","contentUrl":"https:\/\/www.gruetzi.es\/web-low-cost\/wp-content\/uploads\/2015\/04\/pagina-web-profesional-low-cost-mi-empresa_03.png","width":474,"height":342},{"@type":"BreadcrumbList","@id":"http:\/\/www.gruetzi.es\/web-low-cost\/web-low-cost-seo-mantenimiento-actualizaciones-web\/#breadcrumb","itemListElement":[{"@type":"ListItem","position":1,"name":"Portada","item":"http:\/\/www.gruetzi.es\/web-low-cost\/"},{"@type":"ListItem","position":2,"name":"Algo destacado 3"}]},{"@type":"WebSite","@id":"http:\/\/www.gruetzi.es\/web-low-cost\/#website","url":"http:\/\/www.gruetzi.es\/web-low-cost\/","name":"P\u00c1GINA WEB GRATIS*, by Gruetzi - Tu p\u00e1gina web al mejor precio","description":"La p\u00e1gina web gratis pensada para nuevos negocios, aut\u00f3nomos y pymes con servicio de posicionamiento SEO y mantenimiento web. Una web creada por profesionales.","potentialAction":[{"@type":"SearchAction","target":{"@type":"EntryPoint","urlTemplate":"http:\/\/www.gruetzi.es\/web-low-cost\/?s={search_term_string}"},"query-input":{"@type":"PropertyValueSpecification","valueRequired":true,"valueName":"search_term_string"}}],"inLanguage":"es"}]}},"_links":{"self":[{"href":"https:\/\/www.gruetzi.es\/web-low-cost\/wp-json\/wp\/v2\/pages\/146","targetHints":{"allow":["GET"]}}],"collection":[{"href":"https:\/\/www.gruetzi.es\/web-low-cost\/wp-json\/wp\/v2\/pages"}],"about":[{"href":"https:\/\/www.gruetzi.es\/web-low-cost\/wp-json\/wp\/v2\/types\/page"}],"author":[{"embeddable":true,"href":"https:\/\/www.gruetzi.es\/web-low-cost\/wp-json\/wp\/v2\/users\/1"}],"replies":[{"embeddable":true,"href":"https:\/\/www.gruetzi.es\/web-low-cost\/wp-json\/wp\/v2\/comments?post=146"}],"version-history":[{"count":6,"href":"https:\/\/www.gruetzi.es\/web-low-cost\/wp-json\/wp\/v2\/pages\/146\/revisions"}],"predecessor-version":[{"id":337,"href":"https:\/\/www.gruetzi.es\/web-low-cost\/wp-json\/wp\/v2\/pages\/146\/revisions\/337"}],"wp:featuredmedia":[{"embeddable":true,"href":"https:\/\/www.gruetzi.es\/web-low-cost\/wp-json\/wp\/v2\/media\/217"}],"wp:attachment":[{"href":"https:\/\/www.gruetzi.es\/web-low-cost\/wp-json\/wp\/v2\/media?parent=146"}],"curies":[{"name":"wp","href":"https:\/\/api.w.org\/{rel}","templated":true}]}}