{"id":21,"date":"2015-04-09T18:17:57","date_gmt":"2015-04-09T18:17:57","guid":{"rendered":"http:\/\/www.gruetzi.es\/web-low-cost\/?page_id=21"},"modified":"2017-09-19T12:26:20","modified_gmt":"2017-09-19T10:26:20","slug":"disenadores-logotipos","status":"publish","type":"page","link":"https:\/\/www.gruetzi.es\/web-low-cost\/disenadores-logotipos\/","title":{"rendered":"Env\u00edo mi logotipo"},"content":{"rendered":"<div class=\"page\" title=\"Page 1\">\n<div class=\"section\">\n<div class=\"layoutArea\">\n<div class=\"column\">\n<p>El logotipo es una imagen fundamental de la marca. Si nos lo env\u00edas en vector, mucho mejor. Si no es posible, nos apa\u00f1aremos con un archivo .jpg \ud83d\ude42<\/p>\n<\/div>\n<\/div>\n<\/div>\n<\/div>\n","protected":false},"excerpt":{"rendered":"<p>El logotipo es una imagen fundamental de la marca. Si nos lo env\u00edas en vector, mucho mejor. Si no es posible, nos apa\u00f1aremos con un archivo .jpg \ud83d\ude42<\/p>\n","protected":false},"author":1,"featured_media":211,"parent":0,"menu_order":0,"comment_status":"open","ping_status":"open","template":"","meta":{"_monsterinsights_skip_tracking":false,"_monsterinsights_sitenote_active":false,"_monsterinsights_sitenote_note":"","_monsterinsights_sitenote_category":0,"footnotes":""},"class_list":["post-21","page","type-page","status-publish","has-post-thumbnail","hentry"],"yoast_head":"<!-- This site is optimized with the Yoast SEO plugin v27.6 - https:\/\/yoast.com\/product\/yoast-seo-wordpress\/ -->\n<title>Env\u00edo mi logotipo - P\u00c1GINA WEB GRATIS*, by Gruetzi - Tu p\u00e1gina web al mejor precio<\/title>\n<meta name=\"robots\" content=\"index, follow, max-snippet:-1, max-image-preview:large, max-video-preview:-1\" \/>\n<link rel=\"canonical\" href=\"https:\/\/www.gruetzi.es\/web-low-cost\/disenadores-logotipos\/\" \/>\n<meta property=\"og:locale\" content=\"es_ES\" \/>\n<meta property=\"og:type\" content=\"article\" \/>\n<meta property=\"og:title\" content=\"Env\u00edo mi logotipo - P\u00c1GINA WEB GRATIS*, by Gruetzi - Tu p\u00e1gina web al mejor precio\" \/>\n<meta property=\"og:description\" content=\"El logotipo es una imagen fundamental de la marca. Si nos lo env\u00edas en vector, mucho mejor. Si no es posible, nos apa\u00f1aremos con un archivo .jpg \ud83d\ude42\" \/>\n<meta property=\"og:url\" content=\"https:\/\/www.gruetzi.es\/web-low-cost\/disenadores-logotipos\/\" \/>\n<meta property=\"og:site_name\" content=\"P\u00c1GINA WEB GRATIS*, by Gruetzi - Tu p\u00e1gina web al mejor precio\" \/>\n<meta property=\"article:modified_time\" content=\"2017-09-19T10:26:20+00:00\" \/>\n<meta property=\"og:image\" content=\"https:\/\/www.gruetzi.es\/web-low-cost\/wp-content\/uploads\/2015\/04\/pagina-web-profesional-low-cost-iconos_01.png\" \/>\n\t<meta property=\"og:image:width\" content=\"100\" \/>\n\t<meta property=\"og:image:height\" content=\"100\" \/>\n\t<meta property=\"og:image:type\" content=\"image\/png\" \/>\n<meta name=\"twitter:card\" content=\"summary_large_image\" \/>\n<script type=\"application\/ld+json\" class=\"yoast-schema-graph\">{\"@context\":\"https:\\\/\\\/schema.org\",\"@graph\":[{\"@type\":\"WebPage\",\"@id\":\"https:\\\/\\\/www.gruetzi.es\\\/web-low-cost\\\/disenadores-logotipos\\\/\",\"url\":\"https:\\\/\\\/www.gruetzi.es\\\/web-low-cost\\\/disenadores-logotipos\\\/\",\"name\":\"Env\u00edo mi logotipo - P\u00c1GINA WEB GRATIS*, by Gruetzi - Tu p\u00e1gina web al mejor precio\",\"isPartOf\":{\"@id\":\"http:\\\/\\\/www.gruetzi.es\\\/web-low-cost\\\/#website\"},\"primaryImageOfPage\":{\"@id\":\"https:\\\/\\\/www.gruetzi.es\\\/web-low-cost\\\/disenadores-logotipos\\\/#primaryimage\"},\"image\":{\"@id\":\"https:\\\/\\\/www.gruetzi.es\\\/web-low-cost\\\/disenadores-logotipos\\\/#primaryimage\"},\"thumbnailUrl\":\"https:\\\/\\\/www.gruetzi.es\\\/web-low-cost\\\/wp-content\\\/uploads\\\/2015\\\/04\\\/pagina-web-profesional-low-cost-iconos_01.png\",\"datePublished\":\"2015-04-09T18:17:57+00:00\",\"dateModified\":\"2017-09-19T10:26:20+00:00\",\"breadcrumb\":{\"@id\":\"https:\\\/\\\/www.gruetzi.es\\\/web-low-cost\\\/disenadores-logotipos\\\/#breadcrumb\"},\"inLanguage\":\"es\",\"potentialAction\":[{\"@type\":\"ReadAction\",\"target\":[\"https:\\\/\\\/www.gruetzi.es\\\/web-low-cost\\\/disenadores-logotipos\\\/\"]}]},{\"@type\":\"ImageObject\",\"inLanguage\":\"es\",\"@id\":\"https:\\\/\\\/www.gruetzi.es\\\/web-low-cost\\\/disenadores-logotipos\\\/#primaryimage\",\"url\":\"https:\\\/\\\/www.gruetzi.es\\\/web-low-cost\\\/wp-content\\\/uploads\\\/2015\\\/04\\\/pagina-web-profesional-low-cost-iconos_01.png\",\"contentUrl\":\"https:\\\/\\\/www.gruetzi.es\\\/web-low-cost\\\/wp-content\\\/uploads\\\/2015\\\/04\\\/pagina-web-profesional-low-cost-iconos_01.png\",\"width\":100,\"height\":100},{\"@type\":\"BreadcrumbList\",\"@id\":\"https:\\\/\\\/www.gruetzi.es\\\/web-low-cost\\\/disenadores-logotipos\\\/#breadcrumb\",\"itemListElement\":[{\"@type\":\"ListItem\",\"position\":1,\"name\":\"Portada\",\"item\":\"http:\\\/\\\/www.gruetzi.es\\\/web-low-cost\\\/\"},{\"@type\":\"ListItem\",\"position\":2,\"name\":\"Env\u00edo mi logotipo\"}]},{\"@type\":\"WebSite\",\"@id\":\"http:\\\/\\\/www.gruetzi.es\\\/web-low-cost\\\/#website\",\"url\":\"http:\\\/\\\/www.gruetzi.es\\\/web-low-cost\\\/\",\"name\":\"P\u00c1GINA WEB GRATIS*, by Gruetzi - Tu p\u00e1gina web al mejor precio\",\"description\":\"La p\u00e1gina web gratis pensada para nuevos negocios, aut\u00f3nomos y pymes con servicio de posicionamiento SEO y mantenimiento web. Una web creada por profesionales.\",\"potentialAction\":[{\"@type\":\"SearchAction\",\"target\":{\"@type\":\"EntryPoint\",\"urlTemplate\":\"http:\\\/\\\/www.gruetzi.es\\\/web-low-cost\\\/?s={search_term_string}\"},\"query-input\":{\"@type\":\"PropertyValueSpecification\",\"valueRequired\":true,\"valueName\":\"search_term_string\"}}],\"inLanguage\":\"es\"}]}<\/script>\n<!-- \/ Yoast SEO plugin. -->","yoast_head_json":{"title":"Env\u00edo mi logotipo - P\u00c1GINA WEB GRATIS*, by Gruetzi - Tu p\u00e1gina web al mejor precio","robots":{"index":"index","follow":"follow","max-snippet":"max-snippet:-1","max-image-preview":"max-image-preview:large","max-video-preview":"max-video-preview:-1"},"canonical":"https:\/\/www.gruetzi.es\/web-low-cost\/disenadores-logotipos\/","og_locale":"es_ES","og_type":"article","og_title":"Env\u00edo mi logotipo - P\u00c1GINA WEB GRATIS*, by Gruetzi - Tu p\u00e1gina web al mejor precio","og_description":"El logotipo es una imagen fundamental de la marca. Si nos lo env\u00edas en vector, mucho mejor. Si no es posible, nos apa\u00f1aremos con un archivo .jpg \ud83d\ude42","og_url":"https:\/\/www.gruetzi.es\/web-low-cost\/disenadores-logotipos\/","og_site_name":"P\u00c1GINA WEB GRATIS*, by Gruetzi - Tu p\u00e1gina web al mejor precio","article_modified_time":"2017-09-19T10:26:20+00:00","og_image":[{"width":100,"height":100,"url":"https:\/\/www.gruetzi.es\/web-low-cost\/wp-content\/uploads\/2015\/04\/pagina-web-profesional-low-cost-iconos_01.png","type":"image\/png"}],"twitter_card":"summary_large_image","schema":{"@context":"https:\/\/schema.org","@graph":[{"@type":"WebPage","@id":"https:\/\/www.gruetzi.es\/web-low-cost\/disenadores-logotipos\/","url":"https:\/\/www.gruetzi.es\/web-low-cost\/disenadores-logotipos\/","name":"Env\u00edo mi logotipo - P\u00c1GINA WEB GRATIS*, by Gruetzi - Tu p\u00e1gina web al mejor precio","isPartOf":{"@id":"http:\/\/www.gruetzi.es\/web-low-cost\/#website"},"primaryImageOfPage":{"@id":"https:\/\/www.gruetzi.es\/web-low-cost\/disenadores-logotipos\/#primaryimage"},"image":{"@id":"https:\/\/www.gruetzi.es\/web-low-cost\/disenadores-logotipos\/#primaryimage"},"thumbnailUrl":"https:\/\/www.gruetzi.es\/web-low-cost\/wp-content\/uploads\/2015\/04\/pagina-web-profesional-low-cost-iconos_01.png","datePublished":"2015-04-09T18:17:57+00:00","dateModified":"2017-09-19T10:26:20+00:00","breadcrumb":{"@id":"https:\/\/www.gruetzi.es\/web-low-cost\/disenadores-logotipos\/#breadcrumb"},"inLanguage":"es","potentialAction":[{"@type":"ReadAction","target":["https:\/\/www.gruetzi.es\/web-low-cost\/disenadores-logotipos\/"]}]},{"@type":"ImageObject","inLanguage":"es","@id":"https:\/\/www.gruetzi.es\/web-low-cost\/disenadores-logotipos\/#primaryimage","url":"https:\/\/www.gruetzi.es\/web-low-cost\/wp-content\/uploads\/2015\/04\/pagina-web-profesional-low-cost-iconos_01.png","contentUrl":"https:\/\/www.gruetzi.es\/web-low-cost\/wp-content\/uploads\/2015\/04\/pagina-web-profesional-low-cost-iconos_01.png","width":100,"height":100},{"@type":"BreadcrumbList","@id":"https:\/\/www.gruetzi.es\/web-low-cost\/disenadores-logotipos\/#breadcrumb","itemListElement":[{"@type":"ListItem","position":1,"name":"Portada","item":"http:\/\/www.gruetzi.es\/web-low-cost\/"},{"@type":"ListItem","position":2,"name":"Env\u00edo mi logotipo"}]},{"@type":"WebSite","@id":"http:\/\/www.gruetzi.es\/web-low-cost\/#website","url":"http:\/\/www.gruetzi.es\/web-low-cost\/","name":"P\u00c1GINA WEB GRATIS*, by Gruetzi - Tu p\u00e1gina web al mejor precio","description":"La p\u00e1gina web gratis pensada para nuevos negocios, aut\u00f3nomos y pymes con servicio de posicionamiento SEO y mantenimiento web. Una web creada por profesionales.","potentialAction":[{"@type":"SearchAction","target":{"@type":"EntryPoint","urlTemplate":"http:\/\/www.gruetzi.es\/web-low-cost\/?s={search_term_string}"},"query-input":{"@type":"PropertyValueSpecification","valueRequired":true,"valueName":"search_term_string"}}],"inLanguage":"es"}]}},"_links":{"self":[{"href":"https:\/\/www.gruetzi.es\/web-low-cost\/wp-json\/wp\/v2\/pages\/21","targetHints":{"allow":["GET"]}}],"collection":[{"href":"https:\/\/www.gruetzi.es\/web-low-cost\/wp-json\/wp\/v2\/pages"}],"about":[{"href":"https:\/\/www.gruetzi.es\/web-low-cost\/wp-json\/wp\/v2\/types\/page"}],"author":[{"embeddable":true,"href":"https:\/\/www.gruetzi.es\/web-low-cost\/wp-json\/wp\/v2\/users\/1"}],"replies":[{"embeddable":true,"href":"https:\/\/www.gruetzi.es\/web-low-cost\/wp-json\/wp\/v2\/comments?post=21"}],"version-history":[{"count":4,"href":"https:\/\/www.gruetzi.es\/web-low-cost\/wp-json\/wp\/v2\/pages\/21\/revisions"}],"predecessor-version":[{"id":308,"href":"https:\/\/www.gruetzi.es\/web-low-cost\/wp-json\/wp\/v2\/pages\/21\/revisions\/308"}],"wp:featuredmedia":[{"embeddable":true,"href":"https:\/\/www.gruetzi.es\/web-low-cost\/wp-json\/wp\/v2\/media\/211"}],"wp:attachment":[{"href":"https:\/\/www.gruetzi.es\/web-low-cost\/wp-json\/wp\/v2\/media?parent=21"}],"curies":[{"name":"wp","href":"https:\/\/api.w.org\/{rel}","templated":true}]}}