{"id":24,"date":"2015-04-09T18:18:22","date_gmt":"2015-04-09T18:18:22","guid":{"rendered":"http:\/\/www.gruetzi.es\/web-low-cost\/?page_id=24"},"modified":"2017-09-19T12:16:17","modified_gmt":"2017-09-19T10:16:17","slug":"web-wordpress-low-cost","status":"publish","type":"page","link":"https:\/\/www.gruetzi.es\/web-low-cost\/web-wordpress-low-cost\/","title":{"rendered":"Env\u00edo el texto y las im\u00e1genes"},"content":{"rendered":"<div class=\"page\" title=\"Page 1\">\n<div class=\"section\">\n<div class=\"layoutArea\">\n<div class=\"column\">\n<p>Env\u00edanos el contenido que quieres para tu web. Si lo prefieres, nuestros copys pueden ayudarte en la redacci\u00f3n del contenido y la b\u00fasqueda de im\u00e1genes.<\/p>\n<\/div>\n<\/div>\n<\/div>\n<\/div>\n","protected":false},"excerpt":{"rendered":"<p>Env\u00edanos el contenido que quieres para tu web. Si lo prefieres, nuestros copys pueden ayudarte en la redacci\u00f3n del contenido y la b\u00fasqueda de im\u00e1genes.<\/p>\n","protected":false},"author":1,"featured_media":212,"parent":0,"menu_order":0,"comment_status":"open","ping_status":"open","template":"","meta":{"_monsterinsights_skip_tracking":false,"_monsterinsights_sitenote_active":false,"_monsterinsights_sitenote_note":"","_monsterinsights_sitenote_category":0,"footnotes":""},"class_list":["post-24","page","type-page","status-publish","has-post-thumbnail","hentry"],"yoast_head":"<!-- This site is optimized with the Yoast SEO plugin v27.6 - https:\/\/yoast.com\/product\/yoast-seo-wordpress\/ -->\n<title>P\u00e1gina web LOW COST - Por s\u00f3lo 299\u20ac +IVA* + SEO y actualizaciones<\/title>\n<meta name=\"description\" content=\"Contrata tu web low cost por s\u00f3lo 299\u20ac+IVA, vinculado al servicio de posicionamiento web y actualizaciones y mantenimiento por s\u00f3lo 50\u20ac+IVA al mes.\" \/>\n<meta name=\"robots\" content=\"index, follow, max-snippet:-1, max-image-preview:large, max-video-preview:-1\" \/>\n<link rel=\"canonical\" href=\"http:\/\/www.gruetzi.es\/web-low-cost\/web-wordpress-low-cost\/\" \/>\n<meta property=\"og:locale\" content=\"es_ES\" \/>\n<meta property=\"og:type\" content=\"article\" \/>\n<meta property=\"og:title\" content=\"P\u00e1gina web LOW COST - Por s\u00f3lo 299\u20ac +IVA* + SEO y actualizaciones\" \/>\n<meta property=\"og:description\" content=\"Contrata tu web low cost por s\u00f3lo 299\u20ac+IVA, vinculado al servicio de posicionamiento web y actualizaciones y mantenimiento por s\u00f3lo 50\u20ac+IVA al mes.\" \/>\n<meta property=\"og:url\" content=\"http:\/\/www.gruetzi.es\/web-low-cost\/web-wordpress-low-cost\/\" \/>\n<meta property=\"og:site_name\" content=\"P\u00c1GINA WEB GRATIS*, by Gruetzi - Tu p\u00e1gina web al mejor precio\" \/>\n<meta property=\"article:modified_time\" content=\"2017-09-19T10:16:17+00:00\" \/>\n<meta property=\"og:image\" content=\"http:\/\/www.gruetzi.es\/web-low-cost\/wp-content\/uploads\/2015\/04\/pagina-web-profesional-low-cost-iconos_02.png\" \/>\n\t<meta property=\"og:image:width\" content=\"100\" \/>\n\t<meta property=\"og:image:height\" content=\"100\" \/>\n\t<meta property=\"og:image:type\" content=\"image\/png\" \/>\n<meta name=\"twitter:card\" content=\"summary_large_image\" \/>\n<script type=\"application\/ld+json\" class=\"yoast-schema-graph\">{\"@context\":\"https:\\\/\\\/schema.org\",\"@graph\":[{\"@type\":\"WebPage\",\"@id\":\"http:\\\/\\\/www.gruetzi.es\\\/web-low-cost\\\/web-wordpress-low-cost\\\/\",\"url\":\"http:\\\/\\\/www.gruetzi.es\\\/web-low-cost\\\/web-wordpress-low-cost\\\/\",\"name\":\"P\u00e1gina web LOW COST - Por s\u00f3lo 299\u20ac +IVA* + SEO y actualizaciones\",\"isPartOf\":{\"@id\":\"http:\\\/\\\/www.gruetzi.es\\\/web-low-cost\\\/#website\"},\"primaryImageOfPage\":{\"@id\":\"http:\\\/\\\/www.gruetzi.es\\\/web-low-cost\\\/web-wordpress-low-cost\\\/#primaryimage\"},\"image\":{\"@id\":\"http:\\\/\\\/www.gruetzi.es\\\/web-low-cost\\\/web-wordpress-low-cost\\\/#primaryimage\"},\"thumbnailUrl\":\"https:\\\/\\\/www.gruetzi.es\\\/web-low-cost\\\/wp-content\\\/uploads\\\/2015\\\/04\\\/pagina-web-profesional-low-cost-iconos_02.png\",\"datePublished\":\"2015-04-09T18:18:22+00:00\",\"dateModified\":\"2017-09-19T10:16:17+00:00\",\"description\":\"Contrata tu web low cost por s\u00f3lo 299\u20ac+IVA, vinculado al servicio de posicionamiento web y actualizaciones y mantenimiento por s\u00f3lo 50\u20ac+IVA al mes.\",\"breadcrumb\":{\"@id\":\"http:\\\/\\\/www.gruetzi.es\\\/web-low-cost\\\/web-wordpress-low-cost\\\/#breadcrumb\"},\"inLanguage\":\"es\",\"potentialAction\":[{\"@type\":\"ReadAction\",\"target\":[\"http:\\\/\\\/www.gruetzi.es\\\/web-low-cost\\\/web-wordpress-low-cost\\\/\"]}]},{\"@type\":\"ImageObject\",\"inLanguage\":\"es\",\"@id\":\"http:\\\/\\\/www.gruetzi.es\\\/web-low-cost\\\/web-wordpress-low-cost\\\/#primaryimage\",\"url\":\"https:\\\/\\\/www.gruetzi.es\\\/web-low-cost\\\/wp-content\\\/uploads\\\/2015\\\/04\\\/pagina-web-profesional-low-cost-iconos_02.png\",\"contentUrl\":\"https:\\\/\\\/www.gruetzi.es\\\/web-low-cost\\\/wp-content\\\/uploads\\\/2015\\\/04\\\/pagina-web-profesional-low-cost-iconos_02.png\",\"width\":100,\"height\":100},{\"@type\":\"BreadcrumbList\",\"@id\":\"http:\\\/\\\/www.gruetzi.es\\\/web-low-cost\\\/web-wordpress-low-cost\\\/#breadcrumb\",\"itemListElement\":[{\"@type\":\"ListItem\",\"position\":1,\"name\":\"Portada\",\"item\":\"http:\\\/\\\/www.gruetzi.es\\\/web-low-cost\\\/\"},{\"@type\":\"ListItem\",\"position\":2,\"name\":\"Env\u00edo el texto y las im\u00e1genes\"}]},{\"@type\":\"WebSite\",\"@id\":\"http:\\\/\\\/www.gruetzi.es\\\/web-low-cost\\\/#website\",\"url\":\"http:\\\/\\\/www.gruetzi.es\\\/web-low-cost\\\/\",\"name\":\"P\u00c1GINA WEB GRATIS*, by Gruetzi - Tu p\u00e1gina web al mejor precio\",\"description\":\"La p\u00e1gina web gratis pensada para nuevos negocios, aut\u00f3nomos y pymes con servicio de posicionamiento SEO y mantenimiento web. Una web creada por profesionales.\",\"potentialAction\":[{\"@type\":\"SearchAction\",\"target\":{\"@type\":\"EntryPoint\",\"urlTemplate\":\"http:\\\/\\\/www.gruetzi.es\\\/web-low-cost\\\/?s={search_term_string}\"},\"query-input\":{\"@type\":\"PropertyValueSpecification\",\"valueRequired\":true,\"valueName\":\"search_term_string\"}}],\"inLanguage\":\"es\"}]}<\/script>\n<!-- \/ Yoast SEO plugin. -->","yoast_head_json":{"title":"P\u00e1gina web LOW COST - Por s\u00f3lo 299\u20ac +IVA* + SEO y actualizaciones","description":"Contrata tu web low cost por s\u00f3lo 299\u20ac+IVA, vinculado al servicio de posicionamiento web y actualizaciones y mantenimiento por s\u00f3lo 50\u20ac+IVA al mes.","robots":{"index":"index","follow":"follow","max-snippet":"max-snippet:-1","max-image-preview":"max-image-preview:large","max-video-preview":"max-video-preview:-1"},"canonical":"http:\/\/www.gruetzi.es\/web-low-cost\/web-wordpress-low-cost\/","og_locale":"es_ES","og_type":"article","og_title":"P\u00e1gina web LOW COST - Por s\u00f3lo 299\u20ac +IVA* + SEO y actualizaciones","og_description":"Contrata tu web low cost por s\u00f3lo 299\u20ac+IVA, vinculado al servicio de posicionamiento web y actualizaciones y mantenimiento por s\u00f3lo 50\u20ac+IVA al mes.","og_url":"http:\/\/www.gruetzi.es\/web-low-cost\/web-wordpress-low-cost\/","og_site_name":"P\u00c1GINA WEB GRATIS*, by Gruetzi - Tu p\u00e1gina web al mejor precio","article_modified_time":"2017-09-19T10:16:17+00:00","og_image":[{"width":100,"height":100,"url":"http:\/\/www.gruetzi.es\/web-low-cost\/wp-content\/uploads\/2015\/04\/pagina-web-profesional-low-cost-iconos_02.png","type":"image\/png"}],"twitter_card":"summary_large_image","schema":{"@context":"https:\/\/schema.org","@graph":[{"@type":"WebPage","@id":"http:\/\/www.gruetzi.es\/web-low-cost\/web-wordpress-low-cost\/","url":"http:\/\/www.gruetzi.es\/web-low-cost\/web-wordpress-low-cost\/","name":"P\u00e1gina web LOW COST - Por s\u00f3lo 299\u20ac +IVA* + SEO y actualizaciones","isPartOf":{"@id":"http:\/\/www.gruetzi.es\/web-low-cost\/#website"},"primaryImageOfPage":{"@id":"http:\/\/www.gruetzi.es\/web-low-cost\/web-wordpress-low-cost\/#primaryimage"},"image":{"@id":"http:\/\/www.gruetzi.es\/web-low-cost\/web-wordpress-low-cost\/#primaryimage"},"thumbnailUrl":"https:\/\/www.gruetzi.es\/web-low-cost\/wp-content\/uploads\/2015\/04\/pagina-web-profesional-low-cost-iconos_02.png","datePublished":"2015-04-09T18:18:22+00:00","dateModified":"2017-09-19T10:16:17+00:00","description":"Contrata tu web low cost por s\u00f3lo 299\u20ac+IVA, vinculado al servicio de posicionamiento web y actualizaciones y mantenimiento por s\u00f3lo 50\u20ac+IVA al mes.","breadcrumb":{"@id":"http:\/\/www.gruetzi.es\/web-low-cost\/web-wordpress-low-cost\/#breadcrumb"},"inLanguage":"es","potentialAction":[{"@type":"ReadAction","target":["http:\/\/www.gruetzi.es\/web-low-cost\/web-wordpress-low-cost\/"]}]},{"@type":"ImageObject","inLanguage":"es","@id":"http:\/\/www.gruetzi.es\/web-low-cost\/web-wordpress-low-cost\/#primaryimage","url":"https:\/\/www.gruetzi.es\/web-low-cost\/wp-content\/uploads\/2015\/04\/pagina-web-profesional-low-cost-iconos_02.png","contentUrl":"https:\/\/www.gruetzi.es\/web-low-cost\/wp-content\/uploads\/2015\/04\/pagina-web-profesional-low-cost-iconos_02.png","width":100,"height":100},{"@type":"BreadcrumbList","@id":"http:\/\/www.gruetzi.es\/web-low-cost\/web-wordpress-low-cost\/#breadcrumb","itemListElement":[{"@type":"ListItem","position":1,"name":"Portada","item":"http:\/\/www.gruetzi.es\/web-low-cost\/"},{"@type":"ListItem","position":2,"name":"Env\u00edo el texto y las im\u00e1genes"}]},{"@type":"WebSite","@id":"http:\/\/www.gruetzi.es\/web-low-cost\/#website","url":"http:\/\/www.gruetzi.es\/web-low-cost\/","name":"P\u00c1GINA WEB GRATIS*, by Gruetzi - Tu p\u00e1gina web al mejor precio","description":"La p\u00e1gina web gratis pensada para nuevos negocios, aut\u00f3nomos y pymes con servicio de posicionamiento SEO y mantenimiento web. Una web creada por profesionales.","potentialAction":[{"@type":"SearchAction","target":{"@type":"EntryPoint","urlTemplate":"http:\/\/www.gruetzi.es\/web-low-cost\/?s={search_term_string}"},"query-input":{"@type":"PropertyValueSpecification","valueRequired":true,"valueName":"search_term_string"}}],"inLanguage":"es"}]}},"_links":{"self":[{"href":"https:\/\/www.gruetzi.es\/web-low-cost\/wp-json\/wp\/v2\/pages\/24","targetHints":{"allow":["GET"]}}],"collection":[{"href":"https:\/\/www.gruetzi.es\/web-low-cost\/wp-json\/wp\/v2\/pages"}],"about":[{"href":"https:\/\/www.gruetzi.es\/web-low-cost\/wp-json\/wp\/v2\/types\/page"}],"author":[{"embeddable":true,"href":"https:\/\/www.gruetzi.es\/web-low-cost\/wp-json\/wp\/v2\/users\/1"}],"replies":[{"embeddable":true,"href":"https:\/\/www.gruetzi.es\/web-low-cost\/wp-json\/wp\/v2\/comments?post=24"}],"version-history":[{"count":8,"href":"https:\/\/www.gruetzi.es\/web-low-cost\/wp-json\/wp\/v2\/pages\/24\/revisions"}],"predecessor-version":[{"id":306,"href":"https:\/\/www.gruetzi.es\/web-low-cost\/wp-json\/wp\/v2\/pages\/24\/revisions\/306"}],"wp:featuredmedia":[{"embeddable":true,"href":"https:\/\/www.gruetzi.es\/web-low-cost\/wp-json\/wp\/v2\/media\/212"}],"wp:attachment":[{"href":"https:\/\/www.gruetzi.es\/web-low-cost\/wp-json\/wp\/v2\/media?parent=24"}],"curies":[{"name":"wp","href":"https:\/\/api.w.org\/{rel}","templated":true}]}}