{"id":27,"date":"2015-04-09T18:18:46","date_gmt":"2015-04-09T18:18:46","guid":{"rendered":"http:\/\/www.gruetzi.es\/web-low-cost\/?page_id=27"},"modified":"2017-09-19T12:28:38","modified_gmt":"2017-09-19T10:28:38","slug":"disenadores-web-low-cost","status":"publish","type":"page","link":"https:\/\/www.gruetzi.es\/web-low-cost\/disenadores-web-low-cost\/","title":{"rendered":"Elijo los colores"},"content":{"rendered":"<div class=\"page\" title=\"Page 1\">\n<div class=\"section\">\n<div class=\"layoutArea\">\n<div class=\"column\">\n<p>Le daremos a la web el color corporativo de tu marca o simplemente el que t\u00fa prefieras.<\/p>\n<\/div>\n<\/div>\n<\/div>\n<\/div>\n","protected":false},"excerpt":{"rendered":"<p>Le daremos a la web el color corporativo de tu marca o simplemente el que t\u00fa prefieras.<\/p>\n","protected":false},"author":1,"featured_media":213,"parent":0,"menu_order":0,"comment_status":"open","ping_status":"open","template":"","meta":{"_monsterinsights_skip_tracking":false,"_monsterinsights_sitenote_active":false,"_monsterinsights_sitenote_note":"","_monsterinsights_sitenote_category":0,"footnotes":""},"class_list":["post-27","page","type-page","status-publish","has-post-thumbnail","hentry"],"yoast_head":"<!-- This site is optimized with the Yoast SEO plugin v27.4 - https:\/\/yoast.com\/product\/yoast-seo-wordpress\/ -->\n<title>Elijo los colores - LA LOW COST, by Gruetzi | Web por s\u00f3lo 299\u20ac+IVA<\/title>\n<meta name=\"description\" content=\"Web low cost hecha por profesionales por s\u00f3lo 299\u20ac+IVA, vinculado al servicio de posicionamiento en buscadores, actualizaciones por 50\u20ac+IVA al mes.\" \/>\n<meta name=\"robots\" content=\"index, follow, max-snippet:-1, max-image-preview:large, max-video-preview:-1\" \/>\n<link rel=\"canonical\" href=\"https:\/\/www.gruetzi.es\/web-low-cost\/disenadores-web-low-cost\/\" \/>\n<meta property=\"og:locale\" content=\"es_ES\" \/>\n<meta property=\"og:type\" content=\"article\" \/>\n<meta property=\"og:title\" content=\"Elijo los colores - LA LOW COST, by Gruetzi | Web por s\u00f3lo 299\u20ac+IVA\" \/>\n<meta property=\"og:description\" content=\"Web low cost hecha por profesionales por s\u00f3lo 299\u20ac+IVA, vinculado al servicio de posicionamiento en buscadores, actualizaciones por 50\u20ac+IVA al mes.\" \/>\n<meta property=\"og:url\" content=\"https:\/\/www.gruetzi.es\/web-low-cost\/disenadores-web-low-cost\/\" \/>\n<meta property=\"og:site_name\" content=\"P\u00c1GINA WEB GRATIS*, by Gruetzi - Tu p\u00e1gina web al mejor precio\" \/>\n<meta property=\"article:modified_time\" content=\"2017-09-19T10:28:38+00:00\" \/>\n<meta property=\"og:image\" content=\"https:\/\/www.gruetzi.es\/web-low-cost\/wp-content\/uploads\/2015\/04\/pagina-web-profesional-low-cost-iconos_03.png\" \/>\n\t<meta property=\"og:image:width\" content=\"100\" \/>\n\t<meta property=\"og:image:height\" content=\"100\" \/>\n\t<meta property=\"og:image:type\" content=\"image\/png\" \/>\n<meta name=\"twitter:card\" content=\"summary_large_image\" \/>\n<script type=\"application\/ld+json\" class=\"yoast-schema-graph\">{\"@context\":\"https:\\\/\\\/schema.org\",\"@graph\":[{\"@type\":\"WebPage\",\"@id\":\"https:\\\/\\\/www.gruetzi.es\\\/web-low-cost\\\/disenadores-web-low-cost\\\/\",\"url\":\"https:\\\/\\\/www.gruetzi.es\\\/web-low-cost\\\/disenadores-web-low-cost\\\/\",\"name\":\"Elijo los colores - LA LOW COST, by Gruetzi | Web por s\u00f3lo 299\u20ac+IVA\",\"isPartOf\":{\"@id\":\"http:\\\/\\\/www.gruetzi.es\\\/web-low-cost\\\/#website\"},\"primaryImageOfPage\":{\"@id\":\"https:\\\/\\\/www.gruetzi.es\\\/web-low-cost\\\/disenadores-web-low-cost\\\/#primaryimage\"},\"image\":{\"@id\":\"https:\\\/\\\/www.gruetzi.es\\\/web-low-cost\\\/disenadores-web-low-cost\\\/#primaryimage\"},\"thumbnailUrl\":\"https:\\\/\\\/www.gruetzi.es\\\/web-low-cost\\\/wp-content\\\/uploads\\\/2015\\\/04\\\/pagina-web-profesional-low-cost-iconos_03.png\",\"datePublished\":\"2015-04-09T18:18:46+00:00\",\"dateModified\":\"2017-09-19T10:28:38+00:00\",\"description\":\"Web low cost hecha por profesionales por s\u00f3lo 299\u20ac+IVA, vinculado al servicio de posicionamiento en buscadores, actualizaciones por 50\u20ac+IVA al mes.\",\"breadcrumb\":{\"@id\":\"https:\\\/\\\/www.gruetzi.es\\\/web-low-cost\\\/disenadores-web-low-cost\\\/#breadcrumb\"},\"inLanguage\":\"es\",\"potentialAction\":[{\"@type\":\"ReadAction\",\"target\":[\"https:\\\/\\\/www.gruetzi.es\\\/web-low-cost\\\/disenadores-web-low-cost\\\/\"]}]},{\"@type\":\"ImageObject\",\"inLanguage\":\"es\",\"@id\":\"https:\\\/\\\/www.gruetzi.es\\\/web-low-cost\\\/disenadores-web-low-cost\\\/#primaryimage\",\"url\":\"https:\\\/\\\/www.gruetzi.es\\\/web-low-cost\\\/wp-content\\\/uploads\\\/2015\\\/04\\\/pagina-web-profesional-low-cost-iconos_03.png\",\"contentUrl\":\"https:\\\/\\\/www.gruetzi.es\\\/web-low-cost\\\/wp-content\\\/uploads\\\/2015\\\/04\\\/pagina-web-profesional-low-cost-iconos_03.png\",\"width\":100,\"height\":100,\"caption\":\"P\u00e1gina web low cost personalizable\"},{\"@type\":\"BreadcrumbList\",\"@id\":\"https:\\\/\\\/www.gruetzi.es\\\/web-low-cost\\\/disenadores-web-low-cost\\\/#breadcrumb\",\"itemListElement\":[{\"@type\":\"ListItem\",\"position\":1,\"name\":\"Portada\",\"item\":\"http:\\\/\\\/www.gruetzi.es\\\/web-low-cost\\\/\"},{\"@type\":\"ListItem\",\"position\":2,\"name\":\"Elijo los colores\"}]},{\"@type\":\"WebSite\",\"@id\":\"http:\\\/\\\/www.gruetzi.es\\\/web-low-cost\\\/#website\",\"url\":\"http:\\\/\\\/www.gruetzi.es\\\/web-low-cost\\\/\",\"name\":\"P\u00c1GINA WEB GRATIS*, by Gruetzi - Tu p\u00e1gina web al mejor precio\",\"description\":\"La p\u00e1gina web gratis pensada para nuevos negocios, aut\u00f3nomos y pymes con servicio de posicionamiento SEO y mantenimiento web. Una web creada por profesionales.\",\"potentialAction\":[{\"@type\":\"SearchAction\",\"target\":{\"@type\":\"EntryPoint\",\"urlTemplate\":\"http:\\\/\\\/www.gruetzi.es\\\/web-low-cost\\\/?s={search_term_string}\"},\"query-input\":{\"@type\":\"PropertyValueSpecification\",\"valueRequired\":true,\"valueName\":\"search_term_string\"}}],\"inLanguage\":\"es\"}]}<\/script>\n<!-- \/ Yoast SEO plugin. -->","yoast_head_json":{"title":"Elijo los colores - LA LOW COST, by Gruetzi | Web por s\u00f3lo 299\u20ac+IVA","description":"Web low cost hecha por profesionales por s\u00f3lo 299\u20ac+IVA, vinculado al servicio de posicionamiento en buscadores, actualizaciones por 50\u20ac+IVA al mes.","robots":{"index":"index","follow":"follow","max-snippet":"max-snippet:-1","max-image-preview":"max-image-preview:large","max-video-preview":"max-video-preview:-1"},"canonical":"https:\/\/www.gruetzi.es\/web-low-cost\/disenadores-web-low-cost\/","og_locale":"es_ES","og_type":"article","og_title":"Elijo los colores - LA LOW COST, by Gruetzi | Web por s\u00f3lo 299\u20ac+IVA","og_description":"Web low cost hecha por profesionales por s\u00f3lo 299\u20ac+IVA, vinculado al servicio de posicionamiento en buscadores, actualizaciones por 50\u20ac+IVA al mes.","og_url":"https:\/\/www.gruetzi.es\/web-low-cost\/disenadores-web-low-cost\/","og_site_name":"P\u00c1GINA WEB GRATIS*, by Gruetzi - Tu p\u00e1gina web al mejor precio","article_modified_time":"2017-09-19T10:28:38+00:00","og_image":[{"width":100,"height":100,"url":"https:\/\/www.gruetzi.es\/web-low-cost\/wp-content\/uploads\/2015\/04\/pagina-web-profesional-low-cost-iconos_03.png","type":"image\/png"}],"twitter_card":"summary_large_image","schema":{"@context":"https:\/\/schema.org","@graph":[{"@type":"WebPage","@id":"https:\/\/www.gruetzi.es\/web-low-cost\/disenadores-web-low-cost\/","url":"https:\/\/www.gruetzi.es\/web-low-cost\/disenadores-web-low-cost\/","name":"Elijo los colores - LA LOW COST, by Gruetzi | Web por s\u00f3lo 299\u20ac+IVA","isPartOf":{"@id":"http:\/\/www.gruetzi.es\/web-low-cost\/#website"},"primaryImageOfPage":{"@id":"https:\/\/www.gruetzi.es\/web-low-cost\/disenadores-web-low-cost\/#primaryimage"},"image":{"@id":"https:\/\/www.gruetzi.es\/web-low-cost\/disenadores-web-low-cost\/#primaryimage"},"thumbnailUrl":"https:\/\/www.gruetzi.es\/web-low-cost\/wp-content\/uploads\/2015\/04\/pagina-web-profesional-low-cost-iconos_03.png","datePublished":"2015-04-09T18:18:46+00:00","dateModified":"2017-09-19T10:28:38+00:00","description":"Web low cost hecha por profesionales por s\u00f3lo 299\u20ac+IVA, vinculado al servicio de posicionamiento en buscadores, actualizaciones por 50\u20ac+IVA al mes.","breadcrumb":{"@id":"https:\/\/www.gruetzi.es\/web-low-cost\/disenadores-web-low-cost\/#breadcrumb"},"inLanguage":"es","potentialAction":[{"@type":"ReadAction","target":["https:\/\/www.gruetzi.es\/web-low-cost\/disenadores-web-low-cost\/"]}]},{"@type":"ImageObject","inLanguage":"es","@id":"https:\/\/www.gruetzi.es\/web-low-cost\/disenadores-web-low-cost\/#primaryimage","url":"https:\/\/www.gruetzi.es\/web-low-cost\/wp-content\/uploads\/2015\/04\/pagina-web-profesional-low-cost-iconos_03.png","contentUrl":"https:\/\/www.gruetzi.es\/web-low-cost\/wp-content\/uploads\/2015\/04\/pagina-web-profesional-low-cost-iconos_03.png","width":100,"height":100,"caption":"P\u00e1gina web low cost personalizable"},{"@type":"BreadcrumbList","@id":"https:\/\/www.gruetzi.es\/web-low-cost\/disenadores-web-low-cost\/#breadcrumb","itemListElement":[{"@type":"ListItem","position":1,"name":"Portada","item":"http:\/\/www.gruetzi.es\/web-low-cost\/"},{"@type":"ListItem","position":2,"name":"Elijo los colores"}]},{"@type":"WebSite","@id":"http:\/\/www.gruetzi.es\/web-low-cost\/#website","url":"http:\/\/www.gruetzi.es\/web-low-cost\/","name":"P\u00c1GINA WEB GRATIS*, by Gruetzi - Tu p\u00e1gina web al mejor precio","description":"La p\u00e1gina web gratis pensada para nuevos negocios, aut\u00f3nomos y pymes con servicio de posicionamiento SEO y mantenimiento web. Una web creada por profesionales.","potentialAction":[{"@type":"SearchAction","target":{"@type":"EntryPoint","urlTemplate":"http:\/\/www.gruetzi.es\/web-low-cost\/?s={search_term_string}"},"query-input":{"@type":"PropertyValueSpecification","valueRequired":true,"valueName":"search_term_string"}}],"inLanguage":"es"}]}},"_links":{"self":[{"href":"https:\/\/www.gruetzi.es\/web-low-cost\/wp-json\/wp\/v2\/pages\/27","targetHints":{"allow":["GET"]}}],"collection":[{"href":"https:\/\/www.gruetzi.es\/web-low-cost\/wp-json\/wp\/v2\/pages"}],"about":[{"href":"https:\/\/www.gruetzi.es\/web-low-cost\/wp-json\/wp\/v2\/types\/page"}],"author":[{"embeddable":true,"href":"https:\/\/www.gruetzi.es\/web-low-cost\/wp-json\/wp\/v2\/users\/1"}],"replies":[{"embeddable":true,"href":"https:\/\/www.gruetzi.es\/web-low-cost\/wp-json\/wp\/v2\/comments?post=27"}],"version-history":[{"count":4,"href":"https:\/\/www.gruetzi.es\/web-low-cost\/wp-json\/wp\/v2\/pages\/27\/revisions"}],"predecessor-version":[{"id":309,"href":"https:\/\/www.gruetzi.es\/web-low-cost\/wp-json\/wp\/v2\/pages\/27\/revisions\/309"}],"wp:featuredmedia":[{"embeddable":true,"href":"https:\/\/www.gruetzi.es\/web-low-cost\/wp-json\/wp\/v2\/media\/213"}],"wp:attachment":[{"href":"https:\/\/www.gruetzi.es\/web-low-cost\/wp-json\/wp\/v2\/media?parent=27"}],"curies":[{"name":"wp","href":"https:\/\/api.w.org\/{rel}","templated":true}]}}