{"id":53,"date":"2015-04-13T19:48:21","date_gmt":"2015-04-13T19:48:21","guid":{"rendered":"http:\/\/www.gruetzi.es\/web-low-cost\/?page_id=53"},"modified":"2018-10-25T10:57:05","modified_gmt":"2018-10-25T08:57:05","slug":"servicios-pagina-web-gratis-profesionales-expertos","status":"publish","type":"page","link":"https:\/\/www.gruetzi.es\/web-low-cost\/servicios-pagina-web-gratis-profesionales-expertos\/","title":{"rendered":"Servicios"},"content":{"rendered":"<p><strong><a href=\"http:\/\/www.gruetzi.es\/web-low-cost\/wp-content\/uploads\/2015\/04\/pagina-web-profesional-low-cost-servicios-02.png\"><img loading=\"lazy\" decoding=\"async\" class=\" wp-image-222 size-full alignleft\" src=\"http:\/\/www.gruetzi.es\/web-low-cost\/wp-content\/uploads\/2015\/04\/pagina-web-profesional-low-cost-servicios-02.png\" alt=\"\" width=\"300\" height=\"217\" \/><\/a>SERVICIO 1 \u00b7 MAQUETACI\u00d3N Y PUBLICACI\u00d3N DE LA P\u00c1GINA WEB LOW COST<br \/>\n<\/strong><\/p>\n<p><strong>Maquetamos el contenido de la p\u00e1gina e incluimos las fotos que nos facilites. Si no tuvieras tambi\u00e9n las podemos buscar nosotros.<\/strong><\/p>\n<p>Este es un texto de ejemplo para que veas como puede quedar el contenido de la web, a modo de ejemplo.<\/p>\n<p>Vesti- bulum ante ipsum primis in faucibus orci luctus et ultrices posuere cubilia Curae; Curabitur euismod libero nec nisi mollis, id volutpat purus pretiuprimis in faucibus orci luctus et ultrices posuere cubilia Curae; Su- siam faucibus rutrum. Curabitur nec bibendum arcu. Nulla auctor consectetur nibh ac pellentesque. Quis- que vulputate bibendum justo, at laoreet purus condimentum et. Lorem ipsum dolor sit amet, consectetur adipiscing elit. In finibus consectetur sollicitudin.<\/p>\n<p>&nbsp;<\/p>\n<p>&nbsp;<\/p>\n<p><strong>SERVICIO 2 &#8211; ASESORAMIENTO EN LA REDACCI\u00d3N DEL CONTENIDO<br \/>\n<\/strong><\/p>\n<p><a href=\"http:\/\/www.gruetzi.es\/web-low-cost\/wp-content\/uploads\/2015\/04\/pagina-web-profesional-low-cost-servicios-01.png\"><img loading=\"lazy\" decoding=\"async\" class=\"alignright wp-image-402 size-medium\" title=\"La Low Cost, p\u00e1gina web gratuita vinculada al servicio de posicionamiento natural en buscadores (SEO)\" src=\"http:\/\/www.gruetzi.es\/web-low-cost\/wp-content\/uploads\/2018\/10\/diseno-paginas-web-gratis-300x200.jpg\" alt=\"La Low Cost, p\u00e1gina web gratuita vinculada al servicio de posicionamiento natural en buscadores (SEO)\" width=\"300\" height=\"200\" srcset=\"https:\/\/www.gruetzi.es\/web-low-cost\/wp-content\/uploads\/2018\/10\/diseno-paginas-web-gratis-300x200.jpg 300w, https:\/\/www.gruetzi.es\/web-low-cost\/wp-content\/uploads\/2018\/10\/diseno-paginas-web-gratis-1024x683.jpg 1024w, https:\/\/www.gruetzi.es\/web-low-cost\/wp-content\/uploads\/2018\/10\/diseno-paginas-web-gratis.jpg 1920w\" sizes=\"auto, (max-width: 300px) 100vw, 300px\" \/><\/a><strong>Si necesitas que te asesoremos en la redacci\u00f3n del contenido web, estamos para ayudarte. Solo tienes que decirlo.<\/strong><\/p>\n<p>Aqu\u00ed continuamos con un texto de ejemplo. Vesti- bulum ante ipsum primis in faucibus orci luctus et ultrices posuere cubilia Curae; Curabitur euismod libero nec nisi mollis, id volutpat purus pretiuprimis in faucibus orci luctus et ultrices posuere cubilia Curae; Su- siam faucibus rutrum. Curabitur nec bibendum arcu. Nulla auctor consectetur nibh ac pellentesque. Quis- que vulputate bibendum justo, at laoreet purus condimentum et. Lorem ipsum dolor sit amet, consectetur adipiscing elit. In finibus consectetur sollicitudin.<\/p>\n<p>Fusce convallis tellus at venenatis venenatis. Donec vel ornare massa, eget efficitur justo. Vivamus nec enim non tortor volutpat molestie non id sapien.<\/p>\n<p>&nbsp;<\/p>\n<p>&nbsp;<\/p>\n<p><strong><img loading=\"lazy\" decoding=\"async\" class=\"alignleft wp-image-406 size-medium\" title=\"P\u00e1gina web gratis vinculada a la contrataci\u00f3n del servicio de posicionamiento natural en buscadores (SEO)\" src=\"http:\/\/www.gruetzi.es\/web-low-cost\/wp-content\/uploads\/2018\/10\/diseno-paginas-web-gratis-posicionamiento-natural-buscadores-seo-300x200.jpg\" alt=\"P\u00e1gina web gratis vinculada a la contrataci\u00f3n del servicio de posicionamiento natural en buscadores (SEO)\" width=\"300\" height=\"200\" srcset=\"https:\/\/www.gruetzi.es\/web-low-cost\/wp-content\/uploads\/2018\/10\/diseno-paginas-web-gratis-posicionamiento-natural-buscadores-seo-300x200.jpg 300w, https:\/\/www.gruetzi.es\/web-low-cost\/wp-content\/uploads\/2018\/10\/diseno-paginas-web-gratis-posicionamiento-natural-buscadores-seo-1024x682.jpg 1024w, https:\/\/www.gruetzi.es\/web-low-cost\/wp-content\/uploads\/2018\/10\/diseno-paginas-web-gratis-posicionamiento-natural-buscadores-seo.jpg 1920w\" sizes=\"auto, (max-width: 300px) 100vw, 300px\" \/>SERVICIO 3 &#8211; POSICIONAMIENTO NATURAL EN BUSCADORES (SEO)<br \/>\n<\/strong><\/p>\n<p>Si en algo nos destacamos es en ser una empresa l\u00edder en posicionamiento de p\u00e1ginas web. A parte de ser \u00abLa Low Cost\u00bb una web tan barata que es <strong>GRATIS*<\/strong>, te la <strong>posicionamos de forma natural en los buscadores (SEO)<\/strong>,<strong> consiguiendo estar en las primeras posiciones<\/strong>. Tiene una cuota mensual de <strong>70\u20ac+IVA \/mes<\/strong> (durante de 12 meses porque es el tiempo que se tarda en tener resultados). Esta tarifa incluye el servicio de mantenimiento web y actualizaciones de contenido que explicamos en el siguiente punto.<\/p>\n<p>&nbsp;<\/p>\n<p>&nbsp;<\/p>\n<p>&nbsp;<\/p>\n<p>&nbsp;<\/p>\n<p><strong>SERVICIO 4<\/strong> <strong>&#8211; MANTENIMIENTO WEB Y ACTUALIZACIONES DE CONTENIDO<img loading=\"lazy\" decoding=\"async\" class=\"alignright wp-image-404 size-medium\" title=\"P\u00e1gina web gratis con servicio de actualizaciones y mantenimiento web\" src=\"http:\/\/www.gruetzi.es\/web-low-cost\/wp-content\/uploads\/2018\/10\/diseno-paginas-web-gratis-actualizaciones-contenido-mantenimiento-web-300x178.jpg\" alt=\"P\u00e1gina web gratis con servicio de actualizaciones y mantenimiento web\" width=\"300\" height=\"178\" srcset=\"https:\/\/www.gruetzi.es\/web-low-cost\/wp-content\/uploads\/2018\/10\/diseno-paginas-web-gratis-actualizaciones-contenido-mantenimiento-web-300x178.jpg 300w, https:\/\/www.gruetzi.es\/web-low-cost\/wp-content\/uploads\/2018\/10\/diseno-paginas-web-gratis-actualizaciones-contenido-mantenimiento-web-1024x609.jpg 1024w, https:\/\/www.gruetzi.es\/web-low-cost\/wp-content\/uploads\/2018\/10\/diseno-paginas-web-gratis-actualizaciones-contenido-mantenimiento-web.jpg 1920w\" sizes=\"auto, (max-width: 300px) 100vw, 300px\" \/><\/strong><\/p>\n<p>Adem\u00e1s, por la cuota mensual te regalamos el mantenimiento y las actualizaciones de contenido. Es decir, actualizamos software y plugins y si quieres modificar cosas en la web, tambi\u00e9n lo hacemos.<\/p>\n<p>&nbsp;<\/p>\n<p>&nbsp;<\/p>\n<p>&nbsp;<\/p>\n<hr \/>\n<h1><\/h1>\n<h1 style=\"text-align: center;\">CONTRATA LA WEB LOW COST (QUE ES GRATIS*) <a href=\"http:\/\/www.gruetzi.es\/web-low-cost\/contacto\/\">AQU\u00cd<\/a><\/h1>\n<p>&nbsp;<\/p>\n<p style=\"text-align: center;\"><em>*Contratando el servicio de posicionamiento natural en buscadores (SEO), actualizaciones de contenido y mantenimiento web por solo 70\u20ac +IVA al mes.<\/em><\/p>\n<p>&nbsp;<\/p>\n<p>&nbsp;<\/p>\n","protected":false},"excerpt":{"rendered":"<p>SERVICIO 1 \u00b7 MAQUETACI\u00d3N Y PUBLICACI\u00d3N DE LA P\u00c1GINA WEB LOW COST Maquetamos el contenido de la p\u00e1gina e incluimos las fotos que nos facilites. Si no tuvieras tambi\u00e9n las podemos buscar nosotros. Este es un texto de ejemplo para que veas como puede quedar el contenido de la web, a modo de ejemplo. Vesti- bulum ante ipsum primis in faucibus orci luctus et ultrices posuere cubilia Curae; Curabitur euismod libero nec nisi mollis, id volutpat purus pretiuprimis in faucibus&hellip; <\/p>\n","protected":false},"author":1,"featured_media":0,"parent":0,"menu_order":0,"comment_status":"closed","ping_status":"open","template":"","meta":{"_monsterinsights_skip_tracking":false,"_monsterinsights_sitenote_active":false,"_monsterinsights_sitenote_note":"","_monsterinsights_sitenote_category":0,"footnotes":""},"class_list":["post-53","page","type-page","status-publish","hentry"],"yoast_head":"<!-- This site is optimized with the Yoast SEO plugin v27.4 - https:\/\/yoast.com\/product\/yoast-seo-wordpress\/ -->\n<title>Consigue tu p\u00e1gina web GRATIS* hecha por profesionales<\/title>\n<meta name=\"description\" content=\"Cremos tu p\u00e1gina web a un precio incre\u00edble.Es GRATIS. S\u00f3lo pagar\u00e1s por posicionarla de forma natural en buscadores y adem\u00e1s te actualizamos el contenido y hacemos el mantenimiento\" \/>\n<meta name=\"robots\" content=\"index, follow, max-snippet:-1, max-image-preview:large, max-video-preview:-1\" \/>\n<link rel=\"canonical\" href=\"http:\/\/www.gruetzi.es\/web-low-cost\/servicios-pagina-web-gratis-profesionales-expertos\/\" \/>\n<meta property=\"og:locale\" content=\"es_ES\" \/>\n<meta property=\"og:type\" content=\"article\" \/>\n<meta property=\"og:title\" content=\"Consigue tu p\u00e1gina web GRATIS* hecha por profesionales\" \/>\n<meta property=\"og:description\" content=\"Cremos tu p\u00e1gina web a un precio incre\u00edble.Es GRATIS. S\u00f3lo pagar\u00e1s por posicionarla de forma natural en buscadores y adem\u00e1s te actualizamos el contenido y hacemos el mantenimiento\" \/>\n<meta property=\"og:url\" content=\"http:\/\/www.gruetzi.es\/web-low-cost\/servicios-pagina-web-gratis-profesionales-expertos\/\" \/>\n<meta property=\"og:site_name\" content=\"P\u00c1GINA WEB GRATIS*, by Gruetzi - Tu p\u00e1gina web al mejor precio\" \/>\n<meta property=\"article:modified_time\" content=\"2018-10-25T08:57:05+00:00\" \/>\n<meta property=\"og:image\" content=\"http:\/\/www.gruetzi.es\/web-low-cost\/wp-content\/uploads\/2015\/04\/pagina-web-profesional-low-cost-servicios-02.png\" \/>\n<meta name=\"twitter:card\" content=\"summary_large_image\" \/>\n<meta name=\"twitter:label1\" content=\"Tiempo de lectura\" \/>\n\t<meta name=\"twitter:data1\" content=\"2 minutos\" \/>\n<script type=\"application\/ld+json\" class=\"yoast-schema-graph\">{\"@context\":\"https:\\\/\\\/schema.org\",\"@graph\":[{\"@type\":\"WebPage\",\"@id\":\"http:\\\/\\\/www.gruetzi.es\\\/web-low-cost\\\/servicios-pagina-web-gratis-profesionales-expertos\\\/\",\"url\":\"http:\\\/\\\/www.gruetzi.es\\\/web-low-cost\\\/servicios-pagina-web-gratis-profesionales-expertos\\\/\",\"name\":\"Consigue tu p\u00e1gina web GRATIS* hecha por profesionales\",\"isPartOf\":{\"@id\":\"http:\\\/\\\/www.gruetzi.es\\\/web-low-cost\\\/#website\"},\"primaryImageOfPage\":{\"@id\":\"http:\\\/\\\/www.gruetzi.es\\\/web-low-cost\\\/servicios-pagina-web-gratis-profesionales-expertos\\\/#primaryimage\"},\"image\":{\"@id\":\"http:\\\/\\\/www.gruetzi.es\\\/web-low-cost\\\/servicios-pagina-web-gratis-profesionales-expertos\\\/#primaryimage\"},\"thumbnailUrl\":\"http:\\\/\\\/www.gruetzi.es\\\/web-low-cost\\\/wp-content\\\/uploads\\\/2015\\\/04\\\/pagina-web-profesional-low-cost-servicios-02.png\",\"datePublished\":\"2015-04-13T19:48:21+00:00\",\"dateModified\":\"2018-10-25T08:57:05+00:00\",\"description\":\"Cremos tu p\u00e1gina web a un precio incre\u00edble.Es GRATIS. S\u00f3lo pagar\u00e1s por posicionarla de forma natural en buscadores y adem\u00e1s te actualizamos el contenido y hacemos el mantenimiento\",\"breadcrumb\":{\"@id\":\"http:\\\/\\\/www.gruetzi.es\\\/web-low-cost\\\/servicios-pagina-web-gratis-profesionales-expertos\\\/#breadcrumb\"},\"inLanguage\":\"es\",\"potentialAction\":[{\"@type\":\"ReadAction\",\"target\":[\"http:\\\/\\\/www.gruetzi.es\\\/web-low-cost\\\/servicios-pagina-web-gratis-profesionales-expertos\\\/\"]}]},{\"@type\":\"ImageObject\",\"inLanguage\":\"es\",\"@id\":\"http:\\\/\\\/www.gruetzi.es\\\/web-low-cost\\\/servicios-pagina-web-gratis-profesionales-expertos\\\/#primaryimage\",\"url\":\"https:\\\/\\\/www.gruetzi.es\\\/web-low-cost\\\/wp-content\\\/uploads\\\/2015\\\/04\\\/pagina-web-profesional-low-cost-servicios-02.png\",\"contentUrl\":\"https:\\\/\\\/www.gruetzi.es\\\/web-low-cost\\\/wp-content\\\/uploads\\\/2015\\\/04\\\/pagina-web-profesional-low-cost-servicios-02.png\",\"width\":300,\"height\":217},{\"@type\":\"BreadcrumbList\",\"@id\":\"http:\\\/\\\/www.gruetzi.es\\\/web-low-cost\\\/servicios-pagina-web-gratis-profesionales-expertos\\\/#breadcrumb\",\"itemListElement\":[{\"@type\":\"ListItem\",\"position\":1,\"name\":\"Portada\",\"item\":\"http:\\\/\\\/www.gruetzi.es\\\/web-low-cost\\\/\"},{\"@type\":\"ListItem\",\"position\":2,\"name\":\"Servicios\"}]},{\"@type\":\"WebSite\",\"@id\":\"http:\\\/\\\/www.gruetzi.es\\\/web-low-cost\\\/#website\",\"url\":\"http:\\\/\\\/www.gruetzi.es\\\/web-low-cost\\\/\",\"name\":\"P\u00c1GINA WEB GRATIS*, by Gruetzi - Tu p\u00e1gina web al mejor precio\",\"description\":\"La p\u00e1gina web gratis pensada para nuevos negocios, aut\u00f3nomos y pymes con servicio de posicionamiento SEO y mantenimiento web. Una web creada por profesionales.\",\"potentialAction\":[{\"@type\":\"SearchAction\",\"target\":{\"@type\":\"EntryPoint\",\"urlTemplate\":\"http:\\\/\\\/www.gruetzi.es\\\/web-low-cost\\\/?s={search_term_string}\"},\"query-input\":{\"@type\":\"PropertyValueSpecification\",\"valueRequired\":true,\"valueName\":\"search_term_string\"}}],\"inLanguage\":\"es\"}]}<\/script>\n<!-- \/ Yoast SEO plugin. -->","yoast_head_json":{"title":"Consigue tu p\u00e1gina web GRATIS* hecha por profesionales","description":"Cremos tu p\u00e1gina web a un precio incre\u00edble.Es GRATIS. S\u00f3lo pagar\u00e1s por posicionarla de forma natural en buscadores y adem\u00e1s te actualizamos el contenido y hacemos el mantenimiento","robots":{"index":"index","follow":"follow","max-snippet":"max-snippet:-1","max-image-preview":"max-image-preview:large","max-video-preview":"max-video-preview:-1"},"canonical":"http:\/\/www.gruetzi.es\/web-low-cost\/servicios-pagina-web-gratis-profesionales-expertos\/","og_locale":"es_ES","og_type":"article","og_title":"Consigue tu p\u00e1gina web GRATIS* hecha por profesionales","og_description":"Cremos tu p\u00e1gina web a un precio incre\u00edble.Es GRATIS. S\u00f3lo pagar\u00e1s por posicionarla de forma natural en buscadores y adem\u00e1s te actualizamos el contenido y hacemos el mantenimiento","og_url":"http:\/\/www.gruetzi.es\/web-low-cost\/servicios-pagina-web-gratis-profesionales-expertos\/","og_site_name":"P\u00c1GINA WEB GRATIS*, by Gruetzi - Tu p\u00e1gina web al mejor precio","article_modified_time":"2018-10-25T08:57:05+00:00","og_image":[{"url":"http:\/\/www.gruetzi.es\/web-low-cost\/wp-content\/uploads\/2015\/04\/pagina-web-profesional-low-cost-servicios-02.png","type":"","width":"","height":""}],"twitter_card":"summary_large_image","twitter_misc":{"Tiempo de lectura":"2 minutos"},"schema":{"@context":"https:\/\/schema.org","@graph":[{"@type":"WebPage","@id":"http:\/\/www.gruetzi.es\/web-low-cost\/servicios-pagina-web-gratis-profesionales-expertos\/","url":"http:\/\/www.gruetzi.es\/web-low-cost\/servicios-pagina-web-gratis-profesionales-expertos\/","name":"Consigue tu p\u00e1gina web GRATIS* hecha por profesionales","isPartOf":{"@id":"http:\/\/www.gruetzi.es\/web-low-cost\/#website"},"primaryImageOfPage":{"@id":"http:\/\/www.gruetzi.es\/web-low-cost\/servicios-pagina-web-gratis-profesionales-expertos\/#primaryimage"},"image":{"@id":"http:\/\/www.gruetzi.es\/web-low-cost\/servicios-pagina-web-gratis-profesionales-expertos\/#primaryimage"},"thumbnailUrl":"http:\/\/www.gruetzi.es\/web-low-cost\/wp-content\/uploads\/2015\/04\/pagina-web-profesional-low-cost-servicios-02.png","datePublished":"2015-04-13T19:48:21+00:00","dateModified":"2018-10-25T08:57:05+00:00","description":"Cremos tu p\u00e1gina web a un precio incre\u00edble.Es GRATIS. S\u00f3lo pagar\u00e1s por posicionarla de forma natural en buscadores y adem\u00e1s te actualizamos el contenido y hacemos el mantenimiento","breadcrumb":{"@id":"http:\/\/www.gruetzi.es\/web-low-cost\/servicios-pagina-web-gratis-profesionales-expertos\/#breadcrumb"},"inLanguage":"es","potentialAction":[{"@type":"ReadAction","target":["http:\/\/www.gruetzi.es\/web-low-cost\/servicios-pagina-web-gratis-profesionales-expertos\/"]}]},{"@type":"ImageObject","inLanguage":"es","@id":"http:\/\/www.gruetzi.es\/web-low-cost\/servicios-pagina-web-gratis-profesionales-expertos\/#primaryimage","url":"https:\/\/www.gruetzi.es\/web-low-cost\/wp-content\/uploads\/2015\/04\/pagina-web-profesional-low-cost-servicios-02.png","contentUrl":"https:\/\/www.gruetzi.es\/web-low-cost\/wp-content\/uploads\/2015\/04\/pagina-web-profesional-low-cost-servicios-02.png","width":300,"height":217},{"@type":"BreadcrumbList","@id":"http:\/\/www.gruetzi.es\/web-low-cost\/servicios-pagina-web-gratis-profesionales-expertos\/#breadcrumb","itemListElement":[{"@type":"ListItem","position":1,"name":"Portada","item":"http:\/\/www.gruetzi.es\/web-low-cost\/"},{"@type":"ListItem","position":2,"name":"Servicios"}]},{"@type":"WebSite","@id":"http:\/\/www.gruetzi.es\/web-low-cost\/#website","url":"http:\/\/www.gruetzi.es\/web-low-cost\/","name":"P\u00c1GINA WEB GRATIS*, by Gruetzi - Tu p\u00e1gina web al mejor precio","description":"La p\u00e1gina web gratis pensada para nuevos negocios, aut\u00f3nomos y pymes con servicio de posicionamiento SEO y mantenimiento web. Una web creada por profesionales.","potentialAction":[{"@type":"SearchAction","target":{"@type":"EntryPoint","urlTemplate":"http:\/\/www.gruetzi.es\/web-low-cost\/?s={search_term_string}"},"query-input":{"@type":"PropertyValueSpecification","valueRequired":true,"valueName":"search_term_string"}}],"inLanguage":"es"}]}},"_links":{"self":[{"href":"https:\/\/www.gruetzi.es\/web-low-cost\/wp-json\/wp\/v2\/pages\/53","targetHints":{"allow":["GET"]}}],"collection":[{"href":"https:\/\/www.gruetzi.es\/web-low-cost\/wp-json\/wp\/v2\/pages"}],"about":[{"href":"https:\/\/www.gruetzi.es\/web-low-cost\/wp-json\/wp\/v2\/types\/page"}],"author":[{"embeddable":true,"href":"https:\/\/www.gruetzi.es\/web-low-cost\/wp-json\/wp\/v2\/users\/1"}],"replies":[{"embeddable":true,"href":"https:\/\/www.gruetzi.es\/web-low-cost\/wp-json\/wp\/v2\/comments?post=53"}],"version-history":[{"count":19,"href":"https:\/\/www.gruetzi.es\/web-low-cost\/wp-json\/wp\/v2\/pages\/53\/revisions"}],"predecessor-version":[{"id":410,"href":"https:\/\/www.gruetzi.es\/web-low-cost\/wp-json\/wp\/v2\/pages\/53\/revisions\/410"}],"wp:attachment":[{"href":"https:\/\/www.gruetzi.es\/web-low-cost\/wp-json\/wp\/v2\/media?parent=53"}],"curies":[{"name":"wp","href":"https:\/\/api.w.org\/{rel}","templated":true}]}}