{"id":55,"date":"2015-04-13T19:48:38","date_gmt":"2015-04-13T19:48:38","guid":{"rendered":"http:\/\/www.gruetzi.es\/web-low-cost\/?page_id=55"},"modified":"2018-10-25T11:00:45","modified_gmt":"2018-10-25T09:00:45","slug":"pagina-web-gratis-pymes-pagina-web-autonomos","status":"publish","type":"page","link":"https:\/\/www.gruetzi.es\/web-low-cost\/pagina-web-gratis-pymes-pagina-web-autonomos\/","title":{"rendered":"La empresa"},"content":{"rendered":"<p><strong><img loading=\"lazy\" decoding=\"async\" class=\"alignleft wp-image-405 size-full\" title=\"P\u00e1gina web gratis ideal para PYMES y aut\u00f3nomos\" src=\"http:\/\/www.gruetzi.es\/web-low-cost\/wp-content\/uploads\/2018\/10\/diseno-paginas-web-gratis-seo.jpg\" alt=\"P\u00e1gina web gratis ideal para PYMES y aut\u00f3nomos\" width=\"1920\" height=\"1280\" srcset=\"https:\/\/www.gruetzi.es\/web-low-cost\/wp-content\/uploads\/2018\/10\/diseno-paginas-web-gratis-seo.jpg 1920w, https:\/\/www.gruetzi.es\/web-low-cost\/wp-content\/uploads\/2018\/10\/diseno-paginas-web-gratis-seo-300x200.jpg 300w, https:\/\/www.gruetzi.es\/web-low-cost\/wp-content\/uploads\/2018\/10\/diseno-paginas-web-gratis-seo-1024x683.jpg 1024w\" sizes=\"auto, (max-width: 1920px) 100vw, 1920px\" \/>Este es un ejemplo de c\u00f3mo puede ser el espacio dedicado a informar sobre la empresa, su historia, su filosof\u00eda, etc.<\/strong><\/p>\n<p>Un dise\u00f1o web ideal para pymes y aut\u00f3nomos a un precio incre\u00edble. Adem\u00e1s est\u00e1 hecha por profesionales con larga experiencia en el mundo online.<\/p>\n<h5><strong>Una web tan low cost que es GRATIS*<br \/>\n<\/strong><\/h5>\n<p><em>*Al contratar el <strong>posicionamiento natural en buscadores (SEO)<\/strong> por solo <strong>70\u20ac+IVA \/mes<\/strong> (compromiso de permanencia: 12 meses).<\/em><\/p>\n<p>\u00a1Conseguir\u00e1s estar en primeras posiciones en los resultados de b\u00fasqueda de Google y Bing! \u00a1La invesi\u00f3n queda amortizada en muy poco tiempo!<\/p>\n<p>Con esta tarifa te regalamos, adem\u00e1s, las <strong>actualizaciones de contenido<\/strong> y las <strong>actualizaciones de software<\/strong> de la web.<\/p>\n<p><strong>Una web GRATIS hecha por verdaderos especialistas en el desarrollo de p\u00e1ginas web.<\/strong><\/p>\n<hr \/>\n<h1><\/h1>\n<h1 style=\"text-align: center;\">SOLICITA LA WEB LOW COST (QUE ES GRATIS*) <a href=\"http:\/\/www.gruetzi.es\/web-low-cost\/contacto\/\">AQU\u00cd<\/a><\/h1>\n<p>&nbsp;<\/p>\n<p style=\"text-align: center;\"><em>*Contratando el servicio de posicionamiento natural en buscadores (SEO), actualizaciones de contenido y mantenimiento web por solo 70\u20ac +IVA al mes (compromiso de permanencia: 12 meses).<\/em><\/p>\n<p>&nbsp;<\/p>\n<p>&nbsp;<\/p>\n<p>&nbsp;<\/p>\n<p>&nbsp;<\/p>\n<p>&nbsp;<\/p>\n<p><span style=\"border-radius: 2px; text-indent: 20px; width: auto; padding: 0px 4px 0px 0px; text-align: center; font: bold 11px\/20px 'Helvetica Neue',Helvetica,sans-serif; color: #ffffff; background: #bd081c no-repeat scroll 3px 50% \/ 14px 14px; position: absolute; opacity: 1; z-index: 8675309; display: none; cursor: pointer; top: 36px; left: 20px;\">Guardar<\/span><\/p>\n<p><span style=\"border-radius: 2px; text-indent: 20px; width: auto; padding: 0px 4px 0px 0px; text-align: center; font: bold 11px\/20px 'Helvetica Neue',Helvetica,sans-serif; color: #ffffff; background: #bd081c no-repeat scroll 3px 50% \/ 14px 14px; position: absolute; opacity: 1; z-index: 8675309; display: none; cursor: pointer; top: 36px; left: 20px;\">Guardar<\/span><\/p>\n<p><span style=\"border-radius: 2px; text-indent: 20px; width: auto; padding: 0px 4px 0px 0px; text-align: center; font: bold 11px\/20px 'Helvetica Neue',Helvetica,sans-serif; color: #ffffff; background: #bd081c no-repeat scroll 3px 50% \/ 14px 14px; position: absolute; opacity: 1; z-index: 8675309; display: none; cursor: pointer;\">Guardar<\/span><\/p>\n<p><span style=\"border-radius: 2px; text-indent: 20px; width: auto; padding: 0px 4px 0px 0px; text-align: center; font: bold 11px\/20px 'Helvetica Neue',Helvetica,sans-serif; color: #ffffff; background: #bd081c no-repeat scroll 3px 50% \/ 14px 14px; position: absolute; opacity: 1; z-index: 8675309; display: none; cursor: pointer;\">Guardar<\/span><\/p>\n<p><span style=\"border-radius: 2px; text-indent: 20px; width: auto; padding: 0px 4px 0px 0px; text-align: center; font: bold 11px\/20px 'Helvetica Neue',Helvetica,sans-serif; color: #ffffff; background: #bd081c no-repeat scroll 3px 50% \/ 14px 14px; position: absolute; opacity: 1; z-index: 8675309; display: none; cursor: pointer;\">Guardar<\/span><\/p>\n<p><span style=\"border-radius: 2px; text-indent: 20px; width: auto; padding: 0px 4px 0px 0px; text-align: center; font: bold 11px\/20px 'Helvetica Neue',Helvetica,sans-serif; color: #ffffff; background: #bd081c no-repeat scroll 3px 50% \/ 14px 14px; position: absolute; opacity: 1; z-index: 8675309; display: none; cursor: pointer; top: 36px; left: 20px;\">Guardar<\/span><\/p>\n","protected":false},"excerpt":{"rendered":"<p>Este es un ejemplo de c\u00f3mo puede ser el espacio dedicado a informar sobre la empresa, su historia, su filosof\u00eda, etc. Un dise\u00f1o web ideal para pymes y aut\u00f3nomos a un precio incre\u00edble. Adem\u00e1s est\u00e1 hecha por profesionales con larga experiencia en el mundo online. Una web tan low cost que es GRATIS* *Al contratar el posicionamiento natural en buscadores (SEO) por solo 70\u20ac+IVA \/mes (compromiso de permanencia: 12 meses). \u00a1Conseguir\u00e1s estar en primeras posiciones en los resultados de b\u00fasqueda&hellip; <\/p>\n","protected":false},"author":1,"featured_media":0,"parent":0,"menu_order":0,"comment_status":"closed","ping_status":"open","template":"","meta":{"_monsterinsights_skip_tracking":false,"_monsterinsights_sitenote_active":false,"_monsterinsights_sitenote_note":"","_monsterinsights_sitenote_category":0,"footnotes":""},"class_list":["post-55","page","type-page","status-publish","hentry"],"yoast_head":"<!-- This site is optimized with the Yoast SEO plugin v27.4 - https:\/\/yoast.com\/product\/yoast-seo-wordpress\/ -->\n<title>Consigue tu p\u00e1gina web GRATIS* hecha por profesionales<\/title>\n<meta name=\"description\" content=\"P\u00e1gina web GRATIS para pymes y aut\u00f3nomos vinculado al servicio SEO, mantenimiento web y actualizaciones por 70\u20ac+IVA \/ mes. Inf\u00f3rmate.\" \/>\n<meta name=\"robots\" content=\"index, follow, max-snippet:-1, max-image-preview:large, max-video-preview:-1\" \/>\n<link rel=\"canonical\" href=\"http:\/\/www.gruetzi.es\/web-low-cost\/pagina-web-gratis-pymes-pagina-web-autonomos\/\" \/>\n<meta property=\"og:locale\" content=\"es_ES\" \/>\n<meta property=\"og:type\" content=\"article\" \/>\n<meta property=\"og:title\" content=\"Consigue tu p\u00e1gina web GRATIS* hecha por profesionales\" \/>\n<meta property=\"og:description\" content=\"P\u00e1gina web GRATIS para pymes y aut\u00f3nomos vinculado al servicio SEO, mantenimiento web y actualizaciones por 70\u20ac+IVA \/ mes. Inf\u00f3rmate.\" \/>\n<meta property=\"og:url\" content=\"http:\/\/www.gruetzi.es\/web-low-cost\/pagina-web-gratis-pymes-pagina-web-autonomos\/\" \/>\n<meta property=\"og:site_name\" content=\"P\u00c1GINA WEB GRATIS*, by Gruetzi - Tu p\u00e1gina web al mejor precio\" \/>\n<meta property=\"article:modified_time\" content=\"2018-10-25T09:00:45+00:00\" \/>\n<meta property=\"og:image\" content=\"http:\/\/www.gruetzi.es\/web-low-cost\/wp-content\/uploads\/2018\/10\/diseno-paginas-web-gratis-seo.jpg\" \/>\n<meta name=\"twitter:card\" content=\"summary_large_image\" \/>\n<meta name=\"twitter:label1\" content=\"Tiempo de lectura\" \/>\n\t<meta name=\"twitter:data1\" content=\"1 minuto\" \/>\n<script type=\"application\/ld+json\" class=\"yoast-schema-graph\">{\"@context\":\"https:\\\/\\\/schema.org\",\"@graph\":[{\"@type\":\"WebPage\",\"@id\":\"http:\\\/\\\/www.gruetzi.es\\\/web-low-cost\\\/pagina-web-gratis-pymes-pagina-web-autonomos\\\/\",\"url\":\"http:\\\/\\\/www.gruetzi.es\\\/web-low-cost\\\/pagina-web-gratis-pymes-pagina-web-autonomos\\\/\",\"name\":\"Consigue tu p\u00e1gina web GRATIS* hecha por profesionales\",\"isPartOf\":{\"@id\":\"http:\\\/\\\/www.gruetzi.es\\\/web-low-cost\\\/#website\"},\"primaryImageOfPage\":{\"@id\":\"http:\\\/\\\/www.gruetzi.es\\\/web-low-cost\\\/pagina-web-gratis-pymes-pagina-web-autonomos\\\/#primaryimage\"},\"image\":{\"@id\":\"http:\\\/\\\/www.gruetzi.es\\\/web-low-cost\\\/pagina-web-gratis-pymes-pagina-web-autonomos\\\/#primaryimage\"},\"thumbnailUrl\":\"http:\\\/\\\/www.gruetzi.es\\\/web-low-cost\\\/wp-content\\\/uploads\\\/2018\\\/10\\\/diseno-paginas-web-gratis-seo.jpg\",\"datePublished\":\"2015-04-13T19:48:38+00:00\",\"dateModified\":\"2018-10-25T09:00:45+00:00\",\"description\":\"P\u00e1gina web GRATIS para pymes y aut\u00f3nomos vinculado al servicio SEO, mantenimiento web y actualizaciones por 70\u20ac+IVA \\\/ mes. Inf\u00f3rmate.\",\"breadcrumb\":{\"@id\":\"http:\\\/\\\/www.gruetzi.es\\\/web-low-cost\\\/pagina-web-gratis-pymes-pagina-web-autonomos\\\/#breadcrumb\"},\"inLanguage\":\"es\",\"potentialAction\":[{\"@type\":\"ReadAction\",\"target\":[\"http:\\\/\\\/www.gruetzi.es\\\/web-low-cost\\\/pagina-web-gratis-pymes-pagina-web-autonomos\\\/\"]}]},{\"@type\":\"ImageObject\",\"inLanguage\":\"es\",\"@id\":\"http:\\\/\\\/www.gruetzi.es\\\/web-low-cost\\\/pagina-web-gratis-pymes-pagina-web-autonomos\\\/#primaryimage\",\"url\":\"https:\\\/\\\/www.gruetzi.es\\\/web-low-cost\\\/wp-content\\\/uploads\\\/2018\\\/10\\\/diseno-paginas-web-gratis-seo.jpg\",\"contentUrl\":\"https:\\\/\\\/www.gruetzi.es\\\/web-low-cost\\\/wp-content\\\/uploads\\\/2018\\\/10\\\/diseno-paginas-web-gratis-seo.jpg\",\"width\":1920,\"height\":1280,\"caption\":\"P\u00e1gina web gratis ideal para PYMES y aut\u00f3nomos\"},{\"@type\":\"BreadcrumbList\",\"@id\":\"http:\\\/\\\/www.gruetzi.es\\\/web-low-cost\\\/pagina-web-gratis-pymes-pagina-web-autonomos\\\/#breadcrumb\",\"itemListElement\":[{\"@type\":\"ListItem\",\"position\":1,\"name\":\"Portada\",\"item\":\"http:\\\/\\\/www.gruetzi.es\\\/web-low-cost\\\/\"},{\"@type\":\"ListItem\",\"position\":2,\"name\":\"La empresa\"}]},{\"@type\":\"WebSite\",\"@id\":\"http:\\\/\\\/www.gruetzi.es\\\/web-low-cost\\\/#website\",\"url\":\"http:\\\/\\\/www.gruetzi.es\\\/web-low-cost\\\/\",\"name\":\"P\u00c1GINA WEB GRATIS*, by Gruetzi - Tu p\u00e1gina web al mejor precio\",\"description\":\"La p\u00e1gina web gratis pensada para nuevos negocios, aut\u00f3nomos y pymes con servicio de posicionamiento SEO y mantenimiento web. Una web creada por profesionales.\",\"potentialAction\":[{\"@type\":\"SearchAction\",\"target\":{\"@type\":\"EntryPoint\",\"urlTemplate\":\"http:\\\/\\\/www.gruetzi.es\\\/web-low-cost\\\/?s={search_term_string}\"},\"query-input\":{\"@type\":\"PropertyValueSpecification\",\"valueRequired\":true,\"valueName\":\"search_term_string\"}}],\"inLanguage\":\"es\"}]}<\/script>\n<!-- \/ Yoast SEO plugin. -->","yoast_head_json":{"title":"Consigue tu p\u00e1gina web GRATIS* hecha por profesionales","description":"P\u00e1gina web GRATIS para pymes y aut\u00f3nomos vinculado al servicio SEO, mantenimiento web y actualizaciones por 70\u20ac+IVA \/ mes. Inf\u00f3rmate.","robots":{"index":"index","follow":"follow","max-snippet":"max-snippet:-1","max-image-preview":"max-image-preview:large","max-video-preview":"max-video-preview:-1"},"canonical":"http:\/\/www.gruetzi.es\/web-low-cost\/pagina-web-gratis-pymes-pagina-web-autonomos\/","og_locale":"es_ES","og_type":"article","og_title":"Consigue tu p\u00e1gina web GRATIS* hecha por profesionales","og_description":"P\u00e1gina web GRATIS para pymes y aut\u00f3nomos vinculado al servicio SEO, mantenimiento web y actualizaciones por 70\u20ac+IVA \/ mes. Inf\u00f3rmate.","og_url":"http:\/\/www.gruetzi.es\/web-low-cost\/pagina-web-gratis-pymes-pagina-web-autonomos\/","og_site_name":"P\u00c1GINA WEB GRATIS*, by Gruetzi - Tu p\u00e1gina web al mejor precio","article_modified_time":"2018-10-25T09:00:45+00:00","og_image":[{"url":"http:\/\/www.gruetzi.es\/web-low-cost\/wp-content\/uploads\/2018\/10\/diseno-paginas-web-gratis-seo.jpg","type":"","width":"","height":""}],"twitter_card":"summary_large_image","twitter_misc":{"Tiempo de lectura":"1 minuto"},"schema":{"@context":"https:\/\/schema.org","@graph":[{"@type":"WebPage","@id":"http:\/\/www.gruetzi.es\/web-low-cost\/pagina-web-gratis-pymes-pagina-web-autonomos\/","url":"http:\/\/www.gruetzi.es\/web-low-cost\/pagina-web-gratis-pymes-pagina-web-autonomos\/","name":"Consigue tu p\u00e1gina web GRATIS* hecha por profesionales","isPartOf":{"@id":"http:\/\/www.gruetzi.es\/web-low-cost\/#website"},"primaryImageOfPage":{"@id":"http:\/\/www.gruetzi.es\/web-low-cost\/pagina-web-gratis-pymes-pagina-web-autonomos\/#primaryimage"},"image":{"@id":"http:\/\/www.gruetzi.es\/web-low-cost\/pagina-web-gratis-pymes-pagina-web-autonomos\/#primaryimage"},"thumbnailUrl":"http:\/\/www.gruetzi.es\/web-low-cost\/wp-content\/uploads\/2018\/10\/diseno-paginas-web-gratis-seo.jpg","datePublished":"2015-04-13T19:48:38+00:00","dateModified":"2018-10-25T09:00:45+00:00","description":"P\u00e1gina web GRATIS para pymes y aut\u00f3nomos vinculado al servicio SEO, mantenimiento web y actualizaciones por 70\u20ac+IVA \/ mes. Inf\u00f3rmate.","breadcrumb":{"@id":"http:\/\/www.gruetzi.es\/web-low-cost\/pagina-web-gratis-pymes-pagina-web-autonomos\/#breadcrumb"},"inLanguage":"es","potentialAction":[{"@type":"ReadAction","target":["http:\/\/www.gruetzi.es\/web-low-cost\/pagina-web-gratis-pymes-pagina-web-autonomos\/"]}]},{"@type":"ImageObject","inLanguage":"es","@id":"http:\/\/www.gruetzi.es\/web-low-cost\/pagina-web-gratis-pymes-pagina-web-autonomos\/#primaryimage","url":"https:\/\/www.gruetzi.es\/web-low-cost\/wp-content\/uploads\/2018\/10\/diseno-paginas-web-gratis-seo.jpg","contentUrl":"https:\/\/www.gruetzi.es\/web-low-cost\/wp-content\/uploads\/2018\/10\/diseno-paginas-web-gratis-seo.jpg","width":1920,"height":1280,"caption":"P\u00e1gina web gratis ideal para PYMES y aut\u00f3nomos"},{"@type":"BreadcrumbList","@id":"http:\/\/www.gruetzi.es\/web-low-cost\/pagina-web-gratis-pymes-pagina-web-autonomos\/#breadcrumb","itemListElement":[{"@type":"ListItem","position":1,"name":"Portada","item":"http:\/\/www.gruetzi.es\/web-low-cost\/"},{"@type":"ListItem","position":2,"name":"La empresa"}]},{"@type":"WebSite","@id":"http:\/\/www.gruetzi.es\/web-low-cost\/#website","url":"http:\/\/www.gruetzi.es\/web-low-cost\/","name":"P\u00c1GINA WEB GRATIS*, by Gruetzi - Tu p\u00e1gina web al mejor precio","description":"La p\u00e1gina web gratis pensada para nuevos negocios, aut\u00f3nomos y pymes con servicio de posicionamiento SEO y mantenimiento web. Una web creada por profesionales.","potentialAction":[{"@type":"SearchAction","target":{"@type":"EntryPoint","urlTemplate":"http:\/\/www.gruetzi.es\/web-low-cost\/?s={search_term_string}"},"query-input":{"@type":"PropertyValueSpecification","valueRequired":true,"valueName":"search_term_string"}}],"inLanguage":"es"}]}},"_links":{"self":[{"href":"https:\/\/www.gruetzi.es\/web-low-cost\/wp-json\/wp\/v2\/pages\/55","targetHints":{"allow":["GET"]}}],"collection":[{"href":"https:\/\/www.gruetzi.es\/web-low-cost\/wp-json\/wp\/v2\/pages"}],"about":[{"href":"https:\/\/www.gruetzi.es\/web-low-cost\/wp-json\/wp\/v2\/types\/page"}],"author":[{"embeddable":true,"href":"https:\/\/www.gruetzi.es\/web-low-cost\/wp-json\/wp\/v2\/users\/1"}],"replies":[{"embeddable":true,"href":"https:\/\/www.gruetzi.es\/web-low-cost\/wp-json\/wp\/v2\/comments?post=55"}],"version-history":[{"count":27,"href":"https:\/\/www.gruetzi.es\/web-low-cost\/wp-json\/wp\/v2\/pages\/55\/revisions"}],"predecessor-version":[{"id":415,"href":"https:\/\/www.gruetzi.es\/web-low-cost\/wp-json\/wp\/v2\/pages\/55\/revisions\/415"}],"wp:attachment":[{"href":"https:\/\/www.gruetzi.es\/web-low-cost\/wp-json\/wp\/v2\/media?parent=55"}],"curies":[{"name":"wp","href":"https:\/\/api.w.org\/{rel}","templated":true}]}}