{"id":57,"date":"2015-04-13T19:48:49","date_gmt":"2015-04-13T19:48:49","guid":{"rendered":"http:\/\/www.gruetzi.es\/web-low-cost\/?page_id=57"},"modified":"2018-10-15T23:02:57","modified_gmt":"2018-10-15T21:02:57","slug":"el-equipo-pagina-gratis-profesional","status":"publish","type":"page","link":"https:\/\/www.gruetzi.es\/web-low-cost\/el-equipo-pagina-gratis-profesional\/","title":{"rendered":"El equipo"},"content":{"rendered":"<p><strong><a href=\"http:\/\/www.gruetzi.es\/web-low-cost\/wp-content\/uploads\/2015\/04\/pagina-web-profesional-low-cost-retrato-equipo-02.png\"><img loading=\"lazy\" decoding=\"async\" class=\" wp-image-219 size-full alignleft\" src=\"http:\/\/www.gruetzi.es\/web-low-cost\/wp-content\/uploads\/2015\/04\/pagina-web-profesional-low-cost-retrato-equipo-02.png\" alt=\"\" width=\"135\" height=\"135\" srcset=\"https:\/\/www.gruetzi.es\/web-low-cost\/wp-content\/uploads\/2015\/04\/pagina-web-profesional-low-cost-retrato-equipo-02.png 135w, https:\/\/www.gruetzi.es\/web-low-cost\/wp-content\/uploads\/2015\/04\/pagina-web-profesional-low-cost-retrato-equipo-02-100x100.png 100w\" sizes=\"auto, (max-width: 135px) 100vw, 135px\" \/><\/a>LORENZO IPSUM<\/strong><br \/>\nAqu\u00ed te ponemos un ejemplo de c\u00f3mo puede ser este espacio dedicado a hablar del equipo o de lo que t\u00fa quieras.<\/p>\n<p>Por ejemplo, el equipo de La Low Cost est\u00e1 formado por miembros de la agencia de desarrollo web, dise\u00f1o gr\u00e1fico y publicidad <a href=\"http:\/\/www.gruetzi.es\/\" target=\"_blank\" rel=\"noopener\">Gruetzi<\/a>.<\/p>\n<p>Phasellus eu ultricies erat, sit amet malesuada nulla. Vestibulum ante ipsum primis in faucibus orci luctus et ultrices posuere cubilia Curae; Suspendisse et ante sed diam faucibus rutrum. Curabitur nec bibendum arcu. Nulla auctor consectetur nibh ac pellentesque. Quisque vulputate bibendum justo, at laoreet purus condimentum et. Lorem ipsum dolor sit amet, consectetur adipiscing elit. In finibus consectetur sollicitudin.<\/p>\n<blockquote><p>\u201cLa P\u00e1gina Web tan low cost que es GRATIS* hecha por verdaderos profesionales.\u201d<\/p><\/blockquote>\n<p>&nbsp;<\/p>\n<p><strong><a href=\"http:\/\/www.gruetzi.es\/web-low-cost\/wp-content\/uploads\/2015\/04\/pagina-web-profesional-low-cost-retrato-equipo-01.png\"><img loading=\"lazy\" decoding=\"async\" class=\" wp-image-218 size-full alignleft\" src=\"http:\/\/www.gruetzi.es\/web-low-cost\/wp-content\/uploads\/2015\/04\/pagina-web-profesional-low-cost-retrato-equipo-01.png\" alt=\"\" width=\"135\" height=\"135\" srcset=\"https:\/\/www.gruetzi.es\/web-low-cost\/wp-content\/uploads\/2015\/04\/pagina-web-profesional-low-cost-retrato-equipo-01.png 135w, https:\/\/www.gruetzi.es\/web-low-cost\/wp-content\/uploads\/2015\/04\/pagina-web-profesional-low-cost-retrato-equipo-01-100x100.png 100w\" sizes=\"auto, (max-width: 135px) 100vw, 135px\" \/><\/a>ANA LOREM<\/strong><br \/>\nPodemos contar sobre los cargos de cada miembro del equipo, sus funciones, algo de su curriculum. O podemos dedicar este punto de men\u00fa a otro contenido de inter\u00e9s para el usuario.<\/p>\n<p>Fusce convallis tellus at venenatis venenatis. Donec vel ornare massa, eget efficitur justo. Vivamus nec enim non tortor volutpat molestie non id sapien. Nunc eget tellus a nulla placerat convallis. Nam vitae augue ex. Suspendisse tristique auctor congue. Aliquam quis libero id elit luctus feugiat et sit amet risus. Nullam feugiat feugiat dictum. Sed ut vestibulum ante. Integer eleifend sapien purus, ut suscipit justo maximus id.<\/p>\n<p>&nbsp;<\/p>\n<blockquote><p>\u201cP\u00e1gina Web Low Cost hecha por profesionales con la que en poco tiempo tengo resultados y me queda la inversi\u00f3n amortizada.\u201d<\/p><\/blockquote>\n<h1 style=\"text-align: center;\">Queremos hacer tu p\u00e1gina GRATIS* y que tengas los mejores resultados online.<\/h1>\n<p>&nbsp;<\/p>\n<h1 style=\"text-align: center;\">CONTR\u00c1TALA <a href=\"http:\/\/www.gruetzi.es\/web-low-cost\/contacto\/\">AQU\u00cd<\/a>.<\/h1>\n<p>&nbsp;<\/p>\n<p style=\"text-align: center;\"><em>*Contratando el servicio de posicionamiento natural en buscadores (SEO), actualizaciones de contenido y mantenimiento web por solo 70\u20ac +IVA al mes (compromiso de permanencia: 12 meses).<br \/>\n<\/em><\/p>\n<p>&nbsp;<\/p>\n<p>&nbsp;<\/p>\n<p><span style=\"border-radius: 2px; text-indent: 20px; width: auto; padding: 0px 4px 0px 0px; text-align: center; font: bold 11px\/20px 'Helvetica Neue',Helvetica,sans-serif; color: #ffffff; background: #bd081c no-repeat scroll 3px 50% \/ 14px 14px; position: absolute; opacity: 1; z-index: 8675309; display: none; cursor: pointer;\">Guardar<\/span><\/p>\n<p><span style=\"border-radius: 2px; text-indent: 20px; width: auto; padding: 0px 4px 0px 0px; text-align: center; font: bold 11px\/20px 'Helvetica Neue',Helvetica,sans-serif; color: #ffffff; background: #bd081c no-repeat scroll 3px 50% \/ 14px 14px; position: absolute; opacity: 1; z-index: 8675309; display: none; cursor: pointer;\">Guardar<\/span><\/p>\n","protected":false},"excerpt":{"rendered":"<p>LORENZO IPSUM Aqu\u00ed te ponemos un ejemplo de c\u00f3mo puede ser este espacio dedicado a hablar del equipo o de lo que t\u00fa quieras. Por ejemplo, el equipo de La Low Cost est\u00e1 formado por miembros de la agencia de desarrollo web, dise\u00f1o gr\u00e1fico y publicidad Gruetzi. Phasellus eu ultricies erat, sit amet malesuada nulla. Vestibulum ante ipsum primis in faucibus orci luctus et ultrices posuere cubilia Curae; Suspendisse et ante sed diam faucibus rutrum. Curabitur nec bibendum arcu. Nulla&hellip; <\/p>\n","protected":false},"author":1,"featured_media":0,"parent":0,"menu_order":0,"comment_status":"closed","ping_status":"open","template":"","meta":{"_monsterinsights_skip_tracking":false,"_monsterinsights_sitenote_active":false,"_monsterinsights_sitenote_note":"","_monsterinsights_sitenote_category":0,"footnotes":""},"class_list":["post-57","page","type-page","status-publish","hentry"],"yoast_head":"<!-- This site is optimized with the Yoast SEO plugin v27.4 - https:\/\/yoast.com\/product\/yoast-seo-wordpress\/ -->\n<title>P\u00e1gina web GRATIS hecha por profesionales<\/title>\n<meta name=\"description\" content=\"Consigue tu p\u00e1gina web GRATIS contratando el servicio de posicionamiento en buscadores, actualizaciones de contenido y SEO por solo 70\u20ac+IVA\/mes\" \/>\n<meta name=\"robots\" content=\"index, follow, max-snippet:-1, max-image-preview:large, max-video-preview:-1\" \/>\n<link rel=\"canonical\" href=\"https:\/\/www.gruetzi.es\/web-low-cost\/el-equipo-pagina-gratis-profesional\/\" \/>\n<meta property=\"og:locale\" content=\"es_ES\" \/>\n<meta property=\"og:type\" content=\"article\" \/>\n<meta property=\"og:title\" content=\"P\u00e1gina web GRATIS hecha por profesionales\" \/>\n<meta property=\"og:description\" content=\"Consigue tu p\u00e1gina web GRATIS contratando el servicio de posicionamiento en buscadores, actualizaciones de contenido y SEO por solo 70\u20ac+IVA\/mes\" \/>\n<meta property=\"og:url\" content=\"https:\/\/www.gruetzi.es\/web-low-cost\/el-equipo-pagina-gratis-profesional\/\" \/>\n<meta property=\"og:site_name\" content=\"P\u00c1GINA WEB GRATIS*, by Gruetzi - Tu p\u00e1gina web al mejor precio\" \/>\n<meta property=\"article:modified_time\" content=\"2018-10-15T21:02:57+00:00\" \/>\n<meta property=\"og:image\" content=\"http:\/\/www.gruetzi.es\/web-low-cost\/wp-content\/uploads\/2015\/04\/pagina-web-profesional-low-cost-retrato-equipo-02.png\" \/>\n<meta name=\"twitter:card\" content=\"summary_large_image\" \/>\n<meta name=\"twitter:label1\" content=\"Tiempo de lectura\" \/>\n\t<meta name=\"twitter:data1\" content=\"1 minuto\" \/>\n<script type=\"application\/ld+json\" class=\"yoast-schema-graph\">{\"@context\":\"https:\\\/\\\/schema.org\",\"@graph\":[{\"@type\":\"WebPage\",\"@id\":\"https:\\\/\\\/www.gruetzi.es\\\/web-low-cost\\\/el-equipo-pagina-gratis-profesional\\\/\",\"url\":\"https:\\\/\\\/www.gruetzi.es\\\/web-low-cost\\\/el-equipo-pagina-gratis-profesional\\\/\",\"name\":\"P\u00e1gina web GRATIS hecha por profesionales\",\"isPartOf\":{\"@id\":\"http:\\\/\\\/www.gruetzi.es\\\/web-low-cost\\\/#website\"},\"primaryImageOfPage\":{\"@id\":\"https:\\\/\\\/www.gruetzi.es\\\/web-low-cost\\\/el-equipo-pagina-gratis-profesional\\\/#primaryimage\"},\"image\":{\"@id\":\"https:\\\/\\\/www.gruetzi.es\\\/web-low-cost\\\/el-equipo-pagina-gratis-profesional\\\/#primaryimage\"},\"thumbnailUrl\":\"http:\\\/\\\/www.gruetzi.es\\\/web-low-cost\\\/wp-content\\\/uploads\\\/2015\\\/04\\\/pagina-web-profesional-low-cost-retrato-equipo-02.png\",\"datePublished\":\"2015-04-13T19:48:49+00:00\",\"dateModified\":\"2018-10-15T21:02:57+00:00\",\"description\":\"Consigue tu p\u00e1gina web GRATIS contratando el servicio de posicionamiento en buscadores, actualizaciones de contenido y SEO por solo 70\u20ac+IVA\\\/mes\",\"breadcrumb\":{\"@id\":\"https:\\\/\\\/www.gruetzi.es\\\/web-low-cost\\\/el-equipo-pagina-gratis-profesional\\\/#breadcrumb\"},\"inLanguage\":\"es\",\"potentialAction\":[{\"@type\":\"ReadAction\",\"target\":[\"https:\\\/\\\/www.gruetzi.es\\\/web-low-cost\\\/el-equipo-pagina-gratis-profesional\\\/\"]}]},{\"@type\":\"ImageObject\",\"inLanguage\":\"es\",\"@id\":\"https:\\\/\\\/www.gruetzi.es\\\/web-low-cost\\\/el-equipo-pagina-gratis-profesional\\\/#primaryimage\",\"url\":\"https:\\\/\\\/www.gruetzi.es\\\/web-low-cost\\\/wp-content\\\/uploads\\\/2015\\\/04\\\/pagina-web-profesional-low-cost-retrato-equipo-02.png\",\"contentUrl\":\"https:\\\/\\\/www.gruetzi.es\\\/web-low-cost\\\/wp-content\\\/uploads\\\/2015\\\/04\\\/pagina-web-profesional-low-cost-retrato-equipo-02.png\",\"width\":135,\"height\":135},{\"@type\":\"BreadcrumbList\",\"@id\":\"https:\\\/\\\/www.gruetzi.es\\\/web-low-cost\\\/el-equipo-pagina-gratis-profesional\\\/#breadcrumb\",\"itemListElement\":[{\"@type\":\"ListItem\",\"position\":1,\"name\":\"Portada\",\"item\":\"http:\\\/\\\/www.gruetzi.es\\\/web-low-cost\\\/\"},{\"@type\":\"ListItem\",\"position\":2,\"name\":\"El equipo\"}]},{\"@type\":\"WebSite\",\"@id\":\"http:\\\/\\\/www.gruetzi.es\\\/web-low-cost\\\/#website\",\"url\":\"http:\\\/\\\/www.gruetzi.es\\\/web-low-cost\\\/\",\"name\":\"P\u00c1GINA WEB GRATIS*, by Gruetzi - Tu p\u00e1gina web al mejor precio\",\"description\":\"La p\u00e1gina web gratis pensada para nuevos negocios, aut\u00f3nomos y pymes con servicio de posicionamiento SEO y mantenimiento web. Una web creada por profesionales.\",\"potentialAction\":[{\"@type\":\"SearchAction\",\"target\":{\"@type\":\"EntryPoint\",\"urlTemplate\":\"http:\\\/\\\/www.gruetzi.es\\\/web-low-cost\\\/?s={search_term_string}\"},\"query-input\":{\"@type\":\"PropertyValueSpecification\",\"valueRequired\":true,\"valueName\":\"search_term_string\"}}],\"inLanguage\":\"es\"}]}<\/script>\n<!-- \/ Yoast SEO plugin. -->","yoast_head_json":{"title":"P\u00e1gina web GRATIS hecha por profesionales","description":"Consigue tu p\u00e1gina web GRATIS contratando el servicio de posicionamiento en buscadores, actualizaciones de contenido y SEO por solo 70\u20ac+IVA\/mes","robots":{"index":"index","follow":"follow","max-snippet":"max-snippet:-1","max-image-preview":"max-image-preview:large","max-video-preview":"max-video-preview:-1"},"canonical":"https:\/\/www.gruetzi.es\/web-low-cost\/el-equipo-pagina-gratis-profesional\/","og_locale":"es_ES","og_type":"article","og_title":"P\u00e1gina web GRATIS hecha por profesionales","og_description":"Consigue tu p\u00e1gina web GRATIS contratando el servicio de posicionamiento en buscadores, actualizaciones de contenido y SEO por solo 70\u20ac+IVA\/mes","og_url":"https:\/\/www.gruetzi.es\/web-low-cost\/el-equipo-pagina-gratis-profesional\/","og_site_name":"P\u00c1GINA WEB GRATIS*, by Gruetzi - Tu p\u00e1gina web al mejor precio","article_modified_time":"2018-10-15T21:02:57+00:00","og_image":[{"url":"http:\/\/www.gruetzi.es\/web-low-cost\/wp-content\/uploads\/2015\/04\/pagina-web-profesional-low-cost-retrato-equipo-02.png","type":"","width":"","height":""}],"twitter_card":"summary_large_image","twitter_misc":{"Tiempo de lectura":"1 minuto"},"schema":{"@context":"https:\/\/schema.org","@graph":[{"@type":"WebPage","@id":"https:\/\/www.gruetzi.es\/web-low-cost\/el-equipo-pagina-gratis-profesional\/","url":"https:\/\/www.gruetzi.es\/web-low-cost\/el-equipo-pagina-gratis-profesional\/","name":"P\u00e1gina web GRATIS hecha por profesionales","isPartOf":{"@id":"http:\/\/www.gruetzi.es\/web-low-cost\/#website"},"primaryImageOfPage":{"@id":"https:\/\/www.gruetzi.es\/web-low-cost\/el-equipo-pagina-gratis-profesional\/#primaryimage"},"image":{"@id":"https:\/\/www.gruetzi.es\/web-low-cost\/el-equipo-pagina-gratis-profesional\/#primaryimage"},"thumbnailUrl":"http:\/\/www.gruetzi.es\/web-low-cost\/wp-content\/uploads\/2015\/04\/pagina-web-profesional-low-cost-retrato-equipo-02.png","datePublished":"2015-04-13T19:48:49+00:00","dateModified":"2018-10-15T21:02:57+00:00","description":"Consigue tu p\u00e1gina web GRATIS contratando el servicio de posicionamiento en buscadores, actualizaciones de contenido y SEO por solo 70\u20ac+IVA\/mes","breadcrumb":{"@id":"https:\/\/www.gruetzi.es\/web-low-cost\/el-equipo-pagina-gratis-profesional\/#breadcrumb"},"inLanguage":"es","potentialAction":[{"@type":"ReadAction","target":["https:\/\/www.gruetzi.es\/web-low-cost\/el-equipo-pagina-gratis-profesional\/"]}]},{"@type":"ImageObject","inLanguage":"es","@id":"https:\/\/www.gruetzi.es\/web-low-cost\/el-equipo-pagina-gratis-profesional\/#primaryimage","url":"https:\/\/www.gruetzi.es\/web-low-cost\/wp-content\/uploads\/2015\/04\/pagina-web-profesional-low-cost-retrato-equipo-02.png","contentUrl":"https:\/\/www.gruetzi.es\/web-low-cost\/wp-content\/uploads\/2015\/04\/pagina-web-profesional-low-cost-retrato-equipo-02.png","width":135,"height":135},{"@type":"BreadcrumbList","@id":"https:\/\/www.gruetzi.es\/web-low-cost\/el-equipo-pagina-gratis-profesional\/#breadcrumb","itemListElement":[{"@type":"ListItem","position":1,"name":"Portada","item":"http:\/\/www.gruetzi.es\/web-low-cost\/"},{"@type":"ListItem","position":2,"name":"El equipo"}]},{"@type":"WebSite","@id":"http:\/\/www.gruetzi.es\/web-low-cost\/#website","url":"http:\/\/www.gruetzi.es\/web-low-cost\/","name":"P\u00c1GINA WEB GRATIS*, by Gruetzi - Tu p\u00e1gina web al mejor precio","description":"La p\u00e1gina web gratis pensada para nuevos negocios, aut\u00f3nomos y pymes con servicio de posicionamiento SEO y mantenimiento web. Una web creada por profesionales.","potentialAction":[{"@type":"SearchAction","target":{"@type":"EntryPoint","urlTemplate":"http:\/\/www.gruetzi.es\/web-low-cost\/?s={search_term_string}"},"query-input":{"@type":"PropertyValueSpecification","valueRequired":true,"valueName":"search_term_string"}}],"inLanguage":"es"}]}},"_links":{"self":[{"href":"https:\/\/www.gruetzi.es\/web-low-cost\/wp-json\/wp\/v2\/pages\/57","targetHints":{"allow":["GET"]}}],"collection":[{"href":"https:\/\/www.gruetzi.es\/web-low-cost\/wp-json\/wp\/v2\/pages"}],"about":[{"href":"https:\/\/www.gruetzi.es\/web-low-cost\/wp-json\/wp\/v2\/types\/page"}],"author":[{"embeddable":true,"href":"https:\/\/www.gruetzi.es\/web-low-cost\/wp-json\/wp\/v2\/users\/1"}],"replies":[{"embeddable":true,"href":"https:\/\/www.gruetzi.es\/web-low-cost\/wp-json\/wp\/v2\/comments?post=57"}],"version-history":[{"count":11,"href":"https:\/\/www.gruetzi.es\/web-low-cost\/wp-json\/wp\/v2\/pages\/57\/revisions"}],"predecessor-version":[{"id":396,"href":"https:\/\/www.gruetzi.es\/web-low-cost\/wp-json\/wp\/v2\/pages\/57\/revisions\/396"}],"wp:attachment":[{"href":"https:\/\/www.gruetzi.es\/web-low-cost\/wp-json\/wp\/v2\/media?parent=57"}],"curies":[{"name":"wp","href":"https:\/\/api.w.org\/{rel}","templated":true}]}}