{"id":59,"date":"2015-04-13T19:49:26","date_gmt":"2015-04-13T19:49:26","guid":{"rendered":"http:\/\/www.gruetzi.es\/web-low-cost\/?page_id=59"},"modified":"2017-09-19T11:21:36","modified_gmt":"2017-09-19T09:21:36","slug":"ejemplo-blog","status":"publish","type":"page","link":"https:\/\/www.gruetzi.es\/web-low-cost\/ejemplo-blog\/","title":{"rendered":"Blog"},"content":{"rendered":"","protected":false},"excerpt":{"rendered":"","protected":false},"author":1,"featured_media":0,"parent":0,"menu_order":0,"comment_status":"closed","ping_status":"open","template":"page-templates\/page-template-blog-image-large.php","meta":{"_monsterinsights_skip_tracking":false,"_monsterinsights_sitenote_active":false,"_monsterinsights_sitenote_note":"","_monsterinsights_sitenote_category":0,"footnotes":""},"class_list":["post-59","page","type-page","status-publish","hentry"],"yoast_head":"<!-- This site is optimized with the Yoast SEO plugin v27.6 - https:\/\/yoast.com\/product\/yoast-seo-wordpress\/ -->\n<title>LA LOW COST, by Gruetzi | P\u00e1gina de ejemplo | Blog<\/title>\n<meta name=\"description\" content=\"Tu Web Low Cost hecha por profesionales por s\u00f3lo 299\u20ac+IVA, vinculado a un servicio de SEO y actualizaciones de contenido y software por 50\u20ac+IVA\/mes.\" \/>\n<meta name=\"robots\" content=\"index, follow, max-snippet:-1, max-image-preview:large, max-video-preview:-1\" \/>\n<link rel=\"canonical\" href=\"http:\/\/www.gruetzi.es\/web-low-cost\/ejemplo-blog\/\" \/>\n<meta property=\"og:locale\" content=\"es_ES\" \/>\n<meta property=\"og:type\" content=\"article\" \/>\n<meta property=\"og:title\" content=\"LA LOW COST, by Gruetzi | P\u00e1gina de ejemplo | Blog\" \/>\n<meta property=\"og:description\" content=\"Tu Web Low Cost hecha por profesionales por s\u00f3lo 299\u20ac+IVA, vinculado a un servicio de SEO y actualizaciones de contenido y software por 50\u20ac+IVA\/mes.\" \/>\n<meta property=\"og:url\" content=\"http:\/\/www.gruetzi.es\/web-low-cost\/ejemplo-blog\/\" \/>\n<meta property=\"og:site_name\" content=\"P\u00c1GINA WEB GRATIS*, by Gruetzi - Tu p\u00e1gina web al mejor precio\" \/>\n<meta property=\"article:modified_time\" content=\"2017-09-19T09:21:36+00:00\" \/>\n<meta name=\"twitter:card\" content=\"summary_large_image\" \/>\n<script type=\"application\/ld+json\" class=\"yoast-schema-graph\">{\"@context\":\"https:\\\/\\\/schema.org\",\"@graph\":[{\"@type\":\"WebPage\",\"@id\":\"http:\\\/\\\/www.gruetzi.es\\\/web-low-cost\\\/ejemplo-blog\\\/\",\"url\":\"http:\\\/\\\/www.gruetzi.es\\\/web-low-cost\\\/ejemplo-blog\\\/\",\"name\":\"LA LOW COST, by Gruetzi | P\u00e1gina de ejemplo | Blog\",\"isPartOf\":{\"@id\":\"http:\\\/\\\/www.gruetzi.es\\\/web-low-cost\\\/#website\"},\"datePublished\":\"2015-04-13T19:49:26+00:00\",\"dateModified\":\"2017-09-19T09:21:36+00:00\",\"description\":\"Tu Web Low Cost hecha por profesionales por s\u00f3lo 299\u20ac+IVA, vinculado a un servicio de SEO y actualizaciones de contenido y software por 50\u20ac+IVA\\\/mes.\",\"breadcrumb\":{\"@id\":\"http:\\\/\\\/www.gruetzi.es\\\/web-low-cost\\\/ejemplo-blog\\\/#breadcrumb\"},\"inLanguage\":\"es\",\"potentialAction\":[{\"@type\":\"ReadAction\",\"target\":[\"http:\\\/\\\/www.gruetzi.es\\\/web-low-cost\\\/ejemplo-blog\\\/\"]}]},{\"@type\":\"BreadcrumbList\",\"@id\":\"http:\\\/\\\/www.gruetzi.es\\\/web-low-cost\\\/ejemplo-blog\\\/#breadcrumb\",\"itemListElement\":[{\"@type\":\"ListItem\",\"position\":1,\"name\":\"Portada\",\"item\":\"http:\\\/\\\/www.gruetzi.es\\\/web-low-cost\\\/\"},{\"@type\":\"ListItem\",\"position\":2,\"name\":\"Blog\"}]},{\"@type\":\"WebSite\",\"@id\":\"http:\\\/\\\/www.gruetzi.es\\\/web-low-cost\\\/#website\",\"url\":\"http:\\\/\\\/www.gruetzi.es\\\/web-low-cost\\\/\",\"name\":\"P\u00c1GINA WEB GRATIS*, by Gruetzi - Tu p\u00e1gina web al mejor precio\",\"description\":\"La p\u00e1gina web gratis pensada para nuevos negocios, aut\u00f3nomos y pymes con servicio de posicionamiento SEO y mantenimiento web. Una web creada por profesionales.\",\"potentialAction\":[{\"@type\":\"SearchAction\",\"target\":{\"@type\":\"EntryPoint\",\"urlTemplate\":\"http:\\\/\\\/www.gruetzi.es\\\/web-low-cost\\\/?s={search_term_string}\"},\"query-input\":{\"@type\":\"PropertyValueSpecification\",\"valueRequired\":true,\"valueName\":\"search_term_string\"}}],\"inLanguage\":\"es\"}]}<\/script>\n<!-- \/ Yoast SEO plugin. -->","yoast_head_json":{"title":"LA LOW COST, by Gruetzi | P\u00e1gina de ejemplo | Blog","description":"Tu Web Low Cost hecha por profesionales por s\u00f3lo 299\u20ac+IVA, vinculado a un servicio de SEO y actualizaciones de contenido y software por 50\u20ac+IVA\/mes.","robots":{"index":"index","follow":"follow","max-snippet":"max-snippet:-1","max-image-preview":"max-image-preview:large","max-video-preview":"max-video-preview:-1"},"canonical":"http:\/\/www.gruetzi.es\/web-low-cost\/ejemplo-blog\/","og_locale":"es_ES","og_type":"article","og_title":"LA LOW COST, by Gruetzi | P\u00e1gina de ejemplo | Blog","og_description":"Tu Web Low Cost hecha por profesionales por s\u00f3lo 299\u20ac+IVA, vinculado a un servicio de SEO y actualizaciones de contenido y software por 50\u20ac+IVA\/mes.","og_url":"http:\/\/www.gruetzi.es\/web-low-cost\/ejemplo-blog\/","og_site_name":"P\u00c1GINA WEB GRATIS*, by Gruetzi - Tu p\u00e1gina web al mejor precio","article_modified_time":"2017-09-19T09:21:36+00:00","twitter_card":"summary_large_image","schema":{"@context":"https:\/\/schema.org","@graph":[{"@type":"WebPage","@id":"http:\/\/www.gruetzi.es\/web-low-cost\/ejemplo-blog\/","url":"http:\/\/www.gruetzi.es\/web-low-cost\/ejemplo-blog\/","name":"LA LOW COST, by Gruetzi | P\u00e1gina de ejemplo | Blog","isPartOf":{"@id":"http:\/\/www.gruetzi.es\/web-low-cost\/#website"},"datePublished":"2015-04-13T19:49:26+00:00","dateModified":"2017-09-19T09:21:36+00:00","description":"Tu Web Low Cost hecha por profesionales por s\u00f3lo 299\u20ac+IVA, vinculado a un servicio de SEO y actualizaciones de contenido y software por 50\u20ac+IVA\/mes.","breadcrumb":{"@id":"http:\/\/www.gruetzi.es\/web-low-cost\/ejemplo-blog\/#breadcrumb"},"inLanguage":"es","potentialAction":[{"@type":"ReadAction","target":["http:\/\/www.gruetzi.es\/web-low-cost\/ejemplo-blog\/"]}]},{"@type":"BreadcrumbList","@id":"http:\/\/www.gruetzi.es\/web-low-cost\/ejemplo-blog\/#breadcrumb","itemListElement":[{"@type":"ListItem","position":1,"name":"Portada","item":"http:\/\/www.gruetzi.es\/web-low-cost\/"},{"@type":"ListItem","position":2,"name":"Blog"}]},{"@type":"WebSite","@id":"http:\/\/www.gruetzi.es\/web-low-cost\/#website","url":"http:\/\/www.gruetzi.es\/web-low-cost\/","name":"P\u00c1GINA WEB GRATIS*, by Gruetzi - Tu p\u00e1gina web al mejor precio","description":"La p\u00e1gina web gratis pensada para nuevos negocios, aut\u00f3nomos y pymes con servicio de posicionamiento SEO y mantenimiento web. Una web creada por profesionales.","potentialAction":[{"@type":"SearchAction","target":{"@type":"EntryPoint","urlTemplate":"http:\/\/www.gruetzi.es\/web-low-cost\/?s={search_term_string}"},"query-input":{"@type":"PropertyValueSpecification","valueRequired":true,"valueName":"search_term_string"}}],"inLanguage":"es"}]}},"_links":{"self":[{"href":"https:\/\/www.gruetzi.es\/web-low-cost\/wp-json\/wp\/v2\/pages\/59","targetHints":{"allow":["GET"]}}],"collection":[{"href":"https:\/\/www.gruetzi.es\/web-low-cost\/wp-json\/wp\/v2\/pages"}],"about":[{"href":"https:\/\/www.gruetzi.es\/web-low-cost\/wp-json\/wp\/v2\/types\/page"}],"author":[{"embeddable":true,"href":"https:\/\/www.gruetzi.es\/web-low-cost\/wp-json\/wp\/v2\/users\/1"}],"replies":[{"embeddable":true,"href":"https:\/\/www.gruetzi.es\/web-low-cost\/wp-json\/wp\/v2\/comments?post=59"}],"version-history":[{"count":1,"href":"https:\/\/www.gruetzi.es\/web-low-cost\/wp-json\/wp\/v2\/pages\/59\/revisions"}],"predecessor-version":[{"id":297,"href":"https:\/\/www.gruetzi.es\/web-low-cost\/wp-json\/wp\/v2\/pages\/59\/revisions\/297"}],"wp:attachment":[{"href":"https:\/\/www.gruetzi.es\/web-low-cost\/wp-json\/wp\/v2\/media?parent=59"}],"curies":[{"name":"wp","href":"https:\/\/api.w.org\/{rel}","templated":true}]}}